{"id":1241,"date":"2019-04-17T14:00:41","date_gmt":"2019-04-17T14:00:41","guid":{"rendered":"http:\/\/verticalemotions.com\/?page_id=1241"},"modified":"2022-07-19T16:47:25","modified_gmt":"2022-07-19T14:47:25","slug":"multiactivitats","status":"publish","type":"page","link":"https:\/\/cataloniaexperience.com\/ca\/activitats-escoles\/multiactivitats\/","title":{"rendered":"Multiactivitats"},"content":{"rendered":"\t\t<div data-elementor-type=\"wp-post\" data-elementor-id=\"1241\" class=\"elementor elementor-1241\" data-elementor-post-type=\"page\">\n\t\t\t\t\t\t<section class=\"has_ae_slider elementor-section elementor-top-section elementor-element elementor-element-1f00313 elementor-section-full_width elementor-section-height-default elementor-section-height-default ae-bg-gallery-type-default\" data-id=\"1f00313\" data-element_type=\"section\" data-e-type=\"section\" data-settings=\"{&quot;background_background&quot;:&quot;classic&quot;}\">\n\t\t\t\t\t\t<div class=\"elementor-container elementor-column-gap-default\">\n\t\t\t\t\t<div class=\"has_ae_slider elementor-column elementor-col-100 elementor-top-column elementor-element elementor-element-7d95871 elementor-hidden-phone ae-bg-gallery-type-default\" data-id=\"7d95871\" data-element_type=\"column\" data-e-type=\"column\" data-settings=\"{&quot;background_background&quot;:&quot;classic&quot;}\">\n\t\t\t<div class=\"elementor-widget-wrap elementor-element-populated\">\n\t\t\t\t\t<div class=\"elementor-background-overlay\"><\/div>\n\t\t\t\t\t\t<div class=\"elementor-element elementor-element-a6fc9ce elementor-widget elementor-widget-text-editor\" data-id=\"a6fc9ce\" data-element_type=\"widget\" data-e-type=\"widget\" data-widget_type=\"text-editor.default\">\n\t\t\t\t<div class=\"elementor-widget-container\">\n\t\t\t\t\t\t\t\t\t<form autocomplete=\"off\" action=\"https:\/\/cataloniaexperience.com\/ca\/resultats-filtre\/\" method=\"get\" class=\"wpv-filter-form js-wpv-filter-form js-wpv-filter-form-473 js-wpv-form-only js-wpv-dps-enabled\" data-viewnumber=\"473\" data-targetid=\"490\" data-viewid=\"473\" data-viewhash=\"eyJuYW1lIjoiY2VyY2Fkb3ItYWN0aXZpdGF0cyIsInRhcmdldF9pZCI6IjQ5MCJ9\" data-viewwidgetid=\"0\" data-orderby=\"\" data-order=\"\" data-orderbyas=\"\" data-orderbysecond=\"\" data-ordersecond=\"\" data-parametric=\"{&quot;query&quot;:&quot;normal&quot;,&quot;id&quot;:&quot;473&quot;,&quot;view_id&quot;:&quot;473&quot;,&quot;widget_id&quot;:0,&quot;view_hash&quot;:&quot;473&quot;,&quot;action&quot;:&quot;https:\/\/cataloniaexperience.com\/ca\/resultats-filtre\/&quot;,&quot;sort&quot;:{&quot;orderby&quot;:&quot;&quot;,&quot;order&quot;:&quot;&quot;,&quot;orderby_as&quot;:&quot;&quot;,&quot;orderby_second&quot;:&quot;&quot;,&quot;order_second&quot;:&quot;&quot;},&quot;orderby&quot;:&quot;&quot;,&quot;order&quot;:&quot;&quot;,&quot;orderby_as&quot;:&quot;&quot;,&quot;orderby_second&quot;:&quot;&quot;,&quot;order_second&quot;:&quot;&quot;,&quot;ajax_form&quot;:&quot;&quot;,&quot;ajax_results&quot;:&quot;&quot;,&quot;effect&quot;:&quot;fade&quot;,&quot;prebefore&quot;:&quot;&quot;,&quot;before&quot;:&quot;&quot;,&quot;after&quot;:&quot;&quot;,&quot;attributes&quot;:[],&quot;environment&quot;:{&quot;current_post_id&quot;:0,&quot;parent_post_id&quot;:0,&quot;parent_term_id&quot;:0,&quot;parent_user_id&quot;:0,&quot;archive&quot;:{&quot;type&quot;:&quot;&quot;,&quot;name&quot;:&quot;&quot;,&quot;data&quot;:[]}},&quot;loop&quot;:{&quot;type&quot;:&quot;&quot;,&quot;name&quot;:&quot;&quot;,&quot;data&quot;:[],&quot;id&quot;:0}}\" data-attributes=\"[]\" data-environment=\"{&quot;current_post_id&quot;:0,&quot;parent_post_id&quot;:0,&quot;parent_term_id&quot;:0,&quot;parent_user_id&quot;:0,&quot;archive&quot;:{&quot;type&quot;:&quot;&quot;,&quot;name&quot;:&quot;&quot;,&quot;data&quot;:[]}}\"><input type=\"hidden\" class=\"js-wpv-dps-filter-data js-wpv-filter-data-for-this-form\" data-action=\"https:\/\/cataloniaexperience.com\/ca\/resultats-filtre\/\" data-page=\"1\" data-ajax=\"disable\" data-effect=\"fade\" data-ajaxprebefore=\"\" data-ajaxbefore=\"\" data-ajaxafter=\"\" \/><input class=\"wpv_view_count wpv_view_count-473\" type=\"hidden\" name=\"wpv_view_count\" value=\"473\" \/>\n\n<div class=\"form-group inicerca\">\n  <div class=\"row cercador\" style=\"margin:0px;\">\n\t<div class=\"col-sm-3 filtres\"><select name=\"wpv-que-vull\" class=\"js-wpv-filter-trigger form-control\"><option selected='selected' value=\"0\">Que vull?<\/option><option value=\"activitat-guiada\">Activitat guiada<\/option><option value=\"activitat-escoles\">Activitat per escoles<\/option><option value=\"formacio-curs\">Formaci\u00f3\/Curs<\/option><option value=\"viatjar\">Viatjar<\/option><\/select>\n<\/div>\n\t<div class=\"col-sm-3 filtres\"><select name=\"wpv-tipus-o-modalitat\" class=\"js-wpv-filter-trigger form-control\"><option selected='selected' value=\"0\">Modalitat<\/option><option value=\"alpinisme\">Alpinisme<\/option><option value=\"barranquisme\">Barranquisme<\/option><option value=\"campaments\">Campaments<\/option><option value=\"cicloturisme-i-btt\">Cicloturisme i BTT<\/option><option value=\"coastering-costa-brava\">Coastering Costa Brava<\/option><option value=\"escalada-en-gel\">Escalada en gel<\/option><option value=\"escalada-en-roca\">Escalada en roca<\/option><option value=\"escola-alpinisme\">Escola d&#8217;alpinisme<\/option><option value=\"esqui-a-pista\">Esqu\u00ed a pista<\/option><option value=\"esqui-de-muntanya\">Esqu\u00ed de muntanya<\/option><option value=\"extraescolars\">Extraescolars<\/option><option value=\"marxa-nordica\">Marxa n\u00f2rdica<\/option><option value=\"colonies\">&nbsp;&nbsp;-Col\u00f2nies<\/option><option value=\"multiactivitats\">&nbsp;&nbsp;-Multiactivitats<\/option><option value=\"raquetes-de-neu\">Raquetes de neu<\/option><option value=\"rescat-en-allaus\">Rescat en allaus<\/option><option value=\"senderisme-i-trekking\">Senderisme<\/option><option value=\"via-ferrada\">Via ferrada<\/option><option value=\"water-trekking\">Water trekking<\/option><\/select><\/div>\n\t<div class=\"col-sm-3 filtres\"><select id=\"wpv_control_select_wpcf-nivell-dificultat\" name=\"wpv-wpcf-nivell-dificultat\" class=\"js-wpv-filter-trigger form-control\"><option value=\"\" selected=\"selected\">Nivell de dificultat<\/option><option value=\"1\">1 Iniciaci\u00f3<\/option><option value=\"2\">Middle<\/option><option value=\"3\">Advanced<\/option><option value=\"4\">Extreme<\/option><option value=\"5\">A escollir<\/option><\/select><\/div>\n\t<div class=\"col-sm-3 boto\"><input type=\"submit\" class=\"wpv-submit-trigger js-wpv-submit-trigger btn\" name=\"wpv_filter_submit\" value=\"Cercar\" \/><\/div>\n  <\/div>\n<\/div>\n\n<\/form>\t\t\t\t\t\t\t\t<\/div>\n\t\t\t\t<\/div>\n\t\t\t\t\t<\/div>\n\t\t<\/div>\n\t\t\t\t\t<\/div>\n\t\t<\/section>\n\t\t\t\t<section class=\"has_ae_slider elementor-section elementor-top-section elementor-element elementor-element-ca5d436 elementor-section-full_width elementor-section-height-default elementor-section-height-default ae-bg-gallery-type-default\" data-id=\"ca5d436\" data-element_type=\"section\" data-e-type=\"section\">\n\t\t\t\t\t\t<div class=\"elementor-container elementor-column-gap-default\">\n\t\t\t\t\t<div class=\"has_ae_slider elementor-column elementor-col-100 elementor-top-column elementor-element elementor-element-0ac5042 ae-bg-gallery-type-default\" data-id=\"0ac5042\" data-element_type=\"column\" data-e-type=\"column\">\n\t\t\t<div class=\"elementor-widget-wrap elementor-element-populated\">\n\t\t\t\t\t\t<div class=\"elementor-element elementor-element-a2e3a1f elementor-widget elementor-widget-heading\" data-id=\"a2e3a1f\" data-element_type=\"widget\" data-e-type=\"widget\" data-widget_type=\"heading.default\">\n\t\t\t\t<div class=\"elementor-widget-container\">\n\t\t\t\t\t<h1 class=\"elementor-heading-title elementor-size-default\">MULTIACTIVITATS<\/h1>\t\t\t\t<\/div>\n\t\t\t\t<\/div>\n\t\t\t\t<div class=\"elementor-element elementor-element-43a24ac elementor-widget elementor-widget-text-editor\" data-id=\"43a24ac\" data-element_type=\"widget\" data-e-type=\"widget\" data-widget_type=\"text-editor.default\">\n\t\t\t\t<div class=\"elementor-widget-container\">\n\t\t\t\t\t\t\t\t\t<p>L\u2019equip de Vertical Emotions us proposa diverses activitats en el medi natural per fer passar als vostres alumnes una jornada plena d\u2019aventures i reptes, adequats a la seva edat, i pensats perqu\u00e8 es diverteixin mentre aprenen. Ideals per treballar el Medi Natural.<\/p>\t\t\t\t\t\t\t\t<\/div>\n\t\t\t\t<\/div>\n\t\t\t\t\t<\/div>\n\t\t<\/div>\n\t\t\t\t\t<\/div>\n\t\t<\/section>\n\t\t\t\t<section class=\"has_ae_slider elementor-section elementor-top-section elementor-element elementor-element-cbe1769 elementor-section-full_width elementor-section-height-default elementor-section-height-default ae-bg-gallery-type-default\" data-id=\"cbe1769\" data-element_type=\"section\" data-e-type=\"section\">\n\t\t\t\t\t\t<div class=\"elementor-container elementor-column-gap-default\">\n\t\t\t\t\t<div class=\"has_ae_slider elementor-column elementor-col-100 elementor-top-column elementor-element elementor-element-561fdcf ae-bg-gallery-type-default\" data-id=\"561fdcf\" data-element_type=\"column\" data-e-type=\"column\">\n\t\t\t<div class=\"elementor-widget-wrap elementor-element-populated\">\n\t\t\t\t\t\t<div class=\"elementor-element elementor-element-8d3644d elementor-widget elementor-widget-toolset-view\" data-id=\"8d3644d\" data-element_type=\"widget\" data-e-type=\"widget\" data-widget_type=\"toolset-view.default\">\n\t\t\t\t<div class=\"elementor-widget-container\">\n\t\t\t\t\t\n\n\n<div id=\"wpv-view-layout-1245\" class=\"js-wpv-view-layout js-wpv-layout-responsive js-wpv-view-layout-1245\" data-viewnumber=\"1245\" data-pagination=\"{&quot;id&quot;:1245,&quot;query&quot;:&quot;normal&quot;,&quot;type&quot;:&quot;disabled&quot;,&quot;effect&quot;:&quot;fade&quot;,&quot;duration&quot;:500,&quot;speed&quot;:5,&quot;pause_on_hover&quot;:&quot;disabled&quot;,&quot;stop_rollover&quot;:&quot;false&quot;,&quot;cache_pages&quot;:&quot;enabled&quot;,&quot;preload_images&quot;:&quot;enabled&quot;,&quot;preload_pages&quot;:&quot;enabled&quot;,&quot;preload_reach&quot;:1,&quot;spinner&quot;:&quot;builtin&quot;,&quot;spinner_image&quot;:&quot;https:\/\/verticalemotions.com\/wp-content\/plugins\/wp-views\/embedded\/res\/img\/ajax-loader.gif&quot;,&quot;callback_next&quot;:&quot;&quot;,&quot;manage_history&quot;:&quot;enabled&quot;,&quot;has_controls_in_form&quot;:&quot;disabled&quot;,&quot;infinite_tolerance&quot;:&quot;0&quot;,&quot;max_pages&quot;:0,&quot;page&quot;:1,&quot;base_permalink&quot;:&quot;\/ca\/wp-json\/wp\/v2\/pages\/1241?wpv_view_count=1245&amp;wpv_paged=WPV_PAGE_NUM&quot;,&quot;loop&quot;:{&quot;type&quot;:&quot;&quot;,&quot;name&quot;:&quot;&quot;,&quot;data&quot;:[],&quot;id&quot;:0}}\" data-permalink=\"\/ca\/wp-json\/wp\/v2\/pages\/1241?wpv_view_count=1245\">\n\n\t\n\t\n\t\n\t\t\n\t\t<div class=\"row\" style=\"margin-bottom:30px; margin-right:0px; margin-left:0px;\">\n\t\t\t<div class=\"col-xs-12 col-sm-4 col-md-4\"><a href=\"https:\/\/cataloniaexperience.com\/ca\/activitat-escola\/sortida-escolar-pirineus\/\" style=\"text-decoration:none;\">\n<div class=\"contenidor\">\n    <div class=\"imatgefondoacti\" style=\"background-image:url('http:\/\/verticalemotions.com\/wp-content\/uploads\/2019\/06\/watertrekking1.jpg');\">\n    <div class=\"sotaimatge\">\n     <div class=\"textsotaimatge\">\n       <p class=\"titolsotaimatge\">SORTIDA ESCOLAR PIRINEUS<\/p>\n       <p class=\"comarcasotaimatge\">Albany\u00e0<\/p>\n       <p class=\"diesipreu\"><span class=\"diessotaimatge\">1 Dia &#8211; <\/span><span class=\"preuimatge\">24\u20ac<\/span><\/p>\n       <p class=\"sotaimatgedificultat\"><img decoding=\"async\" src=\"http:\/\/verticalemotions.com\/wp-content\/uploads\/2019\/02\/vectors_nivell-verd.svg\"><img decoding=\"async\" src=\"http:\/\/verticalemotions.com\/wp-content\/uploads\/2019\/03\/vectors_nivell-gris.svg\"><img decoding=\"async\" src=\"http:\/\/verticalemotions.com\/wp-content\/uploads\/2019\/03\/vectors_nivell-gris.svg\"><img decoding=\"async\" src=\"http:\/\/verticalemotions.com\/wp-content\/uploads\/2019\/03\/vectors_nivell-gris.svg\">\n  \n  \n  \n  \n     <\/div>\n    <\/div>\n    <\/div>\n  <\/div>\n<\/a><\/div>\n\t\t\n\t\t\n\t\t\t<div class=\"col-xs-12 col-sm-4 col-md-4\"><a href=\"https:\/\/cataloniaexperience.com\/ca\/activitat-escola\/sortida-escolar-escalada-girona\/\" style=\"text-decoration:none;\">\n<div class=\"contenidor\">\n    <div class=\"imatgefondoacti\" style=\"background-image:url('http:\/\/verticalemotions.com\/wp-content\/uploads\/2021\/09\/WhatsApp-Image-2021-09-30-at-16.02.17-2.jpeg');\">\n    <div class=\"sotaimatge\">\n     <div class=\"textsotaimatge\">\n       <p class=\"titolsotaimatge\">SORTIDA ESCOLAR ESCALADA GIRONA<\/p>\n       <p class=\"comarcasotaimatge\">Castell de Montju\u00efc - Girona<\/p>\n       <p class=\"diesipreu\"><span class=\"diessotaimatge\">1 Dia &#8211; <\/span><span class=\"preuimatge\">24\u20ac<\/span><\/p>\n       <p class=\"sotaimatgedificultat\"><img decoding=\"async\" src=\"http:\/\/verticalemotions.com\/wp-content\/uploads\/2019\/02\/vectors_nivell-verd.svg\"><img decoding=\"async\" src=\"http:\/\/verticalemotions.com\/wp-content\/uploads\/2019\/03\/vectors_nivell-gris.svg\"><img decoding=\"async\" src=\"http:\/\/verticalemotions.com\/wp-content\/uploads\/2019\/03\/vectors_nivell-gris.svg\"><img decoding=\"async\" src=\"http:\/\/verticalemotions.com\/wp-content\/uploads\/2019\/03\/vectors_nivell-gris.svg\">\n  \n  \n  \n  \n     <\/div>\n    <\/div>\n    <\/div>\n  <\/div>\n<\/a><\/div>\n\t\t\n\t\t\n\t\t\t<div class=\"col-xs-12 col-sm-4 col-md-4\"><a href=\"https:\/\/cataloniaexperience.com\/ca\/activitat-escola\/multiactivitat-escolar-escalada-lestartit\/\" style=\"text-decoration:none;\">\n<div class=\"contenidor\">\n    <div class=\"imatgefondoacti\" style=\"background-image:url('http:\/\/verticalemotions.com\/wp-content\/uploads\/2019\/05\/multiactivitat-estartit-vertical.jpg');\">\n    <div class=\"sotaimatge\">\n     <div class=\"textsotaimatge\">\n       <p class=\"titolsotaimatge\">SORTIDA ESCOLAR ESCALADA L&#8217;ESTARTIT<\/p>\n       <p class=\"comarcasotaimatge\">L'Estartit<\/p>\n       <p class=\"diesipreu\"><span class=\"diessotaimatge\">1 dia &#8211; <\/span><span class=\"preuimatge\">24\u20ac<\/span><\/p>\n       <p class=\"sotaimatgedificultat\"><img decoding=\"async\" src=\"http:\/\/verticalemotions.com\/wp-content\/uploads\/2019\/02\/vectors_nivell-verd.svg\"><img decoding=\"async\" src=\"http:\/\/verticalemotions.com\/wp-content\/uploads\/2019\/03\/vectors_nivell-gris.svg\"><img decoding=\"async\" src=\"http:\/\/verticalemotions.com\/wp-content\/uploads\/2019\/03\/vectors_nivell-gris.svg\"><img decoding=\"async\" src=\"http:\/\/verticalemotions.com\/wp-content\/uploads\/2019\/03\/vectors_nivell-gris.svg\">\n  \n  \n  \n  \n     <\/div>\n    <\/div>\n    <\/div>\n  <\/div>\n<\/a><\/div>\n\t\t<\/div>\n\t\t\n\t\n\t\n\t\n<\/div>\n\t\t\t\t<\/div>\n\t\t\t\t<\/div>\n\t\t\t\t\t<\/div>\n\t\t<\/div>\n\t\t\t\t\t<\/div>\n\t\t<\/section>\n\t\t\t\t<\/div>\n\t\t","protected":false},"excerpt":{"rendered":"<p>MULTIACTIVITATS L\u2019equip de Vertical Emotions us proposa diverses activitats en el medi natural per fer passar als vostres alumnes una jornada plena d\u2019aventures i reptes, adequats a la seva edat, i pensats perqu\u00e8 es diverteixin mentre aprenen. Ideals per treballar el Medi Natural. No s&#8217;han trobat activitats This is the preview of the &#8220;Multiactivitats escoles&#8221; &hellip; <\/p>\n<p class=\"link-more\"><a href=\"https:\/\/cataloniaexperience.com\/ca\/activitats-escoles\/multiactivitats\/\" class=\"more-link\">Continua llegint <span class=\"screen-reader-text\">\u00abMultiactivitats\u00bb<\/span><\/a><\/p>\n","protected":false},"author":1,"featured_media":0,"parent":1236,"menu_order":0,"comment_status":"closed","ping_status":"closed","template":"elementor_header_footer","meta":{"inline_featured_image":false,"_joinchat":[],"footnotes":""},"categories":[],"tags":[],"class_list":["post-1241","page","type-page","status-publish","hentry","entry"],"yoast_head":"<!-- This site is optimized with the Yoast SEO plugin v27.5 - https:\/\/yoast.com\/product\/yoast-seo-wordpress\/ -->\n<title>Multiactivitats per escoles d&#039;un dia - Vertical Emotions<\/title>\n<meta name=\"description\" content=\"Les Multiactivitats per escoles d&#039;un dia s\u00f3n jornades plenes d&#039;aventura, diversi\u00f3 i experi\u00e8ncies per als vostres alumnes. Consulta&#039;ns!\" \/>\n<meta name=\"robots\" content=\"index, follow, max-snippet:-1, max-image-preview:large, max-video-preview:-1\" \/>\n<link rel=\"canonical\" href=\"https:\/\/cataloniaexperience.com\/activitats-escoles\/multiactivitats\/\" \/>\n<meta property=\"og:locale\" content=\"ca_ES\" \/>\n<meta property=\"og:type\" content=\"article\" \/>\n<meta property=\"og:title\" content=\"Multiactivitats per escoles d&#039;un dia - Vertical Emotions\" \/>\n<meta property=\"og:description\" content=\"Les Multiactivitats per escoles d&#039;un dia s\u00f3n jornades plenes d&#039;aventura, diversi\u00f3 i experi\u00e8ncies per als vostres alumnes. Consulta&#039;ns!\" \/>\n<meta property=\"og:url\" content=\"https:\/\/cataloniaexperience.com\/activitats-escoles\/multiactivitats\/\" \/>\n<meta property=\"og:site_name\" content=\"Vertical Emotions\" \/>\n<meta property=\"article:publisher\" content=\"https:\/\/www.facebook.com\/verticalemotions\" \/>\n<meta property=\"article:modified_time\" content=\"2022-07-19T14:47:25+00:00\" \/>\n<meta property=\"og:image\" content=\"https:\/\/cataloniaexperience.com\/wp-content\/uploads\/2020\/02\/LogoNou_ple_LLETRA_NEGRE.png\" \/>\n\t<meta property=\"og:image:width\" content=\"2949\" \/>\n\t<meta property=\"og:image:height\" content=\"3416\" \/>\n\t<meta property=\"og:image:type\" content=\"image\/png\" \/>\n<meta name=\"twitter:card\" content=\"summary_large_image\" \/>\n<meta name=\"twitter:label1\" content=\"Temps estimat de lectura\" \/>\n\t<meta name=\"twitter:data1\" content=\"1 minut\" \/>\n<script type=\"application\/ld+json\" class=\"yoast-schema-graph\">{\"@context\":\"https:\\\/\\\/schema.org\",\"@graph\":[{\"@type\":\"WebPage\",\"@id\":\"https:\\\/\\\/cataloniaexperience.com\\\/activitats-escoles\\\/multiactivitats\\\/\",\"url\":\"https:\\\/\\\/cataloniaexperience.com\\\/activitats-escoles\\\/multiactivitats\\\/\",\"name\":\"Multiactivitats per escoles d'un dia - Vertical Emotions\",\"isPartOf\":{\"@id\":\"https:\\\/\\\/cataloniaexperience.com\\\/#website\"},\"datePublished\":\"2019-04-17T14:00:41+00:00\",\"dateModified\":\"2022-07-19T14:47:25+00:00\",\"description\":\"Les Multiactivitats per escoles d'un dia s\u00f3n jornades plenes d'aventura, diversi\u00f3 i experi\u00e8ncies per als vostres alumnes. Consulta'ns!\",\"breadcrumb\":{\"@id\":\"https:\\\/\\\/cataloniaexperience.com\\\/activitats-escoles\\\/multiactivitats\\\/#breadcrumb\"},\"inLanguage\":\"ca\",\"potentialAction\":[{\"@type\":\"ReadAction\",\"target\":[\"https:\\\/\\\/cataloniaexperience.com\\\/activitats-escoles\\\/multiactivitats\\\/\"]}]},{\"@type\":\"BreadcrumbList\",\"@id\":\"https:\\\/\\\/cataloniaexperience.com\\\/activitats-escoles\\\/multiactivitats\\\/#breadcrumb\",\"itemListElement\":[{\"@type\":\"ListItem\",\"position\":1,\"name\":\"Inici\",\"item\":\"https:\\\/\\\/cataloniaexperience.com\\\/\"},{\"@type\":\"ListItem\",\"position\":2,\"name\":\"Activitats escoles\",\"item\":\"https:\\\/\\\/cataloniaexperience.com\\\/activitats-escoles\\\/\"},{\"@type\":\"ListItem\",\"position\":3,\"name\":\"Multiactivitats\"}]},{\"@type\":\"WebSite\",\"@id\":\"https:\\\/\\\/cataloniaexperience.com\\\/#website\",\"url\":\"https:\\\/\\\/cataloniaexperience.com\\\/\",\"name\":\"Vertical Emotions\",\"description\":\"Vertical Emotions\",\"publisher\":{\"@id\":\"https:\\\/\\\/cataloniaexperience.com\\\/#organization\"},\"potentialAction\":[{\"@type\":\"SearchAction\",\"target\":{\"@type\":\"EntryPoint\",\"urlTemplate\":\"https:\\\/\\\/cataloniaexperience.com\\\/?s={search_term_string}\"},\"query-input\":{\"@type\":\"PropertyValueSpecification\",\"valueRequired\":true,\"valueName\":\"search_term_string\"}}],\"inLanguage\":\"ca\"},{\"@type\":\"Organization\",\"@id\":\"https:\\\/\\\/cataloniaexperience.com\\\/#organization\",\"name\":\"Vertical Emotions\",\"url\":\"https:\\\/\\\/cataloniaexperience.com\\\/\",\"logo\":{\"@type\":\"ImageObject\",\"inLanguage\":\"ca\",\"@id\":\"https:\\\/\\\/cataloniaexperience.com\\\/#\\\/schema\\\/logo\\\/image\\\/\",\"url\":\"http:\\\/\\\/verticalemotions.com\\\/wp-content\\\/uploads\\\/2020\\\/02\\\/vertical_emotions_logo_plantilla_web.jpg\",\"contentUrl\":\"http:\\\/\\\/verticalemotions.com\\\/wp-content\\\/uploads\\\/2020\\\/02\\\/vertical_emotions_logo_plantilla_web.jpg\",\"width\":600,\"height\":116,\"caption\":\"Vertical Emotions\"},\"image\":{\"@id\":\"https:\\\/\\\/cataloniaexperience.com\\\/#\\\/schema\\\/logo\\\/image\\\/\"},\"sameAs\":[\"https:\\\/\\\/www.facebook.com\\\/verticalemotions\",\"https:\\\/\\\/www.instagram.com\\\/verticalemotions\\\/\"]}]}<\/script>\n<!-- \/ Yoast SEO plugin. -->","yoast_head_json":{"title":"Multiactivitats per escoles d'un dia - Vertical Emotions","description":"Les Multiactivitats per escoles d'un dia s\u00f3n jornades plenes d'aventura, diversi\u00f3 i experi\u00e8ncies per als vostres alumnes. Consulta'ns!","robots":{"index":"index","follow":"follow","max-snippet":"max-snippet:-1","max-image-preview":"max-image-preview:large","max-video-preview":"max-video-preview:-1"},"canonical":"https:\/\/cataloniaexperience.com\/activitats-escoles\/multiactivitats\/","og_locale":"ca_ES","og_type":"article","og_title":"Multiactivitats per escoles d'un dia - Vertical Emotions","og_description":"Les Multiactivitats per escoles d'un dia s\u00f3n jornades plenes d'aventura, diversi\u00f3 i experi\u00e8ncies per als vostres alumnes. Consulta'ns!","og_url":"https:\/\/cataloniaexperience.com\/activitats-escoles\/multiactivitats\/","og_site_name":"Vertical Emotions","article_publisher":"https:\/\/www.facebook.com\/verticalemotions","article_modified_time":"2022-07-19T14:47:25+00:00","og_image":[{"width":2949,"height":3416,"url":"https:\/\/cataloniaexperience.com\/wp-content\/uploads\/2020\/02\/LogoNou_ple_LLETRA_NEGRE.png","type":"image\/png"}],"twitter_card":"summary_large_image","twitter_misc":{"Temps estimat de lectura":"1 minut"},"schema":{"@context":"https:\/\/schema.org","@graph":[{"@type":"WebPage","@id":"https:\/\/cataloniaexperience.com\/activitats-escoles\/multiactivitats\/","url":"https:\/\/cataloniaexperience.com\/activitats-escoles\/multiactivitats\/","name":"Multiactivitats per escoles d'un dia - Vertical Emotions","isPartOf":{"@id":"https:\/\/cataloniaexperience.com\/#website"},"datePublished":"2019-04-17T14:00:41+00:00","dateModified":"2022-07-19T14:47:25+00:00","description":"Les Multiactivitats per escoles d'un dia s\u00f3n jornades plenes d'aventura, diversi\u00f3 i experi\u00e8ncies per als vostres alumnes. Consulta'ns!","breadcrumb":{"@id":"https:\/\/cataloniaexperience.com\/activitats-escoles\/multiactivitats\/#breadcrumb"},"inLanguage":"ca","potentialAction":[{"@type":"ReadAction","target":["https:\/\/cataloniaexperience.com\/activitats-escoles\/multiactivitats\/"]}]},{"@type":"BreadcrumbList","@id":"https:\/\/cataloniaexperience.com\/activitats-escoles\/multiactivitats\/#breadcrumb","itemListElement":[{"@type":"ListItem","position":1,"name":"Inici","item":"https:\/\/cataloniaexperience.com\/"},{"@type":"ListItem","position":2,"name":"Activitats escoles","item":"https:\/\/cataloniaexperience.com\/activitats-escoles\/"},{"@type":"ListItem","position":3,"name":"Multiactivitats"}]},{"@type":"WebSite","@id":"https:\/\/cataloniaexperience.com\/#website","url":"https:\/\/cataloniaexperience.com\/","name":"Vertical Emotions","description":"Vertical Emotions","publisher":{"@id":"https:\/\/cataloniaexperience.com\/#organization"},"potentialAction":[{"@type":"SearchAction","target":{"@type":"EntryPoint","urlTemplate":"https:\/\/cataloniaexperience.com\/?s={search_term_string}"},"query-input":{"@type":"PropertyValueSpecification","valueRequired":true,"valueName":"search_term_string"}}],"inLanguage":"ca"},{"@type":"Organization","@id":"https:\/\/cataloniaexperience.com\/#organization","name":"Vertical Emotions","url":"https:\/\/cataloniaexperience.com\/","logo":{"@type":"ImageObject","inLanguage":"ca","@id":"https:\/\/cataloniaexperience.com\/#\/schema\/logo\/image\/","url":"http:\/\/verticalemotions.com\/wp-content\/uploads\/2020\/02\/vertical_emotions_logo_plantilla_web.jpg","contentUrl":"http:\/\/verticalemotions.com\/wp-content\/uploads\/2020\/02\/vertical_emotions_logo_plantilla_web.jpg","width":600,"height":116,"caption":"Vertical Emotions"},"image":{"@id":"https:\/\/cataloniaexperience.com\/#\/schema\/logo\/image\/"},"sameAs":["https:\/\/www.facebook.com\/verticalemotions","https:\/\/www.instagram.com\/verticalemotions\/"]}]}},"_links":{"self":[{"href":"https:\/\/cataloniaexperience.com\/ca\/wp-json\/wp\/v2\/pages\/1241","targetHints":{"allow":["GET"]}}],"collection":[{"href":"https:\/\/cataloniaexperience.com\/ca\/wp-json\/wp\/v2\/pages"}],"about":[{"href":"https:\/\/cataloniaexperience.com\/ca\/wp-json\/wp\/v2\/types\/page"}],"author":[{"embeddable":true,"href":"https:\/\/cataloniaexperience.com\/ca\/wp-json\/wp\/v2\/users\/1"}],"replies":[{"embeddable":true,"href":"https:\/\/cataloniaexperience.com\/ca\/wp-json\/wp\/v2\/comments?post=1241"}],"version-history":[{"count":0,"href":"https:\/\/cataloniaexperience.com\/ca\/wp-json\/wp\/v2\/pages\/1241\/revisions"}],"up":[{"embeddable":true,"href":"https:\/\/cataloniaexperience.com\/ca\/wp-json\/wp\/v2\/pages\/1236"}],"wp:attachment":[{"href":"https:\/\/cataloniaexperience.com\/ca\/wp-json\/wp\/v2\/media?parent=1241"}],"wp:term":[{"taxonomy":"category","embeddable":true,"href":"https:\/\/cataloniaexperience.com\/ca\/wp-json\/wp\/v2\/categories?post=1241"},{"taxonomy":"post_tag","embeddable":true,"href":"https:\/\/cataloniaexperience.com\/ca\/wp-json\/wp\/v2\/tags?post=1241"}],"curies":[{"name":"wp","href":"https:\/\/api.w.org\/{rel}","templated":true}]}}