{"id":5986,"date":"2020-01-24T11:22:28","date_gmt":"2020-01-24T11:22:28","guid":{"rendered":"http:\/\/verticalemotions.com\/?page_id=5986"},"modified":"2023-01-20T08:47:56","modified_gmt":"2023-01-20T07:47:56","slug":"politica-de-proteccio-de-dades","status":"publish","type":"page","link":"https:\/\/cataloniaexperience.com\/ca\/politica-de-proteccio-de-dades\/","title":{"rendered":"Pol\u00edtica de protecci\u00f3 de dades"},"content":{"rendered":"\t\t<div data-elementor-type=\"wp-page\" data-elementor-id=\"5986\" class=\"elementor elementor-5986\" data-elementor-post-type=\"page\">\n\t\t\t\t\t\t<section class=\"has_ae_slider elementor-section elementor-top-section elementor-element elementor-element-64b19cad elementor-section-full_width elementor-section-height-default elementor-section-height-default ae-bg-gallery-type-default\" data-id=\"64b19cad\" data-element_type=\"section\" data-e-type=\"section\">\n\t\t\t\t\t\t<div class=\"elementor-container elementor-column-gap-no\">\n\t\t\t\t\t<div class=\"has_ae_slider elementor-column elementor-col-100 elementor-top-column elementor-element elementor-element-71f4eb62 ae-bg-gallery-type-default\" data-id=\"71f4eb62\" data-element_type=\"column\" data-e-type=\"column\">\n\t\t\t<div class=\"elementor-widget-wrap elementor-element-populated\">\n\t\t\t\t\t\t<div class=\"elementor-element elementor-element-a3a61e9 elementor-widget elementor-widget-heading\" data-id=\"a3a61e9\" data-element_type=\"widget\" data-e-type=\"widget\" data-widget_type=\"heading.default\">\n\t\t\t\t<div class=\"elementor-widget-container\">\n\t\t\t\t\t<p class=\"elementor-heading-title elementor-size-default\">POL\u00cdTICA DE PROTECCI\u00d3 DE DADES<\/p>\t\t\t\t<\/div>\n\t\t\t\t<\/div>\n\t\t\t\t<div class=\"elementor-element elementor-element-797765d elementor-widget elementor-widget-heading\" data-id=\"797765d\" data-element_type=\"widget\" data-e-type=\"widget\" data-widget_type=\"heading.default\">\n\t\t\t\t<div class=\"elementor-widget-container\">\n\t\t\t\t\t<p class=\"elementor-heading-title elementor-size-default\">Qui \u00e9s el responsable del tractament de les dades personals?\n<\/p>\t\t\t\t<\/div>\n\t\t\t\t<\/div>\n\t\t\t\t<div class=\"elementor-element elementor-element-6ebfb6f elementor-widget elementor-widget-text-editor\" data-id=\"6ebfb6f\" data-element_type=\"widget\" data-e-type=\"widget\" data-widget_type=\"text-editor.default\">\n\t\t\t\t<div class=\"elementor-widget-container\">\n\t\t\t\t\t\t\t\t\t<p>El responsable del tractament de les dades personals \u00e9s Vertical Emotions, SC (en endavant Vertical Emotions), amb CIF B55161954 i domicili a l\u2019Avinguda President Companys, 26 de La Bisbal d\u2019Empord\u00e0 (CP 17100), tel\u00e8fon 629 21 65 07, adre\u00e7a electr\u00f2nica <a href=\"mailto:info@verticalemotions.com\" target=\"_blank\" rel=\"noopener\">info@verticalemotions.com<\/a>\u00a0i lloc web\u00a0<a href=\"https:\/\/cataloniaexperience.com\" target=\"_blank\" rel=\"noopener\">www.verticalemotions.com<\/a>.<\/p>\t\t\t\t\t\t\t\t<\/div>\n\t\t\t\t<\/div>\n\t\t\t\t<div class=\"elementor-element elementor-element-625558d elementor-widget elementor-widget-heading\" data-id=\"625558d\" data-element_type=\"widget\" data-e-type=\"widget\" data-widget_type=\"heading.default\">\n\t\t\t\t<div class=\"elementor-widget-container\">\n\t\t\t\t\t<p class=\"elementor-heading-title elementor-size-default\">Amb quina finalitat i amb quina legitimaci\u00f3 tractem les dades?\n<\/p>\t\t\t\t<\/div>\n\t\t\t\t<\/div>\n\t\t\t\t<div class=\"elementor-element elementor-element-be2bc7b elementor-widget elementor-widget-text-editor\" data-id=\"be2bc7b\" data-element_type=\"widget\" data-e-type=\"widget\" data-widget_type=\"text-editor.default\">\n\t\t\t\t<div class=\"elementor-widget-container\">\n\t\t\t\t\t\t\t\t\t<p><span style=\"text-decoration: underline;\">Contacte.<\/span> Atenem les consultes de les persones que contacten amb nosaltres per mitj\u00e0 del correu electr\u00f2nic, formularis de contacte de la nostra web o telef\u00f2nicament. Tractem aquestes dades amb el consentiment de la persona que se\u2019ns ha adre\u00e7at.<\/p><p>\u00a0<\/p><p><span style=\"text-decoration: underline;\">Serveis als clients.<\/span> Registrem els clients i les dades addicionals que es puguin generar com a resultat de la relaci\u00f3 comercial amb aquests clients. La relaci\u00f3 comercial comporta incorporar les dades a la comptabilitat, la facturaci\u00f3 o informaci\u00f3 a l\u2019administraci\u00f3 tribut\u00e0ria. Tractem aquestes dades en compliment de les relacions contractuals i d\u2019obligacions legals.<\/p><p><br \/><span style=\"text-decoration: underline;\">Gesti\u00f3 de les dades dels nostres prove\u00efdors.<\/span> Tractem les dades dels prove\u00efdors de qui obtenim serveis o b\u00e9ns. Obtenim les dades necess\u00e0ries per mantenir la relaci\u00f3 comercial i els destinem \u00fanicament a aquesta finalitat. Tractem aquestes dades en compliment de les relacions contractuals i d\u2019obligacions legals.<\/p><p><br \/><span style=\"text-decoration: underline;\">Informaci\u00f3 de productes i serveis.<\/span> Amb l\u2019autoritzaci\u00f3 del clients les seves dades de contacte s\u2019utilitzen per enviar publicitat relacionada amb els nostres serveis o productes. Tractem aquestes dades en base al consentiment de la persona que rep les comunicacions.<\/p>\t\t\t\t\t\t\t\t<\/div>\n\t\t\t\t<\/div>\n\t\t\t\t<div class=\"elementor-element elementor-element-3e7e477 elementor-widget elementor-widget-heading\" data-id=\"3e7e477\" data-element_type=\"widget\" data-e-type=\"widget\" data-widget_type=\"heading.default\">\n\t\t\t\t<div class=\"elementor-widget-container\">\n\t\t\t\t\t<p class=\"elementor-heading-title elementor-size-default\">A qui es comuniquen les dades?\n<\/p>\t\t\t\t<\/div>\n\t\t\t\t<\/div>\n\t\t\t\t<div class=\"elementor-element elementor-element-eb8e4fa elementor-widget elementor-widget-text-editor\" data-id=\"eb8e4fa\" data-element_type=\"widget\" data-e-type=\"widget\" data-widget_type=\"text-editor.default\">\n\t\t\t\t<div class=\"elementor-widget-container\">\n\t\t\t\t\t\t\t\t\t<p>Com a criteri general \u00fanicament comuniquem dades a administracions o poders p\u00fablics i sempre en compliments d\u2019obligacions legals. En la facturaci\u00f3 podem comunicar-les a entitats banc\u00e0ries. No es fan transfer\u00e8ncies de dades fora de l\u2019\u00e0mbit de la Uni\u00f3 Europea (transfer\u00e8ncia internacional).<\/p>\t\t\t\t\t\t\t\t<\/div>\n\t\t\t\t<\/div>\n\t\t\t\t<div class=\"elementor-element elementor-element-f696aaa elementor-widget elementor-widget-heading\" data-id=\"f696aaa\" data-element_type=\"widget\" data-e-type=\"widget\" data-widget_type=\"heading.default\">\n\t\t\t\t<div class=\"elementor-widget-container\">\n\t\t\t\t\t<p class=\"elementor-heading-title elementor-size-default\">Quant de temps conservem les dades?\n<\/p>\t\t\t\t<\/div>\n\t\t\t\t<\/div>\n\t\t\t\t<div class=\"elementor-element elementor-element-34b310c elementor-widget elementor-widget-text-editor\" data-id=\"34b310c\" data-element_type=\"widget\" data-e-type=\"widget\" data-widget_type=\"text-editor.default\">\n\t\t\t\t<div class=\"elementor-widget-container\">\n\t\t\t\t\t\t\t\t\tComplim l\u2019obligaci\u00f3 legal de limitar al m\u00e0xim el termini de conservaci\u00f3 de les dades. Per aquest motiu es conserven nom\u00e9s el temps necessari i justificat per la finalitat que en va motivar l\u2019obtenci\u00f3. En determinats casos, com les dades que figuren en la documentaci\u00f3 comptable i la facturaci\u00f3, la normativa fiscal obliga a conservar-les fins que no prescriguin les responsabilitats en aquesta mat\u00e8ria. En el cas de les dades que es tracten en base al consentiment de la persona interessada, es conserven fins que aquesta persona no revoca aquest consentiment. \t\t\t\t\t\t\t\t<\/div>\n\t\t\t\t<\/div>\n\t\t\t\t<div class=\"elementor-element elementor-element-1cbb7c4 elementor-widget elementor-widget-heading\" data-id=\"1cbb7c4\" data-element_type=\"widget\" data-e-type=\"widget\" data-widget_type=\"heading.default\">\n\t\t\t\t<div class=\"elementor-widget-container\">\n\t\t\t\t\t<p class=\"elementor-heading-title elementor-size-default\">Quins drets tenen les persones en relaci\u00f3 a les dades que tractem?\n<\/p>\t\t\t\t<\/div>\n\t\t\t\t<\/div>\n\t\t\t\t<div class=\"elementor-element elementor-element-56b9d87 elementor-widget elementor-widget-text-editor\" data-id=\"56b9d87\" data-element_type=\"widget\" data-e-type=\"widget\" data-widget_type=\"text-editor.default\">\n\t\t\t\t<div class=\"elementor-widget-container\">\n\t\t\t\t\t\t\t\t\t<p>Les persones de qui tractem dades tenen els drets seg\u00fcents:<\/p><p>\u00a0<\/p><p><span style=\"text-decoration: underline;\">A accedir-hi.<\/span> Dret a saber quines dades personals s\u00f3n objecte de tractament, quina \u00e9s la finalitat per la que es tracten, les comunicacions a altres persones, el dret a obtenir-ne c\u00f2pia o a saber el termini previst de conservaci\u00f3.<\/p><p>\u00a0<\/p><p><span style=\"text-decoration: underline;\">A demanar-ne la rectificaci\u00f3.<\/span>Dret a fer rectificar les dades inexactes.<br \/>A demanar-ne la supressi\u00f3. Dret a demanar la supressi\u00f3 de les dades quan, entre altres motius, no siguin necess\u00e0ries per als fins per als quals van ser recollides i en van justificar el tractament.<\/p><p>\u00a0<\/p><p><span style=\"text-decoration: underline;\">Demanar la limitaci\u00f3 del tractament.<\/span> En determinades circumst\u00e0ncies existeix el dret a demanar la limitaci\u00f3 del tractament de les dades: deixaran de ser tractades i nom\u00e9s es conservaran per a l&#8217;exercici o la defensa de reclamacions.<\/p><p>\u00a0<\/p><p><span style=\"text-decoration: underline;\">A la portabilitat.<\/span>\u00a0Dret a obtenir les dades personals en un format d&#8217;\u00fas com\u00fa llegible per m\u00e0quina, i a transmetre-les a un altre responsable del tractament si aix\u00ed ho decideix l\u2019interessat.<\/p><p>\u00a0<\/p><p><span style=\"text-decoration: underline;\">A oposar-se al tractament.<\/span>\u00a0En adduir motius relacionats amb la seva situaci\u00f3 particular, una persona ens pot demanar que deixem de tractar les seves dades si li pot comportar un perjudici.<\/p>\t\t\t\t\t\t\t\t<\/div>\n\t\t\t\t<\/div>\n\t\t\t\t<div class=\"elementor-element elementor-element-1224de4 elementor-widget elementor-widget-heading\" data-id=\"1224de4\" data-element_type=\"widget\" data-e-type=\"widget\" data-widget_type=\"heading.default\">\n\t\t\t\t<div class=\"elementor-widget-container\">\n\t\t\t\t\t<p class=\"elementor-heading-title elementor-size-default\">Com es poden exercir o defensar els drets?\n<\/p>\t\t\t\t<\/div>\n\t\t\t\t<\/div>\n\t\t\t\t<div class=\"elementor-element elementor-element-58f7bf6 elementor-widget elementor-widget-text-editor\" data-id=\"58f7bf6\" data-element_type=\"widget\" data-e-type=\"widget\" data-widget_type=\"text-editor.default\">\n\t\t\t\t<div class=\"elementor-widget-container\">\n\t\t\t\t\t\t\t\t\t<p>Els drets que acabem d\u2019enumerar es poden exercir adre\u00e7ant una sol\u00b7licitud escrita a Vertical Emotions, SC a la nostra adre\u00e7a postal o b\u00e9 enviant un correu electr\u00f2nic a&nbsp;<a href=\"mailto:info@verticalemotions.com\" target=\"_blank\">info@verticalemotions.com&nbsp;<\/a>indicant en tots els casos &#8220;Protecci\u00f3 de dades personals\u201d. Si no s\u2019ha obtingut resposta satisfact\u00f2ria en l\u2019exercici dels drets \u00e9s possible presentar una reclamaci\u00f3 davant l\u2019Ag\u00e8ncia Espanyola de Protecci\u00f3 de Dades, per mitj\u00e0 dels formularis o altres canals accessibles des de la seva p\u00e0gina <span style=\"text-decoration-style: initial; text-decoration-color: initial;\"><u><a href=\"https:\/\/www.aepd.es\/es\">www.aepd.es<\/a><\/u><\/span>.<\/p>\t\t\t\t\t\t\t\t<\/div>\n\t\t\t\t<\/div>\n\t\t\t\t\t<\/div>\n\t\t<\/div>\n\t\t\t\t\t<\/div>\n\t\t<\/section>\n\t\t\t\t<\/div>\n\t\t","protected":false},"excerpt":{"rendered":"<p>POL\u00cdTICA DE PROTECCI\u00d3 DE DADES Qui \u00e9s el responsable del tractament de les dades personals? El responsable del tractament de les dades personals \u00e9s Vertical Emotions, SC (en endavant Vertical Emotions), amb CIF B55161954 i domicili a l\u2019Avinguda President Companys, 26 de La Bisbal d\u2019Empord\u00e0 (CP 17100), tel\u00e8fon 629 21 65 07, adre\u00e7a electr\u00f2nica info@verticalemotions.com\u00a0i &hellip; <\/p>\n<p class=\"link-more\"><a href=\"https:\/\/cataloniaexperience.com\/ca\/politica-de-proteccio-de-dades\/\" class=\"more-link\">Continua llegint <span class=\"screen-reader-text\">\u00abPol\u00edtica de protecci\u00f3 de dades\u00bb<\/span><\/a><\/p>\n","protected":false},"author":1,"featured_media":0,"parent":0,"menu_order":0,"comment_status":"closed","ping_status":"closed","template":"elementor_header_footer","meta":{"inline_featured_image":false,"_joinchat":[],"footnotes":""},"categories":[],"tags":[],"class_list":["post-5986","page","type-page","status-publish","hentry","entry"],"yoast_head":"<!-- This site is optimized with the Yoast SEO plugin v27.5 - https:\/\/yoast.com\/product\/yoast-seo-wordpress\/ -->\n<title>Pol\u00edtica de protecci\u00f3 de dades - Vertical Emotions<\/title>\n<meta name=\"robots\" content=\"noindex, nofollow\" \/>\n<meta property=\"og:locale\" content=\"ca_ES\" \/>\n<meta property=\"og:type\" content=\"article\" \/>\n<meta property=\"og:title\" content=\"Pol\u00edtica de protecci\u00f3 de dades - Vertical Emotions\" \/>\n<meta property=\"og:description\" content=\"POL\u00cdTICA DE PROTECCI\u00d3 DE DADES Qui \u00e9s el responsable del tractament de les dades personals? El responsable del tractament de les dades personals \u00e9s Vertical Emotions, SC (en endavant Vertical Emotions), amb CIF B55161954 i domicili a l\u2019Avinguda President Companys, 26 de La Bisbal d\u2019Empord\u00e0 (CP 17100), tel\u00e8fon 629 21 65 07, adre\u00e7a electr\u00f2nica info@verticalemotions.com\u00a0i &hellip; Continua llegint \u00abPol\u00edtica de protecci\u00f3 de dades\u00bb\" \/>\n<meta property=\"og:url\" content=\"https:\/\/cataloniaexperience.com\/politica-de-proteccio-de-dades\/\" \/>\n<meta property=\"og:site_name\" content=\"Vertical Emotions\" \/>\n<meta property=\"article:publisher\" content=\"https:\/\/www.facebook.com\/verticalemotions\" \/>\n<meta property=\"article:modified_time\" content=\"2023-01-20T07:47:56+00:00\" \/>\n<meta property=\"og:image\" content=\"https:\/\/cataloniaexperience.com\/wp-content\/uploads\/2020\/02\/LogoNou_ple_LLETRA_NEGRE.png\" \/>\n\t<meta property=\"og:image:width\" content=\"2949\" \/>\n\t<meta property=\"og:image:height\" content=\"3416\" \/>\n\t<meta property=\"og:image:type\" content=\"image\/png\" \/>\n<meta name=\"twitter:card\" content=\"summary_large_image\" \/>\n<meta name=\"twitter:label1\" content=\"Temps estimat de lectura\" \/>\n\t<meta name=\"twitter:data1\" content=\"4 minuts\" \/>\n<script type=\"application\/ld+json\" class=\"yoast-schema-graph\">{\"@context\":\"https:\\\/\\\/schema.org\",\"@graph\":[{\"@type\":\"WebPage\",\"@id\":\"https:\\\/\\\/cataloniaexperience.com\\\/politica-de-proteccio-de-dades\\\/\",\"url\":\"https:\\\/\\\/cataloniaexperience.com\\\/politica-de-proteccio-de-dades\\\/\",\"name\":\"Pol\u00edtica de protecci\u00f3 de dades - Vertical Emotions\",\"isPartOf\":{\"@id\":\"https:\\\/\\\/cataloniaexperience.com\\\/#website\"},\"datePublished\":\"2020-01-24T11:22:28+00:00\",\"dateModified\":\"2023-01-20T07:47:56+00:00\",\"breadcrumb\":{\"@id\":\"https:\\\/\\\/cataloniaexperience.com\\\/politica-de-proteccio-de-dades\\\/#breadcrumb\"},\"inLanguage\":\"ca\",\"potentialAction\":[{\"@type\":\"ReadAction\",\"target\":[\"https:\\\/\\\/cataloniaexperience.com\\\/politica-de-proteccio-de-dades\\\/\"]}]},{\"@type\":\"BreadcrumbList\",\"@id\":\"https:\\\/\\\/cataloniaexperience.com\\\/politica-de-proteccio-de-dades\\\/#breadcrumb\",\"itemListElement\":[{\"@type\":\"ListItem\",\"position\":1,\"name\":\"Inici\",\"item\":\"https:\\\/\\\/cataloniaexperience.com\\\/\"},{\"@type\":\"ListItem\",\"position\":2,\"name\":\"Pol\u00edtica de protecci\u00f3 de dades\"}]},{\"@type\":\"WebSite\",\"@id\":\"https:\\\/\\\/cataloniaexperience.com\\\/#website\",\"url\":\"https:\\\/\\\/cataloniaexperience.com\\\/\",\"name\":\"Vertical Emotions\",\"description\":\"Vertical Emotions\",\"publisher\":{\"@id\":\"https:\\\/\\\/cataloniaexperience.com\\\/#organization\"},\"potentialAction\":[{\"@type\":\"SearchAction\",\"target\":{\"@type\":\"EntryPoint\",\"urlTemplate\":\"https:\\\/\\\/cataloniaexperience.com\\\/?s={search_term_string}\"},\"query-input\":{\"@type\":\"PropertyValueSpecification\",\"valueRequired\":true,\"valueName\":\"search_term_string\"}}],\"inLanguage\":\"ca\"},{\"@type\":\"Organization\",\"@id\":\"https:\\\/\\\/cataloniaexperience.com\\\/#organization\",\"name\":\"Vertical Emotions\",\"url\":\"https:\\\/\\\/cataloniaexperience.com\\\/\",\"logo\":{\"@type\":\"ImageObject\",\"inLanguage\":\"ca\",\"@id\":\"https:\\\/\\\/cataloniaexperience.com\\\/#\\\/schema\\\/logo\\\/image\\\/\",\"url\":\"http:\\\/\\\/verticalemotions.com\\\/wp-content\\\/uploads\\\/2020\\\/02\\\/vertical_emotions_logo_plantilla_web.jpg\",\"contentUrl\":\"http:\\\/\\\/verticalemotions.com\\\/wp-content\\\/uploads\\\/2020\\\/02\\\/vertical_emotions_logo_plantilla_web.jpg\",\"width\":600,\"height\":116,\"caption\":\"Vertical Emotions\"},\"image\":{\"@id\":\"https:\\\/\\\/cataloniaexperience.com\\\/#\\\/schema\\\/logo\\\/image\\\/\"},\"sameAs\":[\"https:\\\/\\\/www.facebook.com\\\/verticalemotions\",\"https:\\\/\\\/www.instagram.com\\\/verticalemotions\\\/\"]}]}<\/script>\n<!-- \/ Yoast SEO plugin. -->","yoast_head_json":{"title":"Pol\u00edtica de protecci\u00f3 de dades - Vertical Emotions","robots":{"index":"noindex","follow":"nofollow"},"og_locale":"ca_ES","og_type":"article","og_title":"Pol\u00edtica de protecci\u00f3 de dades - Vertical Emotions","og_description":"POL\u00cdTICA DE PROTECCI\u00d3 DE DADES Qui \u00e9s el responsable del tractament de les dades personals? El responsable del tractament de les dades personals \u00e9s Vertical Emotions, SC (en endavant Vertical Emotions), amb CIF B55161954 i domicili a l\u2019Avinguda President Companys, 26 de La Bisbal d\u2019Empord\u00e0 (CP 17100), tel\u00e8fon 629 21 65 07, adre\u00e7a electr\u00f2nica info@verticalemotions.com\u00a0i &hellip; Continua llegint \u00abPol\u00edtica de protecci\u00f3 de dades\u00bb","og_url":"https:\/\/cataloniaexperience.com\/politica-de-proteccio-de-dades\/","og_site_name":"Vertical Emotions","article_publisher":"https:\/\/www.facebook.com\/verticalemotions","article_modified_time":"2023-01-20T07:47:56+00:00","og_image":[{"width":2949,"height":3416,"url":"https:\/\/cataloniaexperience.com\/wp-content\/uploads\/2020\/02\/LogoNou_ple_LLETRA_NEGRE.png","type":"image\/png"}],"twitter_card":"summary_large_image","twitter_misc":{"Temps estimat de lectura":"4 minuts"},"schema":{"@context":"https:\/\/schema.org","@graph":[{"@type":"WebPage","@id":"https:\/\/cataloniaexperience.com\/politica-de-proteccio-de-dades\/","url":"https:\/\/cataloniaexperience.com\/politica-de-proteccio-de-dades\/","name":"Pol\u00edtica de protecci\u00f3 de dades - Vertical Emotions","isPartOf":{"@id":"https:\/\/cataloniaexperience.com\/#website"},"datePublished":"2020-01-24T11:22:28+00:00","dateModified":"2023-01-20T07:47:56+00:00","breadcrumb":{"@id":"https:\/\/cataloniaexperience.com\/politica-de-proteccio-de-dades\/#breadcrumb"},"inLanguage":"ca","potentialAction":[{"@type":"ReadAction","target":["https:\/\/cataloniaexperience.com\/politica-de-proteccio-de-dades\/"]}]},{"@type":"BreadcrumbList","@id":"https:\/\/cataloniaexperience.com\/politica-de-proteccio-de-dades\/#breadcrumb","itemListElement":[{"@type":"ListItem","position":1,"name":"Inici","item":"https:\/\/cataloniaexperience.com\/"},{"@type":"ListItem","position":2,"name":"Pol\u00edtica de protecci\u00f3 de dades"}]},{"@type":"WebSite","@id":"https:\/\/cataloniaexperience.com\/#website","url":"https:\/\/cataloniaexperience.com\/","name":"Vertical Emotions","description":"Vertical Emotions","publisher":{"@id":"https:\/\/cataloniaexperience.com\/#organization"},"potentialAction":[{"@type":"SearchAction","target":{"@type":"EntryPoint","urlTemplate":"https:\/\/cataloniaexperience.com\/?s={search_term_string}"},"query-input":{"@type":"PropertyValueSpecification","valueRequired":true,"valueName":"search_term_string"}}],"inLanguage":"ca"},{"@type":"Organization","@id":"https:\/\/cataloniaexperience.com\/#organization","name":"Vertical Emotions","url":"https:\/\/cataloniaexperience.com\/","logo":{"@type":"ImageObject","inLanguage":"ca","@id":"https:\/\/cataloniaexperience.com\/#\/schema\/logo\/image\/","url":"http:\/\/verticalemotions.com\/wp-content\/uploads\/2020\/02\/vertical_emotions_logo_plantilla_web.jpg","contentUrl":"http:\/\/verticalemotions.com\/wp-content\/uploads\/2020\/02\/vertical_emotions_logo_plantilla_web.jpg","width":600,"height":116,"caption":"Vertical Emotions"},"image":{"@id":"https:\/\/cataloniaexperience.com\/#\/schema\/logo\/image\/"},"sameAs":["https:\/\/www.facebook.com\/verticalemotions","https:\/\/www.instagram.com\/verticalemotions\/"]}]}},"_links":{"self":[{"href":"https:\/\/cataloniaexperience.com\/ca\/wp-json\/wp\/v2\/pages\/5986","targetHints":{"allow":["GET"]}}],"collection":[{"href":"https:\/\/cataloniaexperience.com\/ca\/wp-json\/wp\/v2\/pages"}],"about":[{"href":"https:\/\/cataloniaexperience.com\/ca\/wp-json\/wp\/v2\/types\/page"}],"author":[{"embeddable":true,"href":"https:\/\/cataloniaexperience.com\/ca\/wp-json\/wp\/v2\/users\/1"}],"replies":[{"embeddable":true,"href":"https:\/\/cataloniaexperience.com\/ca\/wp-json\/wp\/v2\/comments?post=5986"}],"version-history":[{"count":0,"href":"https:\/\/cataloniaexperience.com\/ca\/wp-json\/wp\/v2\/pages\/5986\/revisions"}],"wp:attachment":[{"href":"https:\/\/cataloniaexperience.com\/ca\/wp-json\/wp\/v2\/media?parent=5986"}],"wp:term":[{"taxonomy":"category","embeddable":true,"href":"https:\/\/cataloniaexperience.com\/ca\/wp-json\/wp\/v2\/categories?post=5986"},{"taxonomy":"post_tag","embeddable":true,"href":"https:\/\/cataloniaexperience.com\/ca\/wp-json\/wp\/v2\/tags?post=5986"}],"curies":[{"name":"wp","href":"https:\/\/api.w.org\/{rel}","templated":true}]}}