{"id":8143,"date":"2020-06-12T09:45:39","date_gmt":"2020-06-12T09:45:39","guid":{"rendered":"http:\/\/verticalemotions.com\/?page_id=8143"},"modified":"2021-09-24T09:00:15","modified_gmt":"2021-09-24T09:00:15","slug":"mesures-seguretat-estiu-2020-covid19","status":"publish","type":"page","link":"https:\/\/cataloniaexperience.com\/ca\/mesures-seguretat-estiu-2020-covid19\/","title":{"rendered":"Mesures Conting\u00e8ncia COVID19"},"content":{"rendered":"\t\t<div data-elementor-type=\"wp-page\" data-elementor-id=\"8143\" class=\"elementor elementor-8143\" data-elementor-post-type=\"page\">\n\t\t\t\t\t\t<section class=\"has_ae_slider elementor-section elementor-top-section elementor-element elementor-element-864b2fe elementor-section-stretched elementor-section-boxed elementor-section-height-default elementor-section-height-default ae-bg-gallery-type-default\" data-id=\"864b2fe\" data-element_type=\"section\" data-e-type=\"section\" data-settings=\"{&quot;stretch_section&quot;:&quot;section-stretched&quot;}\">\n\t\t\t\t\t\t<div class=\"elementor-container elementor-column-gap-default\">\n\t\t\t\t\t<div class=\"has_ae_slider elementor-column elementor-col-100 elementor-top-column elementor-element elementor-element-038ed6e ae-bg-gallery-type-default\" data-id=\"038ed6e\" data-element_type=\"column\" data-e-type=\"column\">\n\t\t\t<div class=\"elementor-widget-wrap elementor-element-populated\">\n\t\t\t\t\t\t<div class=\"elementor-element elementor-element-710bea4 elementor-widget elementor-widget-heading\" data-id=\"710bea4\" data-element_type=\"widget\" data-e-type=\"widget\" data-widget_type=\"heading.default\">\n\t\t\t\t<div class=\"elementor-widget-container\">\n\t\t\t\t\t<h1 class=\"elementor-heading-title elementor-size-default\">Mesures Conting\u00e8ncia COVID19<\/h1>\t\t\t\t<\/div>\n\t\t\t\t<\/div>\n\t\t\t\t\t<\/div>\n\t\t<\/div>\n\t\t\t\t\t<\/div>\n\t\t<\/section>\n\t\t\t\t<section class=\"has_ae_slider elementor-section elementor-top-section elementor-element elementor-element-feafcc3 elementor-section-stretched elementor-section-full_width elementor-section-height-default elementor-section-height-default ae-bg-gallery-type-default\" data-id=\"feafcc3\" data-element_type=\"section\" data-e-type=\"section\" data-settings=\"{&quot;stretch_section&quot;:&quot;section-stretched&quot;}\">\n\t\t\t\t\t\t<div class=\"elementor-container elementor-column-gap-default\">\n\t\t\t\t\t<div class=\"has_ae_slider elementor-column elementor-col-100 elementor-top-column elementor-element elementor-element-03cea28 ae-bg-gallery-type-default\" data-id=\"03cea28\" data-element_type=\"column\" data-e-type=\"column\">\n\t\t\t<div class=\"elementor-widget-wrap elementor-element-populated\">\n\t\t\t\t\t\t<div class=\"elementor-element elementor-element-57b701f elementor-widget elementor-widget-text-editor\" data-id=\"57b701f\" data-element_type=\"widget\" data-e-type=\"widget\" data-widget_type=\"text-editor.default\">\n\t\t\t\t<div class=\"elementor-widget-container\">\n\t\t\t\t\t\t\t\t\t<p>Tornem a activar els nostres serveis: segueix-nos a les xarxes per saber quines activitats pots fer amb nosaltres.<\/p><p>Com que ens preocupa la seguretat dels nostres clients i dels nostres treballadors hem preparat aquestes mesures de conting\u00e8ncia. Segueix llegint per estar-ne ben informat.<\/p>\t\t\t\t\t\t\t\t<\/div>\n\t\t\t\t<\/div>\n\t\t\t\t\t<\/div>\n\t\t<\/div>\n\t\t\t\t\t<\/div>\n\t\t<\/section>\n\t\t\t\t<section class=\"has_ae_slider elementor-section elementor-top-section elementor-element elementor-element-8126e19 elementor-section-stretched elementor-section-boxed elementor-section-height-default elementor-section-height-default ae-bg-gallery-type-default\" data-id=\"8126e19\" data-element_type=\"section\" data-e-type=\"section\" data-settings=\"{&quot;stretch_section&quot;:&quot;section-stretched&quot;}\">\n\t\t\t\t\t\t<div class=\"elementor-container elementor-column-gap-default\">\n\t\t\t\t\t<div class=\"has_ae_slider elementor-column elementor-col-50 elementor-top-column elementor-element elementor-element-1bca343 ae-bg-gallery-type-default\" data-id=\"1bca343\" data-element_type=\"column\" data-e-type=\"column\">\n\t\t\t<div class=\"elementor-widget-wrap elementor-element-populated\">\n\t\t\t\t\t\t<div class=\"elementor-element elementor-element-6aff0be elementor-widget elementor-widget-text-editor\" data-id=\"6aff0be\" data-element_type=\"widget\" data-e-type=\"widget\" data-widget_type=\"text-editor.default\">\n\t\t\t\t<div class=\"elementor-widget-container\">\n\t\t\t\t\t\t\t\t\t<p>\u2022 \u00das de Mascareta. En determinades situacions de les activitats podria ser necessari l\u2019\u00fas de la Mascareta. <br \/>\u2022 Rentat de mans constant; abans, durant i despr\u00e9s de l\u2019 activitat. <br \/>\u2022 Distanciament social. En la mesura que es pugui durant l\u2019activitat.<\/p><p>\u00a0<\/p><p>\u2022 Nous processos de neteja i desinfecci\u00f3 de tots els materials d\u2019activitats despr\u00e9s de cada \u00fas. <br \/>\u2022 Neteja i desinfecci\u00f3 dels vehicles abans i despr\u00e9s de cada activitat<br \/>\u2022 Neteja i desinfecci\u00f3 di\u00e0ria de les nostres instal\u00b7lacions (oficina, magatzem, wc).<\/p><p>\u00a0<\/p><p>\u2022 Noves din\u00e0miques de grup tenint en compte les mesures de prevenci\u00f3.<br \/>\u2022 Possibilitat de fer grups redu\u00efts. Pel distanciament social. <br \/>\u2022 Formacions especifiques dels nostres t\u00e8cnics en mat\u00e8ria de prevenci\u00f3 i higiene. <br \/>\u2022 Disponibilitat de gels hidroalcoh\u00f2lics i mascaretes de protecci\u00f3 per les activitats.<\/p>\t\t\t\t\t\t\t\t<\/div>\n\t\t\t\t<\/div>\n\t\t\t\t\t<\/div>\n\t\t<\/div>\n\t\t\t\t<div class=\"has_ae_slider elementor-column elementor-col-50 elementor-top-column elementor-element elementor-element-711bc40 ae-bg-gallery-type-default\" data-id=\"711bc40\" data-element_type=\"column\" data-e-type=\"column\">\n\t\t\t<div class=\"elementor-widget-wrap elementor-element-populated\">\n\t\t\t\t\t\t<div class=\"elementor-element elementor-element-a7a5697 elementor-widget elementor-widget-image\" data-id=\"a7a5697\" data-element_type=\"widget\" data-e-type=\"widget\" data-widget_type=\"image.default\">\n\t\t\t\t<div class=\"elementor-widget-container\">\n\t\t\t\t\t\t\t\t\t\t\t\t\t\t\t<img fetchpriority=\"high\" decoding=\"async\" width=\"576\" height=\"1024\" src=\"https:\/\/cataloniaexperience.com\/wp-content\/uploads\/2020\/06\/Infografia-covid19-576x1024.jpg\" class=\"attachment-large size-large wp-image-8262\" alt=\"Mesures conting\u00e8ncia COVID19\" srcset=\"https:\/\/cataloniaexperience.com\/wp-content\/uploads\/2020\/06\/Infografia-covid19-576x1024.jpg 576w, https:\/\/cataloniaexperience.com\/wp-content\/uploads\/2020\/06\/Infografia-covid19-169x300.jpg 169w, https:\/\/cataloniaexperience.com\/wp-content\/uploads\/2020\/06\/Infografia-covid19-768x1365.jpg 768w, https:\/\/cataloniaexperience.com\/wp-content\/uploads\/2020\/06\/Infografia-covid19-864x1536.jpg 864w, https:\/\/cataloniaexperience.com\/wp-content\/uploads\/2020\/06\/Infografia-covid19-450x800.jpg 450w, https:\/\/cataloniaexperience.com\/wp-content\/uploads\/2020\/06\/Infografia-covid19.jpg 1080w\" sizes=\"(max-width: 576px) 100vw, 576px\" \/>\t\t\t\t\t\t\t\t\t\t\t\t\t\t\t<\/div>\n\t\t\t\t<\/div>\n\t\t\t\t\t<\/div>\n\t\t<\/div>\n\t\t\t\t\t<\/div>\n\t\t<\/section>\n\t\t\t\t<section class=\"has_ae_slider elementor-section elementor-top-section elementor-element elementor-element-aefb524 elementor-section-stretched elementor-section-boxed elementor-section-height-default elementor-section-height-default ae-bg-gallery-type-default\" data-id=\"aefb524\" data-element_type=\"section\" data-e-type=\"section\" data-settings=\"{&quot;stretch_section&quot;:&quot;section-stretched&quot;}\">\n\t\t\t\t\t\t<div class=\"elementor-container elementor-column-gap-default\">\n\t\t\t\t\t<div class=\"has_ae_slider elementor-column elementor-col-100 elementor-top-column elementor-element elementor-element-e9d3706 ae-bg-gallery-type-default\" data-id=\"e9d3706\" data-element_type=\"column\" data-e-type=\"column\">\n\t\t\t<div class=\"elementor-widget-wrap elementor-element-populated\">\n\t\t\t\t\t\t<div class=\"elementor-element elementor-element-41ea554 elementor-widget elementor-widget-spacer\" data-id=\"41ea554\" data-element_type=\"widget\" data-e-type=\"widget\" data-widget_type=\"spacer.default\">\n\t\t\t\t<div class=\"elementor-widget-container\">\n\t\t\t\t\t\t\t<div class=\"elementor-spacer\">\n\t\t\t<div class=\"elementor-spacer-inner\"><\/div>\n\t\t<\/div>\n\t\t\t\t\t\t<\/div>\n\t\t\t\t<\/div>\n\t\t\t\t<div class=\"elementor-element elementor-element-ec413f5 elementor-widget elementor-widget-text-editor\" data-id=\"ec413f5\" data-element_type=\"widget\" data-e-type=\"widget\" data-widget_type=\"text-editor.default\">\n\t\t\t\t<div class=\"elementor-widget-container\">\n\t\t\t\t\t\t\t\t\t<p>&nbsp; &nbsp;A Vertical Emotions ens hem preparat i format per fer front a la pand\u00e8mia de la covid-19. Hem pres tota una s\u00e8rie de mesures generals i especifiques per prevenir contagis i hem millorat els nostres&nbsp; processos de neteja i desinfecci\u00f3 de tots els materials i vehicles que utilitzem.<\/p>\t\t\t\t\t\t\t\t<\/div>\n\t\t\t\t<\/div>\n\t\t\t\t<div class=\"elementor-element elementor-element-e13eeb3 elementor-widget elementor-widget-text-editor\" data-id=\"e13eeb3\" data-element_type=\"widget\" data-e-type=\"widget\" data-widget_type=\"text-editor.default\">\n\t\t\t\t<div class=\"elementor-widget-container\">\n\t\t\t\t\t\t\t\t\t<p><img decoding=\"async\" class=\"alignleft\" style=\"font-size: 1em;\" src=\"https:\/\/cataloniaexperience.com\/wp-content\/uploads\/2020\/06\/Meilleur-baudrier-escalade-1024x684-1.jpg\" alt=\"\" width=\"480\" height=\"700\" \/><\/p><p>\u00a0 \u00a0Els nostres t\u00e8cnics s\u2019estan formant en mat\u00e8ria de prevenci\u00f3 per aplicar nous protocols en el desenvolupament de cada activitat. Tots ells disposaran en el seu equipament diari de mascareta de protecci\u00f3 i gel hidroalcoh\u00f2lic per fer un rentat de mans constant i habitual. La mascareta \u00e9s d\u2019obligat \u00fas tant pels clients\u00a0 com els guies, ja que en determinades situacions no es pot mantenir la dist\u00e0ncia de seguretat entre el participant i t\u00e8cnic. \u00a0Son coneixedors tamb\u00e9 dels protocols a seguir en cas de que possibles clients presentessin s\u00edmptomes d\u2019infecci\u00f3.<\/p>\t\t\t\t\t\t\t\t<\/div>\n\t\t\t\t<\/div>\n\t\t\t\t<div class=\"elementor-element elementor-element-b1020e5 elementor-widget elementor-widget-text-editor\" data-id=\"b1020e5\" data-element_type=\"widget\" data-e-type=\"widget\" data-widget_type=\"text-editor.default\">\n\t\t\t\t<div class=\"elementor-widget-container\">\n\t\t\t\t\t\t\t\t\t<p><span style=\"font-size: 1em;\">\u00a0 \u00a0Tots els nostres materials i vehicles seran netejats i desinfectats exhaustivament seguint unes pautes de qualitat i despr\u00e9s de cada \u00fas. Cada element del nostre material ser\u00e0 netejat i desinfectat amb el seu producte adequat i recomanat pel seu fabricant,\u00a0 per vetllar per les m\u00e0ximes garanties d\u2019higiene i seguretat.\u00a0 En termes higi\u00e8nics dividim tot el nostre material d\u2019activitats en tres tipus: <\/span><strong style=\"font-size: 1em;\">Material T\u00e8xtil de seguretat<\/strong><span style=\"font-size: 1em;\"> (cordes, arnesos, caps d\u2019ancoratge, anelles, etc..), <\/span><strong style=\"font-size: 1em;\">Material Dur de seguretat<\/strong><span style=\"font-size: 1em;\"> (Mosquetons, vuits, cascs, etc..), i <\/span><strong style=\"font-size: 1em;\">Material T\u00e8xtil de NO seguretat<\/strong><span style=\"font-size: 1em;\"> (Neoprens, escarpins, guants, peus de gat, etc..).<\/span><\/p>\t\t\t\t\t\t\t\t<\/div>\n\t\t\t\t<\/div>\n\t\t\t\t<div class=\"elementor-element elementor-element-2e9c94a elementor-widget elementor-widget-text-editor\" data-id=\"2e9c94a\" data-element_type=\"widget\" data-e-type=\"widget\" data-widget_type=\"text-editor.default\">\n\t\t\t\t<div class=\"elementor-widget-container\">\n\t\t\t\t\t\t\t\t\t<p><img decoding=\"async\" class=\"alignright\" src=\"https:\/\/cataloniaexperience.com\/wp-content\/uploads\/2020\/06\/33-1252865552EnMt.jpg\" alt=\"\" width=\"380\" height=\"980\" \/><\/p><p>\u00a0 \u00a0Cada tipus de material t\u00e9 un proc\u00e9s diferents de neteja i desinfecci\u00f3 que coneixem i apliquem, aix\u00ed com els seus productes desinfectants espec\u00edfics.<\/p><p>En quan a les activitats Vertical Emotions donar\u00e0 la opci\u00f3 en el proc\u00e9s de reserva de fer grups redu\u00efts i limitats, sense la possibilitat d\u2019ajuntar grups. Participant d\u2019aquesta manera en el distanciament social.<\/p><p>I ampliar\u00e0 la seva pol\u00edtica de cancel\u00b7lacions fins les ultimes 24hores abans de l\u2019activitat, en activitats de un dia i durant l\u2019estiu 2020.<\/p>\t\t\t\t\t\t\t\t<\/div>\n\t\t\t\t<\/div>\n\t\t\t\t\t<\/div>\n\t\t<\/div>\n\t\t\t\t\t<\/div>\n\t\t<\/section>\n\t\t\t\t<\/div>\n\t\t","protected":false},"excerpt":{"rendered":"<p>Mesures Conting\u00e8ncia COVID19 Tornem a activar els nostres serveis: segueix-nos a les xarxes per saber quines activitats pots fer amb nosaltres. Com que ens preocupa la seguretat dels nostres clients i dels nostres treballadors hem preparat aquestes mesures de conting\u00e8ncia. Segueix llegint per estar-ne ben informat. \u2022 \u00das de Mascareta. En determinades situacions de les &hellip; <\/p>\n<p class=\"link-more\"><a href=\"https:\/\/cataloniaexperience.com\/ca\/mesures-seguretat-estiu-2020-covid19\/\" class=\"more-link\">Continua llegint <span class=\"screen-reader-text\">\u00abMesures Conting\u00e8ncia COVID19\u00bb<\/span><\/a><\/p>\n","protected":false},"author":1,"featured_media":0,"parent":0,"menu_order":0,"comment_status":"closed","ping_status":"closed","template":"","meta":{"inline_featured_image":false,"_joinchat":[],"footnotes":""},"categories":[],"tags":[],"class_list":["post-8143","page","type-page","status-publish","hentry","entry"],"yoast_head":"<!-- This site is optimized with the Yoast SEO plugin v27.5 - https:\/\/yoast.com\/product\/yoast-seo-wordpress\/ -->\n<title>Mesures Conting\u00e8ncia COVID19 - Vertical Emotions<\/title>\n<meta name=\"robots\" content=\"index, follow, max-snippet:-1, max-image-preview:large, max-video-preview:-1\" \/>\n<link rel=\"canonical\" href=\"https:\/\/cataloniaexperience.com\/mesures-seguretat-estiu-2020-covid19\/\" \/>\n<meta property=\"og:locale\" content=\"ca_ES\" \/>\n<meta property=\"og:type\" content=\"article\" \/>\n<meta property=\"og:title\" content=\"Mesures Conting\u00e8ncia COVID19 - Vertical Emotions\" \/>\n<meta property=\"og:description\" content=\"Mesures Conting\u00e8ncia COVID19 Tornem a activar els nostres serveis: segueix-nos a les xarxes per saber quines activitats pots fer amb nosaltres. Com que ens preocupa la seguretat dels nostres clients i dels nostres treballadors hem preparat aquestes mesures de conting\u00e8ncia. Segueix llegint per estar-ne ben informat. \u2022 \u00das de Mascareta. En determinades situacions de les &hellip; Continua llegint \u00abMesures Conting\u00e8ncia COVID19\u00bb\" \/>\n<meta property=\"og:url\" content=\"https:\/\/cataloniaexperience.com\/mesures-seguretat-estiu-2020-covid19\/\" \/>\n<meta property=\"og:site_name\" content=\"Vertical Emotions\" \/>\n<meta property=\"article:publisher\" content=\"https:\/\/www.facebook.com\/verticalemotions\" \/>\n<meta property=\"article:modified_time\" content=\"2021-09-24T09:00:15+00:00\" \/>\n<meta property=\"og:image\" content=\"http:\/\/verticalemotions.com\/wp-content\/uploads\/2020\/06\/Infografia-covid19-576x1024.jpg\" \/>\n<meta name=\"twitter:card\" content=\"summary_large_image\" \/>\n<meta name=\"twitter:label1\" content=\"Temps estimat de lectura\" \/>\n\t<meta name=\"twitter:data1\" content=\"3 minuts\" \/>\n<script type=\"application\/ld+json\" class=\"yoast-schema-graph\">{\"@context\":\"https:\\\/\\\/schema.org\",\"@graph\":[{\"@type\":\"WebPage\",\"@id\":\"https:\\\/\\\/cataloniaexperience.com\\\/mesures-seguretat-estiu-2020-covid19\\\/\",\"url\":\"https:\\\/\\\/cataloniaexperience.com\\\/mesures-seguretat-estiu-2020-covid19\\\/\",\"name\":\"Mesures Conting\u00e8ncia COVID19 - Vertical Emotions\",\"isPartOf\":{\"@id\":\"https:\\\/\\\/cataloniaexperience.com\\\/#website\"},\"primaryImageOfPage\":{\"@id\":\"https:\\\/\\\/cataloniaexperience.com\\\/mesures-seguretat-estiu-2020-covid19\\\/#primaryimage\"},\"image\":{\"@id\":\"https:\\\/\\\/cataloniaexperience.com\\\/mesures-seguretat-estiu-2020-covid19\\\/#primaryimage\"},\"thumbnailUrl\":\"http:\\\/\\\/verticalemotions.com\\\/wp-content\\\/uploads\\\/2020\\\/06\\\/Infografia-covid19-576x1024.jpg\",\"datePublished\":\"2020-06-12T09:45:39+00:00\",\"dateModified\":\"2021-09-24T09:00:15+00:00\",\"breadcrumb\":{\"@id\":\"https:\\\/\\\/cataloniaexperience.com\\\/mesures-seguretat-estiu-2020-covid19\\\/#breadcrumb\"},\"inLanguage\":\"ca\",\"potentialAction\":[{\"@type\":\"ReadAction\",\"target\":[\"https:\\\/\\\/cataloniaexperience.com\\\/mesures-seguretat-estiu-2020-covid19\\\/\"]}]},{\"@type\":\"ImageObject\",\"inLanguage\":\"ca\",\"@id\":\"https:\\\/\\\/cataloniaexperience.com\\\/mesures-seguretat-estiu-2020-covid19\\\/#primaryimage\",\"url\":\"http:\\\/\\\/verticalemotions.com\\\/wp-content\\\/uploads\\\/2020\\\/06\\\/Infografia-covid19-576x1024.jpg\",\"contentUrl\":\"http:\\\/\\\/verticalemotions.com\\\/wp-content\\\/uploads\\\/2020\\\/06\\\/Infografia-covid19-576x1024.jpg\"},{\"@type\":\"BreadcrumbList\",\"@id\":\"https:\\\/\\\/cataloniaexperience.com\\\/mesures-seguretat-estiu-2020-covid19\\\/#breadcrumb\",\"itemListElement\":[{\"@type\":\"ListItem\",\"position\":1,\"name\":\"Inici\",\"item\":\"https:\\\/\\\/cataloniaexperience.com\\\/\"},{\"@type\":\"ListItem\",\"position\":2,\"name\":\"Mesures Conting\u00e8ncia COVID19\"}]},{\"@type\":\"WebSite\",\"@id\":\"https:\\\/\\\/cataloniaexperience.com\\\/#website\",\"url\":\"https:\\\/\\\/cataloniaexperience.com\\\/\",\"name\":\"Vertical Emotions\",\"description\":\"Vertical Emotions\",\"publisher\":{\"@id\":\"https:\\\/\\\/cataloniaexperience.com\\\/#organization\"},\"potentialAction\":[{\"@type\":\"SearchAction\",\"target\":{\"@type\":\"EntryPoint\",\"urlTemplate\":\"https:\\\/\\\/cataloniaexperience.com\\\/?s={search_term_string}\"},\"query-input\":{\"@type\":\"PropertyValueSpecification\",\"valueRequired\":true,\"valueName\":\"search_term_string\"}}],\"inLanguage\":\"ca\"},{\"@type\":\"Organization\",\"@id\":\"https:\\\/\\\/cataloniaexperience.com\\\/#organization\",\"name\":\"Vertical Emotions\",\"url\":\"https:\\\/\\\/cataloniaexperience.com\\\/\",\"logo\":{\"@type\":\"ImageObject\",\"inLanguage\":\"ca\",\"@id\":\"https:\\\/\\\/cataloniaexperience.com\\\/#\\\/schema\\\/logo\\\/image\\\/\",\"url\":\"http:\\\/\\\/verticalemotions.com\\\/wp-content\\\/uploads\\\/2020\\\/02\\\/vertical_emotions_logo_plantilla_web.jpg\",\"contentUrl\":\"http:\\\/\\\/verticalemotions.com\\\/wp-content\\\/uploads\\\/2020\\\/02\\\/vertical_emotions_logo_plantilla_web.jpg\",\"width\":600,\"height\":116,\"caption\":\"Vertical Emotions\"},\"image\":{\"@id\":\"https:\\\/\\\/cataloniaexperience.com\\\/#\\\/schema\\\/logo\\\/image\\\/\"},\"sameAs\":[\"https:\\\/\\\/www.facebook.com\\\/verticalemotions\",\"https:\\\/\\\/www.instagram.com\\\/verticalemotions\\\/\"]}]}<\/script>\n<!-- \/ Yoast SEO plugin. -->","yoast_head_json":{"title":"Mesures Conting\u00e8ncia COVID19 - Vertical Emotions","robots":{"index":"index","follow":"follow","max-snippet":"max-snippet:-1","max-image-preview":"max-image-preview:large","max-video-preview":"max-video-preview:-1"},"canonical":"https:\/\/cataloniaexperience.com\/mesures-seguretat-estiu-2020-covid19\/","og_locale":"ca_ES","og_type":"article","og_title":"Mesures Conting\u00e8ncia COVID19 - Vertical Emotions","og_description":"Mesures Conting\u00e8ncia COVID19 Tornem a activar els nostres serveis: segueix-nos a les xarxes per saber quines activitats pots fer amb nosaltres. Com que ens preocupa la seguretat dels nostres clients i dels nostres treballadors hem preparat aquestes mesures de conting\u00e8ncia. Segueix llegint per estar-ne ben informat. \u2022 \u00das de Mascareta. En determinades situacions de les &hellip; Continua llegint \u00abMesures Conting\u00e8ncia COVID19\u00bb","og_url":"https:\/\/cataloniaexperience.com\/mesures-seguretat-estiu-2020-covid19\/","og_site_name":"Vertical Emotions","article_publisher":"https:\/\/www.facebook.com\/verticalemotions","article_modified_time":"2021-09-24T09:00:15+00:00","og_image":[{"url":"http:\/\/verticalemotions.com\/wp-content\/uploads\/2020\/06\/Infografia-covid19-576x1024.jpg","type":"","width":"","height":""}],"twitter_card":"summary_large_image","twitter_misc":{"Temps estimat de lectura":"3 minuts"},"schema":{"@context":"https:\/\/schema.org","@graph":[{"@type":"WebPage","@id":"https:\/\/cataloniaexperience.com\/mesures-seguretat-estiu-2020-covid19\/","url":"https:\/\/cataloniaexperience.com\/mesures-seguretat-estiu-2020-covid19\/","name":"Mesures Conting\u00e8ncia COVID19 - Vertical Emotions","isPartOf":{"@id":"https:\/\/cataloniaexperience.com\/#website"},"primaryImageOfPage":{"@id":"https:\/\/cataloniaexperience.com\/mesures-seguretat-estiu-2020-covid19\/#primaryimage"},"image":{"@id":"https:\/\/cataloniaexperience.com\/mesures-seguretat-estiu-2020-covid19\/#primaryimage"},"thumbnailUrl":"http:\/\/verticalemotions.com\/wp-content\/uploads\/2020\/06\/Infografia-covid19-576x1024.jpg","datePublished":"2020-06-12T09:45:39+00:00","dateModified":"2021-09-24T09:00:15+00:00","breadcrumb":{"@id":"https:\/\/cataloniaexperience.com\/mesures-seguretat-estiu-2020-covid19\/#breadcrumb"},"inLanguage":"ca","potentialAction":[{"@type":"ReadAction","target":["https:\/\/cataloniaexperience.com\/mesures-seguretat-estiu-2020-covid19\/"]}]},{"@type":"ImageObject","inLanguage":"ca","@id":"https:\/\/cataloniaexperience.com\/mesures-seguretat-estiu-2020-covid19\/#primaryimage","url":"http:\/\/verticalemotions.com\/wp-content\/uploads\/2020\/06\/Infografia-covid19-576x1024.jpg","contentUrl":"http:\/\/verticalemotions.com\/wp-content\/uploads\/2020\/06\/Infografia-covid19-576x1024.jpg"},{"@type":"BreadcrumbList","@id":"https:\/\/cataloniaexperience.com\/mesures-seguretat-estiu-2020-covid19\/#breadcrumb","itemListElement":[{"@type":"ListItem","position":1,"name":"Inici","item":"https:\/\/cataloniaexperience.com\/"},{"@type":"ListItem","position":2,"name":"Mesures Conting\u00e8ncia COVID19"}]},{"@type":"WebSite","@id":"https:\/\/cataloniaexperience.com\/#website","url":"https:\/\/cataloniaexperience.com\/","name":"Vertical Emotions","description":"Vertical Emotions","publisher":{"@id":"https:\/\/cataloniaexperience.com\/#organization"},"potentialAction":[{"@type":"SearchAction","target":{"@type":"EntryPoint","urlTemplate":"https:\/\/cataloniaexperience.com\/?s={search_term_string}"},"query-input":{"@type":"PropertyValueSpecification","valueRequired":true,"valueName":"search_term_string"}}],"inLanguage":"ca"},{"@type":"Organization","@id":"https:\/\/cataloniaexperience.com\/#organization","name":"Vertical Emotions","url":"https:\/\/cataloniaexperience.com\/","logo":{"@type":"ImageObject","inLanguage":"ca","@id":"https:\/\/cataloniaexperience.com\/#\/schema\/logo\/image\/","url":"http:\/\/verticalemotions.com\/wp-content\/uploads\/2020\/02\/vertical_emotions_logo_plantilla_web.jpg","contentUrl":"http:\/\/verticalemotions.com\/wp-content\/uploads\/2020\/02\/vertical_emotions_logo_plantilla_web.jpg","width":600,"height":116,"caption":"Vertical Emotions"},"image":{"@id":"https:\/\/cataloniaexperience.com\/#\/schema\/logo\/image\/"},"sameAs":["https:\/\/www.facebook.com\/verticalemotions","https:\/\/www.instagram.com\/verticalemotions\/"]}]}},"_links":{"self":[{"href":"https:\/\/cataloniaexperience.com\/ca\/wp-json\/wp\/v2\/pages\/8143","targetHints":{"allow":["GET"]}}],"collection":[{"href":"https:\/\/cataloniaexperience.com\/ca\/wp-json\/wp\/v2\/pages"}],"about":[{"href":"https:\/\/cataloniaexperience.com\/ca\/wp-json\/wp\/v2\/types\/page"}],"author":[{"embeddable":true,"href":"https:\/\/cataloniaexperience.com\/ca\/wp-json\/wp\/v2\/users\/1"}],"replies":[{"embeddable":true,"href":"https:\/\/cataloniaexperience.com\/ca\/wp-json\/wp\/v2\/comments?post=8143"}],"version-history":[{"count":0,"href":"https:\/\/cataloniaexperience.com\/ca\/wp-json\/wp\/v2\/pages\/8143\/revisions"}],"wp:attachment":[{"href":"https:\/\/cataloniaexperience.com\/ca\/wp-json\/wp\/v2\/media?parent=8143"}],"wp:term":[{"taxonomy":"category","embeddable":true,"href":"https:\/\/cataloniaexperience.com\/ca\/wp-json\/wp\/v2\/categories?post=8143"},{"taxonomy":"post_tag","embeddable":true,"href":"https:\/\/cataloniaexperience.com\/ca\/wp-json\/wp\/v2\/tags?post=8143"}],"curies":[{"name":"wp","href":"https:\/\/api.w.org\/{rel}","templated":true}]}}