{"id":3004,"date":"2024-12-08T06:42:26","date_gmt":"2024-12-08T05:42:26","guid":{"rendered":"http:\/\/verticalemotions.com\/?post_type=product&#038;p=3004"},"modified":"2025-02-11T21:29:53","modified_gmt":"2025-02-11T20:29:53","slug":"curs-esqui-i-alpinisme-nivell-3","status":"publish","type":"product","link":"https:\/\/cataloniaexperience.com\/ca\/producte\/curs-esqui-i-alpinisme-nivell-3\/","title":{"rendered":"Curs d&#8217;Esqu\u00ed i alpinisme Nivell 3"},"content":{"rendered":"<p>Preu: 170\u20ac per persona.<\/p>\n<p>* el curs es realitza amb un m\u00ednim de 4 persones i m\u00e0xim de 6.<\/p>\n<p><strong>Inclou:<\/strong><\/p>\n<p>\u2013 T\u00e8cnic titulat.<br \/>\n\u2013 Asseguran\u00e7a d\u2019accidents i RC.<br \/>\n\u2013 Gesti\u00f3 de rerserves d&#8217;allotjament.<br \/>\n&#8211; Gesti\u00f3 de material de lloguer.<br \/>\n&#8211; Allotjament i dietes del t\u00e8cnic.<\/p>\n<p><strong>No inclou:<\/strong><\/p>\n<p>\u2013 Transport fins al lloc de l&#8217;activitat.<br \/>\n\u2013 Material t\u00e8cnic necessari per l&#8217;activitat.<br \/>\n\u2013 Allotjament i dietes.<\/p>\n<p><strong>Propers cursos:\u00a0<\/strong><br \/>\nTots els caps de setmana de desembre a abril.<\/p>\n","protected":false},"excerpt":{"rendered":"<p>Preu: 170\u20ac per persona. * el curs es realitza amb un m\u00ednim de 4 persones i m\u00e0xim de 6. Inclou: \u2013 T\u00e8cnic titulat. \u2013 Asseguran\u00e7a d\u2019accidents i RC. \u2013 Gesti\u00f3 de rerserves d&#8217;allotjament. &#8211; Gesti\u00f3 de material de lloguer. &#8211; Allotjament i dietes del t\u00e8cnic. No inclou: \u2013 Transport fins al lloc de l&#8217;activitat. \u2013 &hellip; <\/p>\n<p class=\"link-more\"><a href=\"https:\/\/cataloniaexperience.com\/ca\/producte\/curs-esqui-i-alpinisme-nivell-3\/\" class=\"more-link\">Continua llegint <span class=\"screen-reader-text\">\u00abCurs d&#8217;Esqu\u00ed i alpinisme Nivell 3\u00bb<\/span><\/a><\/p>\n","protected":false},"featured_media":5382,"comment_status":"closed","ping_status":"closed","template":"","meta":{"inline_featured_image":false,"_joinchat":[]},"product_cat":[230,132],"product_tag":[],"class_list":{"0":"post-3004","1":"product","2":"type-product","3":"status-publish","4":"has-post-thumbnail","6":"product_cat-esqui-muntanya-cursos","7":"product_cat-home","8":"entry","10":"first","11":"instock","12":"virtual","13":"sold-individually","14":"taxable","15":"purchasable","16":"product-type-booking"},"yoast_head":"<!-- This site is optimized with the Yoast SEO plugin v27.5 - https:\/\/yoast.com\/product\/yoast-seo-wordpress\/ -->\n<title>Curs d&#039;Esqu\u00ed i alpinisme Nivell 3 - Vertical Emotions<\/title>\n<meta name=\"robots\" content=\"noindex, follow\" \/>\n<meta property=\"og:locale\" content=\"ca_ES\" \/>\n<meta property=\"og:type\" content=\"article\" \/>\n<meta property=\"og:title\" content=\"Curs d&#039;Esqu\u00ed i alpinisme Nivell 3 - Vertical Emotions\" \/>\n<meta property=\"og:description\" content=\"Preu: 170\u20ac per persona. * el curs es realitza amb un m\u00ednim de 4 persones i m\u00e0xim de 6. Inclou: \u2013 T\u00e8cnic titulat. \u2013 Asseguran\u00e7a d\u2019accidents i RC. \u2013 Gesti\u00f3 de rerserves d&#8217;allotjament. &#8211; Gesti\u00f3 de material de lloguer. &#8211; Allotjament i dietes del t\u00e8cnic. No inclou: \u2013 Transport fins al lloc de l&#8217;activitat. \u2013 &hellip; Continua llegint \u00abCurs d&#8217;Esqu\u00ed i alpinisme Nivell 3\u00bb\" \/>\n<meta property=\"og:url\" content=\"https:\/\/cataloniaexperience.com\/producte\/curs-esqui-i-alpinisme-nivell-3\/\" \/>\n<meta property=\"og:site_name\" content=\"Vertical Emotions\" \/>\n<meta property=\"article:publisher\" content=\"https:\/\/www.facebook.com\/verticalemotions\" \/>\n<meta property=\"article:modified_time\" content=\"2025-02-11T20:29:53+00:00\" \/>\n<meta property=\"og:image\" content=\"https:\/\/cataloniaexperience.com\/wp-content\/uploads\/2019\/05\/Curs-Avan\u00e7at-Esqu\u00ed-Muntanya-4-Dies-horitzontal.jpg\" \/>\n\t<meta property=\"og:image:width\" content=\"1920\" \/>\n\t<meta property=\"og:image:height\" content=\"450\" \/>\n\t<meta property=\"og:image:type\" content=\"image\/jpeg\" \/>\n<meta name=\"twitter:card\" content=\"summary_large_image\" \/>\n<meta name=\"twitter:label1\" content=\"Temps estimat de lectura\" \/>\n\t<meta name=\"twitter:data1\" content=\"3 minuts\" \/>\n<script type=\"application\/ld+json\" class=\"yoast-schema-graph\">{\"@context\":\"https:\\\/\\\/schema.org\",\"@graph\":[{\"@type\":\"WebPage\",\"@id\":\"https:\\\/\\\/cataloniaexperience.com\\\/producte\\\/curs-esqui-i-alpinisme-nivell-3\\\/\",\"url\":\"https:\\\/\\\/cataloniaexperience.com\\\/producte\\\/curs-esqui-i-alpinisme-nivell-3\\\/\",\"name\":\"Curs d'Esqu\u00ed i alpinisme Nivell 3 - Vertical Emotions\",\"isPartOf\":{\"@id\":\"https:\\\/\\\/cataloniaexperience.com\\\/#website\"},\"primaryImageOfPage\":{\"@id\":\"https:\\\/\\\/cataloniaexperience.com\\\/producte\\\/curs-esqui-i-alpinisme-nivell-3\\\/#primaryimage\"},\"image\":{\"@id\":\"https:\\\/\\\/cataloniaexperience.com\\\/producte\\\/curs-esqui-i-alpinisme-nivell-3\\\/#primaryimage\"},\"thumbnailUrl\":\"https:\\\/\\\/cataloniaexperience.com\\\/wp-content\\\/uploads\\\/2019\\\/05\\\/Curs-Avan\u00e7at-Esqu\u00ed-Muntanya-4-Dies-horitzontal.jpg\",\"datePublished\":\"2024-12-08T05:42:26+00:00\",\"dateModified\":\"2025-02-11T20:29:53+00:00\",\"breadcrumb\":{\"@id\":\"https:\\\/\\\/cataloniaexperience.com\\\/producte\\\/curs-esqui-i-alpinisme-nivell-3\\\/#breadcrumb\"},\"inLanguage\":\"ca\",\"potentialAction\":[{\"@type\":\"ReadAction\",\"target\":[\"https:\\\/\\\/cataloniaexperience.com\\\/producte\\\/curs-esqui-i-alpinisme-nivell-3\\\/\"]}]},{\"@type\":\"ImageObject\",\"inLanguage\":\"ca\",\"@id\":\"https:\\\/\\\/cataloniaexperience.com\\\/producte\\\/curs-esqui-i-alpinisme-nivell-3\\\/#primaryimage\",\"url\":\"https:\\\/\\\/cataloniaexperience.com\\\/wp-content\\\/uploads\\\/2019\\\/05\\\/Curs-Avan\u00e7at-Esqu\u00ed-Muntanya-4-Dies-horitzontal.jpg\",\"contentUrl\":\"https:\\\/\\\/cataloniaexperience.com\\\/wp-content\\\/uploads\\\/2019\\\/05\\\/Curs-Avan\u00e7at-Esqu\u00ed-Muntanya-4-Dies-horitzontal.jpg\",\"width\":1920,\"height\":450,\"caption\":\"Curs-Avan\u00e7at-Esqu\u00ed-Muntanya-4-Dies\"},{\"@type\":\"BreadcrumbList\",\"@id\":\"https:\\\/\\\/cataloniaexperience.com\\\/producte\\\/curs-esqui-i-alpinisme-nivell-3\\\/#breadcrumb\",\"itemListElement\":[{\"@type\":\"ListItem\",\"position\":1,\"name\":\"Inici\",\"item\":\"https:\\\/\\\/cataloniaexperience.com\\\/\"},{\"@type\":\"ListItem\",\"position\":2,\"name\":\"Productes\",\"item\":\"https:\\\/\\\/cataloniaexperience.com\\\/shop\\\/\"},{\"@type\":\"ListItem\",\"position\":3,\"name\":\"Curs d&#8217;Esqu\u00ed i alpinisme Nivell 3\"}]},{\"@type\":\"WebSite\",\"@id\":\"https:\\\/\\\/cataloniaexperience.com\\\/#website\",\"url\":\"https:\\\/\\\/cataloniaexperience.com\\\/\",\"name\":\"Vertical Emotions\",\"description\":\"Vertical Emotions\",\"publisher\":{\"@id\":\"https:\\\/\\\/cataloniaexperience.com\\\/#organization\"},\"potentialAction\":[{\"@type\":\"SearchAction\",\"target\":{\"@type\":\"EntryPoint\",\"urlTemplate\":\"https:\\\/\\\/cataloniaexperience.com\\\/?s={search_term_string}\"},\"query-input\":{\"@type\":\"PropertyValueSpecification\",\"valueRequired\":true,\"valueName\":\"search_term_string\"}}],\"inLanguage\":\"ca\"},{\"@type\":\"Organization\",\"@id\":\"https:\\\/\\\/cataloniaexperience.com\\\/#organization\",\"name\":\"Vertical Emotions\",\"url\":\"https:\\\/\\\/cataloniaexperience.com\\\/\",\"logo\":{\"@type\":\"ImageObject\",\"inLanguage\":\"ca\",\"@id\":\"https:\\\/\\\/cataloniaexperience.com\\\/#\\\/schema\\\/logo\\\/image\\\/\",\"url\":\"http:\\\/\\\/verticalemotions.com\\\/wp-content\\\/uploads\\\/2020\\\/02\\\/vertical_emotions_logo_plantilla_web.jpg\",\"contentUrl\":\"http:\\\/\\\/verticalemotions.com\\\/wp-content\\\/uploads\\\/2020\\\/02\\\/vertical_emotions_logo_plantilla_web.jpg\",\"width\":600,\"height\":116,\"caption\":\"Vertical Emotions\"},\"image\":{\"@id\":\"https:\\\/\\\/cataloniaexperience.com\\\/#\\\/schema\\\/logo\\\/image\\\/\"},\"sameAs\":[\"https:\\\/\\\/www.facebook.com\\\/verticalemotions\",\"https:\\\/\\\/www.instagram.com\\\/verticalemotions\\\/\"]}]}<\/script>\n<!-- \/ Yoast SEO plugin. -->","yoast_head_json":{"title":"Curs d'Esqu\u00ed i alpinisme Nivell 3 - Vertical Emotions","robots":{"index":"noindex","follow":"follow"},"og_locale":"ca_ES","og_type":"article","og_title":"Curs d'Esqu\u00ed i alpinisme Nivell 3 - Vertical Emotions","og_description":"Preu: 170\u20ac per persona. * el curs es realitza amb un m\u00ednim de 4 persones i m\u00e0xim de 6. Inclou: \u2013 T\u00e8cnic titulat. \u2013 Asseguran\u00e7a d\u2019accidents i RC. \u2013 Gesti\u00f3 de rerserves d&#8217;allotjament. &#8211; Gesti\u00f3 de material de lloguer. &#8211; Allotjament i dietes del t\u00e8cnic. No inclou: \u2013 Transport fins al lloc de l&#8217;activitat. \u2013 &hellip; Continua llegint \u00abCurs d&#8217;Esqu\u00ed i alpinisme Nivell 3\u00bb","og_url":"https:\/\/cataloniaexperience.com\/producte\/curs-esqui-i-alpinisme-nivell-3\/","og_site_name":"Vertical Emotions","article_publisher":"https:\/\/www.facebook.com\/verticalemotions","article_modified_time":"2025-02-11T20:29:53+00:00","og_image":[{"width":1920,"height":450,"url":"https:\/\/cataloniaexperience.com\/wp-content\/uploads\/2019\/05\/Curs-Avan\u00e7at-Esqu\u00ed-Muntanya-4-Dies-horitzontal.jpg","type":"image\/jpeg"}],"twitter_card":"summary_large_image","twitter_misc":{"Temps estimat de lectura":"3 minuts"},"schema":{"@context":"https:\/\/schema.org","@graph":[{"@type":"WebPage","@id":"https:\/\/cataloniaexperience.com\/producte\/curs-esqui-i-alpinisme-nivell-3\/","url":"https:\/\/cataloniaexperience.com\/producte\/curs-esqui-i-alpinisme-nivell-3\/","name":"Curs d'Esqu\u00ed i alpinisme Nivell 3 - Vertical Emotions","isPartOf":{"@id":"https:\/\/cataloniaexperience.com\/#website"},"primaryImageOfPage":{"@id":"https:\/\/cataloniaexperience.com\/producte\/curs-esqui-i-alpinisme-nivell-3\/#primaryimage"},"image":{"@id":"https:\/\/cataloniaexperience.com\/producte\/curs-esqui-i-alpinisme-nivell-3\/#primaryimage"},"thumbnailUrl":"https:\/\/cataloniaexperience.com\/wp-content\/uploads\/2019\/05\/Curs-Avan\u00e7at-Esqu\u00ed-Muntanya-4-Dies-horitzontal.jpg","datePublished":"2024-12-08T05:42:26+00:00","dateModified":"2025-02-11T20:29:53+00:00","breadcrumb":{"@id":"https:\/\/cataloniaexperience.com\/producte\/curs-esqui-i-alpinisme-nivell-3\/#breadcrumb"},"inLanguage":"ca","potentialAction":[{"@type":"ReadAction","target":["https:\/\/cataloniaexperience.com\/producte\/curs-esqui-i-alpinisme-nivell-3\/"]}]},{"@type":"ImageObject","inLanguage":"ca","@id":"https:\/\/cataloniaexperience.com\/producte\/curs-esqui-i-alpinisme-nivell-3\/#primaryimage","url":"https:\/\/cataloniaexperience.com\/wp-content\/uploads\/2019\/05\/Curs-Avan\u00e7at-Esqu\u00ed-Muntanya-4-Dies-horitzontal.jpg","contentUrl":"https:\/\/cataloniaexperience.com\/wp-content\/uploads\/2019\/05\/Curs-Avan\u00e7at-Esqu\u00ed-Muntanya-4-Dies-horitzontal.jpg","width":1920,"height":450,"caption":"Curs-Avan\u00e7at-Esqu\u00ed-Muntanya-4-Dies"},{"@type":"BreadcrumbList","@id":"https:\/\/cataloniaexperience.com\/producte\/curs-esqui-i-alpinisme-nivell-3\/#breadcrumb","itemListElement":[{"@type":"ListItem","position":1,"name":"Inici","item":"https:\/\/cataloniaexperience.com\/"},{"@type":"ListItem","position":2,"name":"Productes","item":"https:\/\/cataloniaexperience.com\/shop\/"},{"@type":"ListItem","position":3,"name":"Curs d&#8217;Esqu\u00ed i alpinisme Nivell 3"}]},{"@type":"WebSite","@id":"https:\/\/cataloniaexperience.com\/#website","url":"https:\/\/cataloniaexperience.com\/","name":"Vertical Emotions","description":"Vertical Emotions","publisher":{"@id":"https:\/\/cataloniaexperience.com\/#organization"},"potentialAction":[{"@type":"SearchAction","target":{"@type":"EntryPoint","urlTemplate":"https:\/\/cataloniaexperience.com\/?s={search_term_string}"},"query-input":{"@type":"PropertyValueSpecification","valueRequired":true,"valueName":"search_term_string"}}],"inLanguage":"ca"},{"@type":"Organization","@id":"https:\/\/cataloniaexperience.com\/#organization","name":"Vertical Emotions","url":"https:\/\/cataloniaexperience.com\/","logo":{"@type":"ImageObject","inLanguage":"ca","@id":"https:\/\/cataloniaexperience.com\/#\/schema\/logo\/image\/","url":"http:\/\/verticalemotions.com\/wp-content\/uploads\/2020\/02\/vertical_emotions_logo_plantilla_web.jpg","contentUrl":"http:\/\/verticalemotions.com\/wp-content\/uploads\/2020\/02\/vertical_emotions_logo_plantilla_web.jpg","width":600,"height":116,"caption":"Vertical Emotions"},"image":{"@id":"https:\/\/cataloniaexperience.com\/#\/schema\/logo\/image\/"},"sameAs":["https:\/\/www.facebook.com\/verticalemotions","https:\/\/www.instagram.com\/verticalemotions\/"]}]}},"_links":{"self":[{"href":"https:\/\/cataloniaexperience.com\/ca\/wp-json\/wp\/v2\/product\/3004","targetHints":{"allow":["GET"]}}],"collection":[{"href":"https:\/\/cataloniaexperience.com\/ca\/wp-json\/wp\/v2\/product"}],"about":[{"href":"https:\/\/cataloniaexperience.com\/ca\/wp-json\/wp\/v2\/types\/product"}],"replies":[{"embeddable":true,"href":"https:\/\/cataloniaexperience.com\/ca\/wp-json\/wp\/v2\/comments?post=3004"}],"version-history":[{"count":1,"href":"https:\/\/cataloniaexperience.com\/ca\/wp-json\/wp\/v2\/product\/3004\/revisions"}],"predecessor-version":[{"id":70379,"href":"https:\/\/cataloniaexperience.com\/ca\/wp-json\/wp\/v2\/product\/3004\/revisions\/70379"}],"wp:featuredmedia":[{"embeddable":true,"href":"https:\/\/cataloniaexperience.com\/ca\/wp-json\/wp\/v2\/media\/5382"}],"wp:attachment":[{"href":"https:\/\/cataloniaexperience.com\/ca\/wp-json\/wp\/v2\/media?parent=3004"}],"wp:term":[{"taxonomy":"product_cat","embeddable":true,"href":"https:\/\/cataloniaexperience.com\/ca\/wp-json\/wp\/v2\/product_cat?post=3004"},{"taxonomy":"product_tag","embeddable":true,"href":"https:\/\/cataloniaexperience.com\/ca\/wp-json\/wp\/v2\/product_tag?post=3004"}],"curies":[{"name":"wp","href":"https:\/\/api.w.org\/{rel}","templated":true}]}}