{"id":31533,"date":"2024-12-12T16:58:55","date_gmt":"2024-12-12T15:58:55","guid":{"rendered":"http:\/\/verticalemotions.com\/?post_type=product&#038;p=31533"},"modified":"2025-02-07T21:27:02","modified_gmt":"2025-02-07T20:27:02","slug":"formacio-personalitzada-escalada-gel","status":"publish","type":"product","link":"https:\/\/cataloniaexperience.com\/ca\/producte\/formacio-personalitzada-escalada-gel\/","title":{"rendered":"Formaci\u00f3 personalitzada d&#8217;Escalada en Gel"},"content":{"rendered":"<p>Preu del curs: 295\u20ac<br \/>\n*m\u00e0xim dues persones.<\/p>\n<p><strong>Inclou:<\/strong><\/p>\n<ul>\n<li>T\u00e8cnic titulat<\/li>\n<li>Asseguran\u00e7a d&#8217;accidents i RC.<\/li>\n<\/ul>\n<p><strong>No inclou:<\/strong><\/p>\n<ul>\n<li>Equip i material personal.<\/li>\n<li>Transport.<\/li>\n<li>Tot el no especificat en l&#8217;apartat anterior.<\/li>\n<\/ul>\n<p>&nbsp;<\/p>\n","protected":false},"excerpt":{"rendered":"<p>Preu del curs: 295\u20ac *m\u00e0xim dues persones. Inclou: T\u00e8cnic titulat Asseguran\u00e7a d&#8217;accidents i RC. No inclou: Equip i material personal. Transport. Tot el no especificat en l&#8217;apartat anterior. &nbsp;<\/p>\n","protected":false},"featured_media":31547,"comment_status":"closed","ping_status":"closed","template":"","meta":{"inline_featured_image":false,"_joinchat":[]},"product_cat":[226,148],"product_tag":[],"class_list":{"0":"post-31533","1":"product","2":"type-product","3":"status-publish","4":"has-post-thumbnail","6":"product_cat-escalada-en-gel","7":"product_cat-lastminute","8":"entry","10":"first","11":"instock","12":"featured","13":"virtual","14":"sold-individually","15":"taxable","16":"purchasable","17":"product-type-booking"},"yoast_head":"<!-- This site is optimized with the Yoast SEO plugin v27.5 - https:\/\/yoast.com\/product\/yoast-seo-wordpress\/ -->\n<title>Formaci\u00f3 personalitzada d&#039;Escalada en Gel - Vertical Emotions<\/title>\n<meta name=\"robots\" content=\"noindex, follow\" \/>\n<meta property=\"og:locale\" content=\"ca_ES\" \/>\n<meta property=\"og:type\" content=\"article\" \/>\n<meta property=\"og:title\" content=\"Formaci\u00f3 personalitzada d&#039;Escalada en Gel - Vertical Emotions\" \/>\n<meta property=\"og:description\" content=\"Preu del curs: 295\u20ac *m\u00e0xim dues persones. Inclou: T\u00e8cnic titulat Asseguran\u00e7a d&#8217;accidents i RC. No inclou: Equip i material personal. Transport. Tot el no especificat en l&#8217;apartat anterior. &nbsp;\" \/>\n<meta property=\"og:url\" content=\"https:\/\/cataloniaexperience.com\/producte\/formacio-personalitzada-escalada-gel\/\" \/>\n<meta property=\"og:site_name\" content=\"Vertical Emotions\" \/>\n<meta property=\"article:publisher\" content=\"https:\/\/www.facebook.com\/verticalemotions\" \/>\n<meta property=\"article:modified_time\" content=\"2025-02-07T20:27:02+00:00\" \/>\n<meta property=\"og:image\" content=\"https:\/\/cataloniaexperience.com\/wp-content\/uploads\/2023\/01\/IMG_20211218_131342-scaled-e1675095816408.jpg\" \/>\n\t<meta property=\"og:image:width\" content=\"1920\" \/>\n\t<meta property=\"og:image:height\" content=\"653\" \/>\n\t<meta property=\"og:image:type\" content=\"image\/jpeg\" \/>\n<meta name=\"twitter:card\" content=\"summary_large_image\" \/>\n<meta name=\"twitter:label1\" content=\"Temps estimat de lectura\" \/>\n\t<meta name=\"twitter:data1\" content=\"3 minuts\" \/>\n<script type=\"application\/ld+json\" class=\"yoast-schema-graph\">{\"@context\":\"https:\\\/\\\/schema.org\",\"@graph\":[{\"@type\":\"WebPage\",\"@id\":\"https:\\\/\\\/cataloniaexperience.com\\\/producte\\\/formacio-personalitzada-escalada-gel\\\/\",\"url\":\"https:\\\/\\\/cataloniaexperience.com\\\/producte\\\/formacio-personalitzada-escalada-gel\\\/\",\"name\":\"Formaci\u00f3 personalitzada d'Escalada en Gel - Vertical Emotions\",\"isPartOf\":{\"@id\":\"https:\\\/\\\/cataloniaexperience.com\\\/#website\"},\"primaryImageOfPage\":{\"@id\":\"https:\\\/\\\/cataloniaexperience.com\\\/producte\\\/formacio-personalitzada-escalada-gel\\\/#primaryimage\"},\"image\":{\"@id\":\"https:\\\/\\\/cataloniaexperience.com\\\/producte\\\/formacio-personalitzada-escalada-gel\\\/#primaryimage\"},\"thumbnailUrl\":\"https:\\\/\\\/cataloniaexperience.com\\\/wp-content\\\/uploads\\\/2023\\\/01\\\/IMG_20211218_131342-scaled-e1675095816408.jpg\",\"datePublished\":\"2024-12-12T15:58:55+00:00\",\"dateModified\":\"2025-02-07T20:27:02+00:00\",\"breadcrumb\":{\"@id\":\"https:\\\/\\\/cataloniaexperience.com\\\/producte\\\/formacio-personalitzada-escalada-gel\\\/#breadcrumb\"},\"inLanguage\":\"ca\",\"potentialAction\":[{\"@type\":\"ReadAction\",\"target\":[\"https:\\\/\\\/cataloniaexperience.com\\\/producte\\\/formacio-personalitzada-escalada-gel\\\/\"]}]},{\"@type\":\"ImageObject\",\"inLanguage\":\"ca\",\"@id\":\"https:\\\/\\\/cataloniaexperience.com\\\/producte\\\/formacio-personalitzada-escalada-gel\\\/#primaryimage\",\"url\":\"https:\\\/\\\/cataloniaexperience.com\\\/wp-content\\\/uploads\\\/2023\\\/01\\\/IMG_20211218_131342-scaled-e1675095816408.jpg\",\"contentUrl\":\"https:\\\/\\\/cataloniaexperience.com\\\/wp-content\\\/uploads\\\/2023\\\/01\\\/IMG_20211218_131342-scaled-e1675095816408.jpg\",\"width\":1920,\"height\":653},{\"@type\":\"BreadcrumbList\",\"@id\":\"https:\\\/\\\/cataloniaexperience.com\\\/producte\\\/formacio-personalitzada-escalada-gel\\\/#breadcrumb\",\"itemListElement\":[{\"@type\":\"ListItem\",\"position\":1,\"name\":\"Inici\",\"item\":\"https:\\\/\\\/cataloniaexperience.com\\\/\"},{\"@type\":\"ListItem\",\"position\":2,\"name\":\"Productes\",\"item\":\"https:\\\/\\\/cataloniaexperience.com\\\/shop\\\/\"},{\"@type\":\"ListItem\",\"position\":3,\"name\":\"Formaci\u00f3 personalitzada d&#8217;Escalada en Gel\"}]},{\"@type\":\"WebSite\",\"@id\":\"https:\\\/\\\/cataloniaexperience.com\\\/#website\",\"url\":\"https:\\\/\\\/cataloniaexperience.com\\\/\",\"name\":\"Vertical Emotions\",\"description\":\"Vertical Emotions\",\"publisher\":{\"@id\":\"https:\\\/\\\/cataloniaexperience.com\\\/#organization\"},\"potentialAction\":[{\"@type\":\"SearchAction\",\"target\":{\"@type\":\"EntryPoint\",\"urlTemplate\":\"https:\\\/\\\/cataloniaexperience.com\\\/?s={search_term_string}\"},\"query-input\":{\"@type\":\"PropertyValueSpecification\",\"valueRequired\":true,\"valueName\":\"search_term_string\"}}],\"inLanguage\":\"ca\"},{\"@type\":\"Organization\",\"@id\":\"https:\\\/\\\/cataloniaexperience.com\\\/#organization\",\"name\":\"Vertical Emotions\",\"url\":\"https:\\\/\\\/cataloniaexperience.com\\\/\",\"logo\":{\"@type\":\"ImageObject\",\"inLanguage\":\"ca\",\"@id\":\"https:\\\/\\\/cataloniaexperience.com\\\/#\\\/schema\\\/logo\\\/image\\\/\",\"url\":\"http:\\\/\\\/verticalemotions.com\\\/wp-content\\\/uploads\\\/2020\\\/02\\\/vertical_emotions_logo_plantilla_web.jpg\",\"contentUrl\":\"http:\\\/\\\/verticalemotions.com\\\/wp-content\\\/uploads\\\/2020\\\/02\\\/vertical_emotions_logo_plantilla_web.jpg\",\"width\":600,\"height\":116,\"caption\":\"Vertical Emotions\"},\"image\":{\"@id\":\"https:\\\/\\\/cataloniaexperience.com\\\/#\\\/schema\\\/logo\\\/image\\\/\"},\"sameAs\":[\"https:\\\/\\\/www.facebook.com\\\/verticalemotions\",\"https:\\\/\\\/www.instagram.com\\\/verticalemotions\\\/\"]}]}<\/script>\n<!-- \/ Yoast SEO plugin. -->","yoast_head_json":{"title":"Formaci\u00f3 personalitzada d'Escalada en Gel - Vertical Emotions","robots":{"index":"noindex","follow":"follow"},"og_locale":"ca_ES","og_type":"article","og_title":"Formaci\u00f3 personalitzada d'Escalada en Gel - Vertical Emotions","og_description":"Preu del curs: 295\u20ac *m\u00e0xim dues persones. Inclou: T\u00e8cnic titulat Asseguran\u00e7a d&#8217;accidents i RC. No inclou: Equip i material personal. Transport. Tot el no especificat en l&#8217;apartat anterior. &nbsp;","og_url":"https:\/\/cataloniaexperience.com\/producte\/formacio-personalitzada-escalada-gel\/","og_site_name":"Vertical Emotions","article_publisher":"https:\/\/www.facebook.com\/verticalemotions","article_modified_time":"2025-02-07T20:27:02+00:00","og_image":[{"width":1920,"height":653,"url":"https:\/\/cataloniaexperience.com\/wp-content\/uploads\/2023\/01\/IMG_20211218_131342-scaled-e1675095816408.jpg","type":"image\/jpeg"}],"twitter_card":"summary_large_image","twitter_misc":{"Temps estimat de lectura":"3 minuts"},"schema":{"@context":"https:\/\/schema.org","@graph":[{"@type":"WebPage","@id":"https:\/\/cataloniaexperience.com\/producte\/formacio-personalitzada-escalada-gel\/","url":"https:\/\/cataloniaexperience.com\/producte\/formacio-personalitzada-escalada-gel\/","name":"Formaci\u00f3 personalitzada d'Escalada en Gel - Vertical Emotions","isPartOf":{"@id":"https:\/\/cataloniaexperience.com\/#website"},"primaryImageOfPage":{"@id":"https:\/\/cataloniaexperience.com\/producte\/formacio-personalitzada-escalada-gel\/#primaryimage"},"image":{"@id":"https:\/\/cataloniaexperience.com\/producte\/formacio-personalitzada-escalada-gel\/#primaryimage"},"thumbnailUrl":"https:\/\/cataloniaexperience.com\/wp-content\/uploads\/2023\/01\/IMG_20211218_131342-scaled-e1675095816408.jpg","datePublished":"2024-12-12T15:58:55+00:00","dateModified":"2025-02-07T20:27:02+00:00","breadcrumb":{"@id":"https:\/\/cataloniaexperience.com\/producte\/formacio-personalitzada-escalada-gel\/#breadcrumb"},"inLanguage":"ca","potentialAction":[{"@type":"ReadAction","target":["https:\/\/cataloniaexperience.com\/producte\/formacio-personalitzada-escalada-gel\/"]}]},{"@type":"ImageObject","inLanguage":"ca","@id":"https:\/\/cataloniaexperience.com\/producte\/formacio-personalitzada-escalada-gel\/#primaryimage","url":"https:\/\/cataloniaexperience.com\/wp-content\/uploads\/2023\/01\/IMG_20211218_131342-scaled-e1675095816408.jpg","contentUrl":"https:\/\/cataloniaexperience.com\/wp-content\/uploads\/2023\/01\/IMG_20211218_131342-scaled-e1675095816408.jpg","width":1920,"height":653},{"@type":"BreadcrumbList","@id":"https:\/\/cataloniaexperience.com\/producte\/formacio-personalitzada-escalada-gel\/#breadcrumb","itemListElement":[{"@type":"ListItem","position":1,"name":"Inici","item":"https:\/\/cataloniaexperience.com\/"},{"@type":"ListItem","position":2,"name":"Productes","item":"https:\/\/cataloniaexperience.com\/shop\/"},{"@type":"ListItem","position":3,"name":"Formaci\u00f3 personalitzada d&#8217;Escalada en Gel"}]},{"@type":"WebSite","@id":"https:\/\/cataloniaexperience.com\/#website","url":"https:\/\/cataloniaexperience.com\/","name":"Vertical Emotions","description":"Vertical Emotions","publisher":{"@id":"https:\/\/cataloniaexperience.com\/#organization"},"potentialAction":[{"@type":"SearchAction","target":{"@type":"EntryPoint","urlTemplate":"https:\/\/cataloniaexperience.com\/?s={search_term_string}"},"query-input":{"@type":"PropertyValueSpecification","valueRequired":true,"valueName":"search_term_string"}}],"inLanguage":"ca"},{"@type":"Organization","@id":"https:\/\/cataloniaexperience.com\/#organization","name":"Vertical Emotions","url":"https:\/\/cataloniaexperience.com\/","logo":{"@type":"ImageObject","inLanguage":"ca","@id":"https:\/\/cataloniaexperience.com\/#\/schema\/logo\/image\/","url":"http:\/\/verticalemotions.com\/wp-content\/uploads\/2020\/02\/vertical_emotions_logo_plantilla_web.jpg","contentUrl":"http:\/\/verticalemotions.com\/wp-content\/uploads\/2020\/02\/vertical_emotions_logo_plantilla_web.jpg","width":600,"height":116,"caption":"Vertical Emotions"},"image":{"@id":"https:\/\/cataloniaexperience.com\/#\/schema\/logo\/image\/"},"sameAs":["https:\/\/www.facebook.com\/verticalemotions","https:\/\/www.instagram.com\/verticalemotions\/"]}]}},"_links":{"self":[{"href":"https:\/\/cataloniaexperience.com\/ca\/wp-json\/wp\/v2\/product\/31533","targetHints":{"allow":["GET"]}}],"collection":[{"href":"https:\/\/cataloniaexperience.com\/ca\/wp-json\/wp\/v2\/product"}],"about":[{"href":"https:\/\/cataloniaexperience.com\/ca\/wp-json\/wp\/v2\/types\/product"}],"replies":[{"embeddable":true,"href":"https:\/\/cataloniaexperience.com\/ca\/wp-json\/wp\/v2\/comments?post=31533"}],"version-history":[{"count":1,"href":"https:\/\/cataloniaexperience.com\/ca\/wp-json\/wp\/v2\/product\/31533\/revisions"}],"predecessor-version":[{"id":70382,"href":"https:\/\/cataloniaexperience.com\/ca\/wp-json\/wp\/v2\/product\/31533\/revisions\/70382"}],"wp:featuredmedia":[{"embeddable":true,"href":"https:\/\/cataloniaexperience.com\/ca\/wp-json\/wp\/v2\/media\/31547"}],"wp:attachment":[{"href":"https:\/\/cataloniaexperience.com\/ca\/wp-json\/wp\/v2\/media?parent=31533"}],"wp:term":[{"taxonomy":"product_cat","embeddable":true,"href":"https:\/\/cataloniaexperience.com\/ca\/wp-json\/wp\/v2\/product_cat?post=31533"},{"taxonomy":"product_tag","embeddable":true,"href":"https:\/\/cataloniaexperience.com\/ca\/wp-json\/wp\/v2\/product_tag?post=31533"}],"curies":[{"name":"wp","href":"https:\/\/api.w.org\/{rel}","templated":true}]}}