{"id":39026,"date":"2023-09-21T09:16:25","date_gmt":"2023-09-21T07:16:25","guid":{"rendered":"https:\/\/verticalemotions.com\/?post_type=product&#038;p=39026"},"modified":"2024-05-15T10:06:10","modified_gmt":"2024-05-15T08:06:10","slug":"multiactivitat-bassegoda-park","status":"publish","type":"product","link":"https:\/\/cataloniaexperience.com\/ca\/producte\/multiactivitat-bassegoda-park\/","title":{"rendered":"Multiactivitat Albany\u00e0"},"content":{"rendered":"<p><strong>Multiactivitats d&#8217;aventura a Albany\u00e0.<\/strong><\/p>\n<p><strong> L&#8217;activitat principal \u00e9s el Watertrekking, una activitat similar al barranquisme, per\u00f2 pensada per fam\u00edlies amb nens, ja que no requereix l&#8217;\u00fas de cordes.<br \/>\nLa multiactivitat es complementa amb un circuit d&#8217;arbres, en el qual gaudireu de tirolines i diferents ponts per sentir-vos aut\u00e8ntics micos.<\/strong><\/p>\n<p><strong>Inclou:<\/strong><\/p>\n<ul>\n<li>T\u00e8cnics titulats.<\/li>\n<li>Dinamitzaci\u00f3 de les activitats.<\/li>\n<li>Lloguer material t\u00e8cnic .<\/li>\n<li>Asseguran\u00e7a i RC.<\/li>\n<\/ul>\n","protected":false},"excerpt":{"rendered":"<p>Multiactivitats d&#8217;aventura a Albany\u00e0. L&#8217;activitat principal \u00e9s el Watertrekking, una activitat similar al barranquisme, per\u00f2 pensada per fam\u00edlies amb nens, ja que no requereix l&#8217;\u00fas de cordes. La multiactivitat es complementa amb un circuit d&#8217;arbres, en el qual gaudireu de tirolines i diferents ponts per sentir-vos aut\u00e8ntics micos. Inclou: T\u00e8cnics titulats. Dinamitzaci\u00f3 de les activitats. &hellip; <\/p>\n<p class=\"link-more\"><a href=\"https:\/\/cataloniaexperience.com\/ca\/producte\/multiactivitat-bassegoda-park\/\" class=\"more-link\">Continua llegint <span class=\"screen-reader-text\">\u00abMultiactivitat Albany\u00e0\u00bb<\/span><\/a><\/p>\n","protected":false},"featured_media":3674,"comment_status":"closed","ping_status":"closed","template":"","meta":{"inline_featured_image":false,"_joinchat":[]},"product_cat":[81],"product_tag":[],"class_list":{"0":"post-39026","1":"product","2":"type-product","3":"status-publish","4":"has-post-thumbnail","6":"product_cat-sense-categoria","7":"entry","9":"first","10":"instock","11":"virtual","12":"sold-individually","13":"taxable","14":"purchasable","15":"product-type-booking"},"yoast_head":"<!-- This site is optimized with the Yoast SEO plugin v27.5 - https:\/\/yoast.com\/product\/yoast-seo-wordpress\/ -->\n<title>Multiactivitat Albany\u00e0 - Vertical Emotions<\/title>\n<meta name=\"robots\" content=\"noindex, follow\" \/>\n<meta property=\"og:locale\" content=\"ca_ES\" \/>\n<meta property=\"og:type\" content=\"article\" \/>\n<meta property=\"og:title\" content=\"Multiactivitat Albany\u00e0 - Vertical Emotions\" \/>\n<meta property=\"og:description\" content=\"Multiactivitats d&#8217;aventura a Albany\u00e0. L&#8217;activitat principal \u00e9s el Watertrekking, una activitat similar al barranquisme, per\u00f2 pensada per fam\u00edlies amb nens, ja que no requereix l&#8217;\u00fas de cordes. La multiactivitat es complementa amb un circuit d&#8217;arbres, en el qual gaudireu de tirolines i diferents ponts per sentir-vos aut\u00e8ntics micos. Inclou: T\u00e8cnics titulats. Dinamitzaci\u00f3 de les activitats. &hellip; Continua llegint \u00abMultiactivitat Albany\u00e0\u00bb\" \/>\n<meta property=\"og:url\" content=\"https:\/\/cataloniaexperience.com\/producte\/multiactivitat-bassegoda-park\/\" \/>\n<meta property=\"og:site_name\" content=\"Vertical Emotions\" \/>\n<meta property=\"article:publisher\" content=\"https:\/\/www.facebook.com\/verticalemotions\" \/>\n<meta property=\"article:modified_time\" content=\"2024-05-15T08:06:10+00:00\" \/>\n<meta property=\"og:image\" content=\"https:\/\/cataloniaexperience.com\/wp-content\/uploads\/2019\/05\/multiactivitat-solius-horitzontal-1.jpg\" \/>\n\t<meta property=\"og:image:width\" content=\"1920\" \/>\n\t<meta property=\"og:image:height\" content=\"450\" \/>\n\t<meta property=\"og:image:type\" content=\"image\/jpeg\" \/>\n<meta name=\"twitter:card\" content=\"summary_large_image\" \/>\n<meta name=\"twitter:label1\" content=\"Temps estimat de lectura\" \/>\n\t<meta name=\"twitter:data1\" content=\"1 minut\" \/>\n<script type=\"application\/ld+json\" class=\"yoast-schema-graph\">{\"@context\":\"https:\\\/\\\/schema.org\",\"@graph\":[{\"@type\":\"WebPage\",\"@id\":\"https:\\\/\\\/cataloniaexperience.com\\\/producte\\\/multiactivitat-bassegoda-park\\\/\",\"url\":\"https:\\\/\\\/cataloniaexperience.com\\\/producte\\\/multiactivitat-bassegoda-park\\\/\",\"name\":\"Multiactivitat Albany\u00e0 - Vertical Emotions\",\"isPartOf\":{\"@id\":\"https:\\\/\\\/cataloniaexperience.com\\\/#website\"},\"primaryImageOfPage\":{\"@id\":\"https:\\\/\\\/cataloniaexperience.com\\\/producte\\\/multiactivitat-bassegoda-park\\\/#primaryimage\"},\"image\":{\"@id\":\"https:\\\/\\\/cataloniaexperience.com\\\/producte\\\/multiactivitat-bassegoda-park\\\/#primaryimage\"},\"thumbnailUrl\":\"https:\\\/\\\/cataloniaexperience.com\\\/wp-content\\\/uploads\\\/2019\\\/05\\\/multiactivitat-solius-horitzontal-1.jpg\",\"datePublished\":\"2023-09-21T07:16:25+00:00\",\"dateModified\":\"2024-05-15T08:06:10+00:00\",\"breadcrumb\":{\"@id\":\"https:\\\/\\\/cataloniaexperience.com\\\/producte\\\/multiactivitat-bassegoda-park\\\/#breadcrumb\"},\"inLanguage\":\"ca\",\"potentialAction\":[{\"@type\":\"ReadAction\",\"target\":[\"https:\\\/\\\/cataloniaexperience.com\\\/producte\\\/multiactivitat-bassegoda-park\\\/\"]}]},{\"@type\":\"ImageObject\",\"inLanguage\":\"ca\",\"@id\":\"https:\\\/\\\/cataloniaexperience.com\\\/producte\\\/multiactivitat-bassegoda-park\\\/#primaryimage\",\"url\":\"https:\\\/\\\/cataloniaexperience.com\\\/wp-content\\\/uploads\\\/2019\\\/05\\\/multiactivitat-solius-horitzontal-1.jpg\",\"contentUrl\":\"https:\\\/\\\/cataloniaexperience.com\\\/wp-content\\\/uploads\\\/2019\\\/05\\\/multiactivitat-solius-horitzontal-1.jpg\",\"width\":1920,\"height\":450,\"caption\":\"multiactivitat-solius\"},{\"@type\":\"BreadcrumbList\",\"@id\":\"https:\\\/\\\/cataloniaexperience.com\\\/producte\\\/multiactivitat-bassegoda-park\\\/#breadcrumb\",\"itemListElement\":[{\"@type\":\"ListItem\",\"position\":1,\"name\":\"Inici\",\"item\":\"https:\\\/\\\/cataloniaexperience.com\\\/\"},{\"@type\":\"ListItem\",\"position\":2,\"name\":\"Productes\",\"item\":\"https:\\\/\\\/cataloniaexperience.com\\\/shop\\\/\"},{\"@type\":\"ListItem\",\"position\":3,\"name\":\"Multiactivitat Albany\u00e0\"}]},{\"@type\":\"WebSite\",\"@id\":\"https:\\\/\\\/cataloniaexperience.com\\\/#website\",\"url\":\"https:\\\/\\\/cataloniaexperience.com\\\/\",\"name\":\"Vertical Emotions\",\"description\":\"Vertical Emotions\",\"publisher\":{\"@id\":\"https:\\\/\\\/cataloniaexperience.com\\\/#organization\"},\"potentialAction\":[{\"@type\":\"SearchAction\",\"target\":{\"@type\":\"EntryPoint\",\"urlTemplate\":\"https:\\\/\\\/cataloniaexperience.com\\\/?s={search_term_string}\"},\"query-input\":{\"@type\":\"PropertyValueSpecification\",\"valueRequired\":true,\"valueName\":\"search_term_string\"}}],\"inLanguage\":\"ca\"},{\"@type\":\"Organization\",\"@id\":\"https:\\\/\\\/cataloniaexperience.com\\\/#organization\",\"name\":\"Vertical Emotions\",\"url\":\"https:\\\/\\\/cataloniaexperience.com\\\/\",\"logo\":{\"@type\":\"ImageObject\",\"inLanguage\":\"ca\",\"@id\":\"https:\\\/\\\/cataloniaexperience.com\\\/#\\\/schema\\\/logo\\\/image\\\/\",\"url\":\"http:\\\/\\\/verticalemotions.com\\\/wp-content\\\/uploads\\\/2020\\\/02\\\/vertical_emotions_logo_plantilla_web.jpg\",\"contentUrl\":\"http:\\\/\\\/verticalemotions.com\\\/wp-content\\\/uploads\\\/2020\\\/02\\\/vertical_emotions_logo_plantilla_web.jpg\",\"width\":600,\"height\":116,\"caption\":\"Vertical Emotions\"},\"image\":{\"@id\":\"https:\\\/\\\/cataloniaexperience.com\\\/#\\\/schema\\\/logo\\\/image\\\/\"},\"sameAs\":[\"https:\\\/\\\/www.facebook.com\\\/verticalemotions\",\"https:\\\/\\\/www.instagram.com\\\/verticalemotions\\\/\"]}]}<\/script>\n<!-- \/ Yoast SEO plugin. -->","yoast_head_json":{"title":"Multiactivitat Albany\u00e0 - Vertical Emotions","robots":{"index":"noindex","follow":"follow"},"og_locale":"ca_ES","og_type":"article","og_title":"Multiactivitat Albany\u00e0 - Vertical Emotions","og_description":"Multiactivitats d&#8217;aventura a Albany\u00e0. L&#8217;activitat principal \u00e9s el Watertrekking, una activitat similar al barranquisme, per\u00f2 pensada per fam\u00edlies amb nens, ja que no requereix l&#8217;\u00fas de cordes. La multiactivitat es complementa amb un circuit d&#8217;arbres, en el qual gaudireu de tirolines i diferents ponts per sentir-vos aut\u00e8ntics micos. Inclou: T\u00e8cnics titulats. Dinamitzaci\u00f3 de les activitats. &hellip; Continua llegint \u00abMultiactivitat Albany\u00e0\u00bb","og_url":"https:\/\/cataloniaexperience.com\/producte\/multiactivitat-bassegoda-park\/","og_site_name":"Vertical Emotions","article_publisher":"https:\/\/www.facebook.com\/verticalemotions","article_modified_time":"2024-05-15T08:06:10+00:00","og_image":[{"width":1920,"height":450,"url":"https:\/\/cataloniaexperience.com\/wp-content\/uploads\/2019\/05\/multiactivitat-solius-horitzontal-1.jpg","type":"image\/jpeg"}],"twitter_card":"summary_large_image","twitter_misc":{"Temps estimat de lectura":"1 minut"},"schema":{"@context":"https:\/\/schema.org","@graph":[{"@type":"WebPage","@id":"https:\/\/cataloniaexperience.com\/producte\/multiactivitat-bassegoda-park\/","url":"https:\/\/cataloniaexperience.com\/producte\/multiactivitat-bassegoda-park\/","name":"Multiactivitat Albany\u00e0 - Vertical Emotions","isPartOf":{"@id":"https:\/\/cataloniaexperience.com\/#website"},"primaryImageOfPage":{"@id":"https:\/\/cataloniaexperience.com\/producte\/multiactivitat-bassegoda-park\/#primaryimage"},"image":{"@id":"https:\/\/cataloniaexperience.com\/producte\/multiactivitat-bassegoda-park\/#primaryimage"},"thumbnailUrl":"https:\/\/cataloniaexperience.com\/wp-content\/uploads\/2019\/05\/multiactivitat-solius-horitzontal-1.jpg","datePublished":"2023-09-21T07:16:25+00:00","dateModified":"2024-05-15T08:06:10+00:00","breadcrumb":{"@id":"https:\/\/cataloniaexperience.com\/producte\/multiactivitat-bassegoda-park\/#breadcrumb"},"inLanguage":"ca","potentialAction":[{"@type":"ReadAction","target":["https:\/\/cataloniaexperience.com\/producte\/multiactivitat-bassegoda-park\/"]}]},{"@type":"ImageObject","inLanguage":"ca","@id":"https:\/\/cataloniaexperience.com\/producte\/multiactivitat-bassegoda-park\/#primaryimage","url":"https:\/\/cataloniaexperience.com\/wp-content\/uploads\/2019\/05\/multiactivitat-solius-horitzontal-1.jpg","contentUrl":"https:\/\/cataloniaexperience.com\/wp-content\/uploads\/2019\/05\/multiactivitat-solius-horitzontal-1.jpg","width":1920,"height":450,"caption":"multiactivitat-solius"},{"@type":"BreadcrumbList","@id":"https:\/\/cataloniaexperience.com\/producte\/multiactivitat-bassegoda-park\/#breadcrumb","itemListElement":[{"@type":"ListItem","position":1,"name":"Inici","item":"https:\/\/cataloniaexperience.com\/"},{"@type":"ListItem","position":2,"name":"Productes","item":"https:\/\/cataloniaexperience.com\/shop\/"},{"@type":"ListItem","position":3,"name":"Multiactivitat Albany\u00e0"}]},{"@type":"WebSite","@id":"https:\/\/cataloniaexperience.com\/#website","url":"https:\/\/cataloniaexperience.com\/","name":"Vertical Emotions","description":"Vertical Emotions","publisher":{"@id":"https:\/\/cataloniaexperience.com\/#organization"},"potentialAction":[{"@type":"SearchAction","target":{"@type":"EntryPoint","urlTemplate":"https:\/\/cataloniaexperience.com\/?s={search_term_string}"},"query-input":{"@type":"PropertyValueSpecification","valueRequired":true,"valueName":"search_term_string"}}],"inLanguage":"ca"},{"@type":"Organization","@id":"https:\/\/cataloniaexperience.com\/#organization","name":"Vertical Emotions","url":"https:\/\/cataloniaexperience.com\/","logo":{"@type":"ImageObject","inLanguage":"ca","@id":"https:\/\/cataloniaexperience.com\/#\/schema\/logo\/image\/","url":"http:\/\/verticalemotions.com\/wp-content\/uploads\/2020\/02\/vertical_emotions_logo_plantilla_web.jpg","contentUrl":"http:\/\/verticalemotions.com\/wp-content\/uploads\/2020\/02\/vertical_emotions_logo_plantilla_web.jpg","width":600,"height":116,"caption":"Vertical Emotions"},"image":{"@id":"https:\/\/cataloniaexperience.com\/#\/schema\/logo\/image\/"},"sameAs":["https:\/\/www.facebook.com\/verticalemotions","https:\/\/www.instagram.com\/verticalemotions\/"]}]}},"_links":{"self":[{"href":"https:\/\/cataloniaexperience.com\/ca\/wp-json\/wp\/v2\/product\/39026","targetHints":{"allow":["GET"]}}],"collection":[{"href":"https:\/\/cataloniaexperience.com\/ca\/wp-json\/wp\/v2\/product"}],"about":[{"href":"https:\/\/cataloniaexperience.com\/ca\/wp-json\/wp\/v2\/types\/product"}],"replies":[{"embeddable":true,"href":"https:\/\/cataloniaexperience.com\/ca\/wp-json\/wp\/v2\/comments?post=39026"}],"version-history":[{"count":0,"href":"https:\/\/cataloniaexperience.com\/ca\/wp-json\/wp\/v2\/product\/39026\/revisions"}],"wp:featuredmedia":[{"embeddable":true,"href":"https:\/\/cataloniaexperience.com\/ca\/wp-json\/wp\/v2\/media\/3674"}],"wp:attachment":[{"href":"https:\/\/cataloniaexperience.com\/ca\/wp-json\/wp\/v2\/media?parent=39026"}],"wp:term":[{"taxonomy":"product_cat","embeddable":true,"href":"https:\/\/cataloniaexperience.com\/ca\/wp-json\/wp\/v2\/product_cat?post=39026"},{"taxonomy":"product_tag","embeddable":true,"href":"https:\/\/cataloniaexperience.com\/ca\/wp-json\/wp\/v2\/product_tag?post=39026"}],"curies":[{"name":"wp","href":"https:\/\/api.w.org\/{rel}","templated":true}]}}