{"id":44384,"date":"2024-07-16T13:21:16","date_gmt":"2024-07-16T11:21:16","guid":{"rendered":"https:\/\/verticalemotions.com\/?post_type=product&#038;p=44384"},"modified":"2024-09-10T10:02:18","modified_gmt":"2024-09-10T08:02:18","slug":"rock-trip-costa-brava-2-dies","status":"publish","type":"product","link":"https:\/\/cataloniaexperience.com\/ca\/producte\/rock-trip-costa-brava-2-dies\/","title":{"rendered":"Rock Trip Costa Brava (2 dies)"},"content":{"rendered":"<p>Inclou:<\/p>\n<ul>\n<li style=\"font-weight: 400;\" aria-level=\"2\"><span style=\"font-weight: 400;\">Guia t\u00e8cnic titulat. <\/span><\/li>\n<li style=\"font-weight: 400;\" aria-level=\"2\"><span style=\"font-weight: 400;\">Material t\u00e8cnic: cordes, caps d&#8217;ancoratge, cintes, mosquetons, etc.<\/span><\/li>\n<li style=\"font-weight: 400;\" aria-level=\"2\"><span style=\"font-weight: 400;\">Asseguran\u00e7a d&#8217;accidents i RC.<\/span><\/li>\n<li style=\"font-weight: 400;\" aria-level=\"2\"><span style=\"font-weight: 400;\">Fotos de l&#8217;activitat.<\/span><\/li>\n<\/ul>\n","protected":false},"excerpt":{"rendered":"<p>Inclou: Guia t\u00e8cnic titulat. Material t\u00e8cnic: cordes, caps d&#8217;ancoratge, cintes, mosquetons, etc. Asseguran\u00e7a d&#8217;accidents i RC. Fotos de l&#8217;activitat.<\/p>\n","protected":false},"featured_media":20883,"comment_status":"closed","ping_status":"closed","template":"","meta":{"inline_featured_image":false,"_joinchat":[]},"product_cat":[236,155],"product_tag":[],"class_list":{"0":"post-44384","1":"product","2":"type-product","3":"status-publish","4":"has-post-thumbnail","6":"product_cat-ag-escalada-en-roca","7":"product_cat-escalada-en-roca","8":"entry","10":"first","11":"instock","12":"virtual","13":"sold-individually","14":"taxable","15":"purchasable","16":"product-type-booking"},"yoast_head":"<!-- This site is optimized with the Yoast SEO plugin v27.5 - https:\/\/yoast.com\/product\/yoast-seo-wordpress\/ -->\n<title>Rock Trip Costa Brava (2 dies) - Vertical Emotions<\/title>\n<meta name=\"robots\" content=\"noindex, follow\" \/>\n<meta property=\"og:locale\" content=\"ca_ES\" \/>\n<meta property=\"og:type\" content=\"article\" \/>\n<meta property=\"og:title\" content=\"Rock Trip Costa Brava (2 dies) - Vertical Emotions\" \/>\n<meta property=\"og:description\" content=\"Inclou: Guia t\u00e8cnic titulat. Material t\u00e8cnic: cordes, caps d&#8217;ancoratge, cintes, mosquetons, etc. Asseguran\u00e7a d&#8217;accidents i RC. Fotos de l&#8217;activitat.\" \/>\n<meta property=\"og:url\" content=\"https:\/\/cataloniaexperience.com\/producte\/rock-trip-costa-brava-2-dies\/\" \/>\n<meta property=\"og:site_name\" content=\"Vertical Emotions\" \/>\n<meta property=\"article:publisher\" content=\"https:\/\/www.facebook.com\/verticalemotions\" \/>\n<meta property=\"article:modified_time\" content=\"2024-09-10T08:02:18+00:00\" \/>\n<meta property=\"og:image\" content=\"https:\/\/cataloniaexperience.com\/wp-content\/uploads\/2022\/03\/Bateig-dEscalada-Esportiva-carroussel2.jpg\" \/>\n\t<meta property=\"og:image:width\" content=\"700\" \/>\n\t<meta property=\"og:image:height\" content=\"450\" \/>\n\t<meta property=\"og:image:type\" content=\"image\/jpeg\" \/>\n<meta name=\"twitter:card\" content=\"summary_large_image\" \/>\n<meta name=\"twitter:label1\" content=\"Temps estimat de lectura\" \/>\n\t<meta name=\"twitter:data1\" content=\"2 minuts\" \/>\n<script type=\"application\/ld+json\" class=\"yoast-schema-graph\">{\"@context\":\"https:\\\/\\\/schema.org\",\"@graph\":[{\"@type\":\"WebPage\",\"@id\":\"https:\\\/\\\/cataloniaexperience.com\\\/producte\\\/rock-trip-costa-brava-2-dies\\\/\",\"url\":\"https:\\\/\\\/cataloniaexperience.com\\\/producte\\\/rock-trip-costa-brava-2-dies\\\/\",\"name\":\"Rock Trip Costa Brava (2 dies) - Vertical Emotions\",\"isPartOf\":{\"@id\":\"https:\\\/\\\/cataloniaexperience.com\\\/#website\"},\"primaryImageOfPage\":{\"@id\":\"https:\\\/\\\/cataloniaexperience.com\\\/producte\\\/rock-trip-costa-brava-2-dies\\\/#primaryimage\"},\"image\":{\"@id\":\"https:\\\/\\\/cataloniaexperience.com\\\/producte\\\/rock-trip-costa-brava-2-dies\\\/#primaryimage\"},\"thumbnailUrl\":\"https:\\\/\\\/cataloniaexperience.com\\\/wp-content\\\/uploads\\\/2022\\\/03\\\/Bateig-dEscalada-Esportiva-carroussel2.jpg\",\"datePublished\":\"2024-07-16T11:21:16+00:00\",\"dateModified\":\"2024-09-10T08:02:18+00:00\",\"breadcrumb\":{\"@id\":\"https:\\\/\\\/cataloniaexperience.com\\\/producte\\\/rock-trip-costa-brava-2-dies\\\/#breadcrumb\"},\"inLanguage\":\"ca\",\"potentialAction\":[{\"@type\":\"ReadAction\",\"target\":[\"https:\\\/\\\/cataloniaexperience.com\\\/producte\\\/rock-trip-costa-brava-2-dies\\\/\"]}]},{\"@type\":\"ImageObject\",\"inLanguage\":\"ca\",\"@id\":\"https:\\\/\\\/cataloniaexperience.com\\\/producte\\\/rock-trip-costa-brava-2-dies\\\/#primaryimage\",\"url\":\"https:\\\/\\\/cataloniaexperience.com\\\/wp-content\\\/uploads\\\/2022\\\/03\\\/Bateig-dEscalada-Esportiva-carroussel2.jpg\",\"contentUrl\":\"https:\\\/\\\/cataloniaexperience.com\\\/wp-content\\\/uploads\\\/2022\\\/03\\\/Bateig-dEscalada-Esportiva-carroussel2.jpg\",\"width\":700,\"height\":450},{\"@type\":\"BreadcrumbList\",\"@id\":\"https:\\\/\\\/cataloniaexperience.com\\\/producte\\\/rock-trip-costa-brava-2-dies\\\/#breadcrumb\",\"itemListElement\":[{\"@type\":\"ListItem\",\"position\":1,\"name\":\"Inici\",\"item\":\"https:\\\/\\\/cataloniaexperience.com\\\/\"},{\"@type\":\"ListItem\",\"position\":2,\"name\":\"Productes\",\"item\":\"https:\\\/\\\/cataloniaexperience.com\\\/shop\\\/\"},{\"@type\":\"ListItem\",\"position\":3,\"name\":\"Rock Trip Costa Brava (2 dies)\"}]},{\"@type\":\"WebSite\",\"@id\":\"https:\\\/\\\/cataloniaexperience.com\\\/#website\",\"url\":\"https:\\\/\\\/cataloniaexperience.com\\\/\",\"name\":\"Vertical Emotions\",\"description\":\"Vertical Emotions\",\"publisher\":{\"@id\":\"https:\\\/\\\/cataloniaexperience.com\\\/#organization\"},\"potentialAction\":[{\"@type\":\"SearchAction\",\"target\":{\"@type\":\"EntryPoint\",\"urlTemplate\":\"https:\\\/\\\/cataloniaexperience.com\\\/?s={search_term_string}\"},\"query-input\":{\"@type\":\"PropertyValueSpecification\",\"valueRequired\":true,\"valueName\":\"search_term_string\"}}],\"inLanguage\":\"ca\"},{\"@type\":\"Organization\",\"@id\":\"https:\\\/\\\/cataloniaexperience.com\\\/#organization\",\"name\":\"Vertical Emotions\",\"url\":\"https:\\\/\\\/cataloniaexperience.com\\\/\",\"logo\":{\"@type\":\"ImageObject\",\"inLanguage\":\"ca\",\"@id\":\"https:\\\/\\\/cataloniaexperience.com\\\/#\\\/schema\\\/logo\\\/image\\\/\",\"url\":\"http:\\\/\\\/verticalemotions.com\\\/wp-content\\\/uploads\\\/2020\\\/02\\\/vertical_emotions_logo_plantilla_web.jpg\",\"contentUrl\":\"http:\\\/\\\/verticalemotions.com\\\/wp-content\\\/uploads\\\/2020\\\/02\\\/vertical_emotions_logo_plantilla_web.jpg\",\"width\":600,\"height\":116,\"caption\":\"Vertical Emotions\"},\"image\":{\"@id\":\"https:\\\/\\\/cataloniaexperience.com\\\/#\\\/schema\\\/logo\\\/image\\\/\"},\"sameAs\":[\"https:\\\/\\\/www.facebook.com\\\/verticalemotions\",\"https:\\\/\\\/www.instagram.com\\\/verticalemotions\\\/\"]}]}<\/script>\n<!-- \/ Yoast SEO plugin. -->","yoast_head_json":{"title":"Rock Trip Costa Brava (2 dies) - Vertical Emotions","robots":{"index":"noindex","follow":"follow"},"og_locale":"ca_ES","og_type":"article","og_title":"Rock Trip Costa Brava (2 dies) - Vertical Emotions","og_description":"Inclou: Guia t\u00e8cnic titulat. Material t\u00e8cnic: cordes, caps d&#8217;ancoratge, cintes, mosquetons, etc. Asseguran\u00e7a d&#8217;accidents i RC. Fotos de l&#8217;activitat.","og_url":"https:\/\/cataloniaexperience.com\/producte\/rock-trip-costa-brava-2-dies\/","og_site_name":"Vertical Emotions","article_publisher":"https:\/\/www.facebook.com\/verticalemotions","article_modified_time":"2024-09-10T08:02:18+00:00","og_image":[{"width":700,"height":450,"url":"https:\/\/cataloniaexperience.com\/wp-content\/uploads\/2022\/03\/Bateig-dEscalada-Esportiva-carroussel2.jpg","type":"image\/jpeg"}],"twitter_card":"summary_large_image","twitter_misc":{"Temps estimat de lectura":"2 minuts"},"schema":{"@context":"https:\/\/schema.org","@graph":[{"@type":"WebPage","@id":"https:\/\/cataloniaexperience.com\/producte\/rock-trip-costa-brava-2-dies\/","url":"https:\/\/cataloniaexperience.com\/producte\/rock-trip-costa-brava-2-dies\/","name":"Rock Trip Costa Brava (2 dies) - Vertical Emotions","isPartOf":{"@id":"https:\/\/cataloniaexperience.com\/#website"},"primaryImageOfPage":{"@id":"https:\/\/cataloniaexperience.com\/producte\/rock-trip-costa-brava-2-dies\/#primaryimage"},"image":{"@id":"https:\/\/cataloniaexperience.com\/producte\/rock-trip-costa-brava-2-dies\/#primaryimage"},"thumbnailUrl":"https:\/\/cataloniaexperience.com\/wp-content\/uploads\/2022\/03\/Bateig-dEscalada-Esportiva-carroussel2.jpg","datePublished":"2024-07-16T11:21:16+00:00","dateModified":"2024-09-10T08:02:18+00:00","breadcrumb":{"@id":"https:\/\/cataloniaexperience.com\/producte\/rock-trip-costa-brava-2-dies\/#breadcrumb"},"inLanguage":"ca","potentialAction":[{"@type":"ReadAction","target":["https:\/\/cataloniaexperience.com\/producte\/rock-trip-costa-brava-2-dies\/"]}]},{"@type":"ImageObject","inLanguage":"ca","@id":"https:\/\/cataloniaexperience.com\/producte\/rock-trip-costa-brava-2-dies\/#primaryimage","url":"https:\/\/cataloniaexperience.com\/wp-content\/uploads\/2022\/03\/Bateig-dEscalada-Esportiva-carroussel2.jpg","contentUrl":"https:\/\/cataloniaexperience.com\/wp-content\/uploads\/2022\/03\/Bateig-dEscalada-Esportiva-carroussel2.jpg","width":700,"height":450},{"@type":"BreadcrumbList","@id":"https:\/\/cataloniaexperience.com\/producte\/rock-trip-costa-brava-2-dies\/#breadcrumb","itemListElement":[{"@type":"ListItem","position":1,"name":"Inici","item":"https:\/\/cataloniaexperience.com\/"},{"@type":"ListItem","position":2,"name":"Productes","item":"https:\/\/cataloniaexperience.com\/shop\/"},{"@type":"ListItem","position":3,"name":"Rock Trip Costa Brava (2 dies)"}]},{"@type":"WebSite","@id":"https:\/\/cataloniaexperience.com\/#website","url":"https:\/\/cataloniaexperience.com\/","name":"Vertical Emotions","description":"Vertical Emotions","publisher":{"@id":"https:\/\/cataloniaexperience.com\/#organization"},"potentialAction":[{"@type":"SearchAction","target":{"@type":"EntryPoint","urlTemplate":"https:\/\/cataloniaexperience.com\/?s={search_term_string}"},"query-input":{"@type":"PropertyValueSpecification","valueRequired":true,"valueName":"search_term_string"}}],"inLanguage":"ca"},{"@type":"Organization","@id":"https:\/\/cataloniaexperience.com\/#organization","name":"Vertical Emotions","url":"https:\/\/cataloniaexperience.com\/","logo":{"@type":"ImageObject","inLanguage":"ca","@id":"https:\/\/cataloniaexperience.com\/#\/schema\/logo\/image\/","url":"http:\/\/verticalemotions.com\/wp-content\/uploads\/2020\/02\/vertical_emotions_logo_plantilla_web.jpg","contentUrl":"http:\/\/verticalemotions.com\/wp-content\/uploads\/2020\/02\/vertical_emotions_logo_plantilla_web.jpg","width":600,"height":116,"caption":"Vertical Emotions"},"image":{"@id":"https:\/\/cataloniaexperience.com\/#\/schema\/logo\/image\/"},"sameAs":["https:\/\/www.facebook.com\/verticalemotions","https:\/\/www.instagram.com\/verticalemotions\/"]}]}},"_links":{"self":[{"href":"https:\/\/cataloniaexperience.com\/ca\/wp-json\/wp\/v2\/product\/44384","targetHints":{"allow":["GET"]}}],"collection":[{"href":"https:\/\/cataloniaexperience.com\/ca\/wp-json\/wp\/v2\/product"}],"about":[{"href":"https:\/\/cataloniaexperience.com\/ca\/wp-json\/wp\/v2\/types\/product"}],"replies":[{"embeddable":true,"href":"https:\/\/cataloniaexperience.com\/ca\/wp-json\/wp\/v2\/comments?post=44384"}],"version-history":[{"count":1,"href":"https:\/\/cataloniaexperience.com\/ca\/wp-json\/wp\/v2\/product\/44384\/revisions"}],"predecessor-version":[{"id":68171,"href":"https:\/\/cataloniaexperience.com\/ca\/wp-json\/wp\/v2\/product\/44384\/revisions\/68171"}],"wp:featuredmedia":[{"embeddable":true,"href":"https:\/\/cataloniaexperience.com\/ca\/wp-json\/wp\/v2\/media\/20883"}],"wp:attachment":[{"href":"https:\/\/cataloniaexperience.com\/ca\/wp-json\/wp\/v2\/media?parent=44384"}],"wp:term":[{"taxonomy":"product_cat","embeddable":true,"href":"https:\/\/cataloniaexperience.com\/ca\/wp-json\/wp\/v2\/product_cat?post=44384"},{"taxonomy":"product_tag","embeddable":true,"href":"https:\/\/cataloniaexperience.com\/ca\/wp-json\/wp\/v2\/product_tag?post=44384"}],"curies":[{"name":"wp","href":"https:\/\/api.w.org\/{rel}","templated":true}]}}