{"id":6469,"date":"2024-12-16T15:11:02","date_gmt":"2024-12-16T14:11:02","guid":{"rendered":"http:\/\/verticalemotions.com\/?post_type=product&#038;p=6469"},"modified":"2025-02-07T21:19:46","modified_gmt":"2025-02-07T20:19:46","slug":"classes-free-ride-esqui-fora-pista","status":"publish","type":"product","link":"https:\/\/cataloniaexperience.com\/ca\/producte\/classes-free-ride-esqui-fora-pista\/","title":{"rendered":"Classes d&#8217;Esqu\u00ed fora pista &#8211; Freeride"},"content":{"rendered":"<p>Preu:60\u20ac per persona<br \/>\n*Les classes es realitzen amb un grup m\u00ednim de 4 persones i m\u00e0xim de 8.<\/p>\n<p><strong>Inclou:<\/strong><\/p>\n<p>&#8211; T\u00e8cnic titulat.<br \/>\n&#8211; Asseguran\u00e7d&#8217;accidents i RC.<\/p>\n<p><strong>No Inclou:<br \/>\n<\/strong>&#8211; Transport.<br \/>\n&#8211; Equip i material personal.<br \/>\n&#8211; Forfait del participant.<\/p>\n","protected":false},"excerpt":{"rendered":"<p>Preu:60\u20ac per persona *Les classes es realitzen amb un grup m\u00ednim de 4 persones i m\u00e0xim de 8. Inclou: &#8211; T\u00e8cnic titulat. &#8211; Asseguran\u00e7d&#8217;accidents i RC. No Inclou: &#8211; Transport. &#8211; Equip i material personal. &#8211; Forfait del participant.<\/p>\n","protected":false},"featured_media":6434,"comment_status":"closed","ping_status":"closed","template":"","meta":{"inline_featured_image":false,"_joinchat":[]},"product_cat":[127,224],"product_tag":[],"class_list":{"0":"post-6469","1":"product","2":"type-product","3":"status-publish","4":"has-post-thumbnail","6":"product_cat-cursos","7":"product_cat-esqui-a-pista","8":"entry","10":"first","11":"instock","12":"virtual","13":"sold-individually","14":"taxable","15":"purchasable","16":"product-type-booking"},"yoast_head":"<!-- This site is optimized with the Yoast SEO plugin v27.5 - https:\/\/yoast.com\/product\/yoast-seo-wordpress\/ -->\n<title>Classes d&#039;Esqu\u00ed fora pista - Freeride - Vertical Emotions<\/title>\n<meta name=\"robots\" content=\"noindex, follow\" \/>\n<meta property=\"og:locale\" content=\"ca_ES\" \/>\n<meta property=\"og:type\" content=\"article\" \/>\n<meta property=\"og:title\" content=\"Classes d&#039;Esqu\u00ed fora pista - Freeride - Vertical Emotions\" \/>\n<meta property=\"og:description\" content=\"Preu:60\u20ac per persona *Les classes es realitzen amb un grup m\u00ednim de 4 persones i m\u00e0xim de 8. Inclou: &#8211; T\u00e8cnic titulat. &#8211; Asseguran\u00e7d&#8217;accidents i RC. No Inclou: &#8211; Transport. &#8211; Equip i material personal. &#8211; Forfait del participant.\" \/>\n<meta property=\"og:url\" content=\"https:\/\/cataloniaexperience.com\/producte\/classes-free-ride-esqui-fora-pista\/\" \/>\n<meta property=\"og:site_name\" content=\"Vertical Emotions\" \/>\n<meta property=\"article:publisher\" content=\"https:\/\/www.facebook.com\/verticalemotions\" \/>\n<meta property=\"article:modified_time\" content=\"2025-02-07T20:19:46+00:00\" \/>\n<meta property=\"og:image\" content=\"https:\/\/cataloniaexperience.com\/wp-content\/uploads\/2020\/02\/Classes-esqu\u00ed-fora-pista-Free-Ride-4h-horitzontal.jpg\" \/>\n\t<meta property=\"og:image:width\" content=\"1920\" \/>\n\t<meta property=\"og:image:height\" content=\"450\" \/>\n\t<meta property=\"og:image:type\" content=\"image\/jpeg\" \/>\n<meta name=\"twitter:card\" content=\"summary_large_image\" \/>\n<meta name=\"twitter:label1\" content=\"Temps estimat de lectura\" \/>\n\t<meta name=\"twitter:data1\" content=\"2 minuts\" \/>\n<script type=\"application\/ld+json\" class=\"yoast-schema-graph\">{\"@context\":\"https:\\\/\\\/schema.org\",\"@graph\":[{\"@type\":\"WebPage\",\"@id\":\"https:\\\/\\\/cataloniaexperience.com\\\/producte\\\/classes-free-ride-esqui-fora-pista\\\/\",\"url\":\"https:\\\/\\\/cataloniaexperience.com\\\/producte\\\/classes-free-ride-esqui-fora-pista\\\/\",\"name\":\"Classes d'Esqu\u00ed fora pista - Freeride - Vertical Emotions\",\"isPartOf\":{\"@id\":\"https:\\\/\\\/cataloniaexperience.com\\\/#website\"},\"primaryImageOfPage\":{\"@id\":\"https:\\\/\\\/cataloniaexperience.com\\\/producte\\\/classes-free-ride-esqui-fora-pista\\\/#primaryimage\"},\"image\":{\"@id\":\"https:\\\/\\\/cataloniaexperience.com\\\/producte\\\/classes-free-ride-esqui-fora-pista\\\/#primaryimage\"},\"thumbnailUrl\":\"https:\\\/\\\/cataloniaexperience.com\\\/wp-content\\\/uploads\\\/2020\\\/02\\\/Classes-esqu\u00ed-fora-pista-Free-Ride-4h-horitzontal.jpg\",\"datePublished\":\"2024-12-16T14:11:02+00:00\",\"dateModified\":\"2025-02-07T20:19:46+00:00\",\"breadcrumb\":{\"@id\":\"https:\\\/\\\/cataloniaexperience.com\\\/producte\\\/classes-free-ride-esqui-fora-pista\\\/#breadcrumb\"},\"inLanguage\":\"ca\",\"potentialAction\":[{\"@type\":\"ReadAction\",\"target\":[\"https:\\\/\\\/cataloniaexperience.com\\\/producte\\\/classes-free-ride-esqui-fora-pista\\\/\"]}]},{\"@type\":\"ImageObject\",\"inLanguage\":\"ca\",\"@id\":\"https:\\\/\\\/cataloniaexperience.com\\\/producte\\\/classes-free-ride-esqui-fora-pista\\\/#primaryimage\",\"url\":\"https:\\\/\\\/cataloniaexperience.com\\\/wp-content\\\/uploads\\\/2020\\\/02\\\/Classes-esqu\u00ed-fora-pista-Free-Ride-4h-horitzontal.jpg\",\"contentUrl\":\"https:\\\/\\\/cataloniaexperience.com\\\/wp-content\\\/uploads\\\/2020\\\/02\\\/Classes-esqu\u00ed-fora-pista-Free-Ride-4h-horitzontal.jpg\",\"width\":1920,\"height\":450,\"caption\":\"Classes-esqu\u00ed-fora-pista-Free-Ride-4h\"},{\"@type\":\"BreadcrumbList\",\"@id\":\"https:\\\/\\\/cataloniaexperience.com\\\/producte\\\/classes-free-ride-esqui-fora-pista\\\/#breadcrumb\",\"itemListElement\":[{\"@type\":\"ListItem\",\"position\":1,\"name\":\"Inici\",\"item\":\"https:\\\/\\\/cataloniaexperience.com\\\/\"},{\"@type\":\"ListItem\",\"position\":2,\"name\":\"Productes\",\"item\":\"https:\\\/\\\/cataloniaexperience.com\\\/shop\\\/\"},{\"@type\":\"ListItem\",\"position\":3,\"name\":\"Classes d&#8217;Esqu\u00ed fora pista &#8211; Freeride\"}]},{\"@type\":\"WebSite\",\"@id\":\"https:\\\/\\\/cataloniaexperience.com\\\/#website\",\"url\":\"https:\\\/\\\/cataloniaexperience.com\\\/\",\"name\":\"Vertical Emotions\",\"description\":\"Vertical Emotions\",\"publisher\":{\"@id\":\"https:\\\/\\\/cataloniaexperience.com\\\/#organization\"},\"potentialAction\":[{\"@type\":\"SearchAction\",\"target\":{\"@type\":\"EntryPoint\",\"urlTemplate\":\"https:\\\/\\\/cataloniaexperience.com\\\/?s={search_term_string}\"},\"query-input\":{\"@type\":\"PropertyValueSpecification\",\"valueRequired\":true,\"valueName\":\"search_term_string\"}}],\"inLanguage\":\"ca\"},{\"@type\":\"Organization\",\"@id\":\"https:\\\/\\\/cataloniaexperience.com\\\/#organization\",\"name\":\"Vertical Emotions\",\"url\":\"https:\\\/\\\/cataloniaexperience.com\\\/\",\"logo\":{\"@type\":\"ImageObject\",\"inLanguage\":\"ca\",\"@id\":\"https:\\\/\\\/cataloniaexperience.com\\\/#\\\/schema\\\/logo\\\/image\\\/\",\"url\":\"http:\\\/\\\/verticalemotions.com\\\/wp-content\\\/uploads\\\/2020\\\/02\\\/vertical_emotions_logo_plantilla_web.jpg\",\"contentUrl\":\"http:\\\/\\\/verticalemotions.com\\\/wp-content\\\/uploads\\\/2020\\\/02\\\/vertical_emotions_logo_plantilla_web.jpg\",\"width\":600,\"height\":116,\"caption\":\"Vertical Emotions\"},\"image\":{\"@id\":\"https:\\\/\\\/cataloniaexperience.com\\\/#\\\/schema\\\/logo\\\/image\\\/\"},\"sameAs\":[\"https:\\\/\\\/www.facebook.com\\\/verticalemotions\",\"https:\\\/\\\/www.instagram.com\\\/verticalemotions\\\/\"]}]}<\/script>\n<!-- \/ Yoast SEO plugin. -->","yoast_head_json":{"title":"Classes d'Esqu\u00ed fora pista - Freeride - Vertical Emotions","robots":{"index":"noindex","follow":"follow"},"og_locale":"ca_ES","og_type":"article","og_title":"Classes d'Esqu\u00ed fora pista - Freeride - Vertical Emotions","og_description":"Preu:60\u20ac per persona *Les classes es realitzen amb un grup m\u00ednim de 4 persones i m\u00e0xim de 8. Inclou: &#8211; T\u00e8cnic titulat. &#8211; Asseguran\u00e7d&#8217;accidents i RC. No Inclou: &#8211; Transport. &#8211; Equip i material personal. &#8211; Forfait del participant.","og_url":"https:\/\/cataloniaexperience.com\/producte\/classes-free-ride-esqui-fora-pista\/","og_site_name":"Vertical Emotions","article_publisher":"https:\/\/www.facebook.com\/verticalemotions","article_modified_time":"2025-02-07T20:19:46+00:00","og_image":[{"width":1920,"height":450,"url":"https:\/\/cataloniaexperience.com\/wp-content\/uploads\/2020\/02\/Classes-esqu\u00ed-fora-pista-Free-Ride-4h-horitzontal.jpg","type":"image\/jpeg"}],"twitter_card":"summary_large_image","twitter_misc":{"Temps estimat de lectura":"2 minuts"},"schema":{"@context":"https:\/\/schema.org","@graph":[{"@type":"WebPage","@id":"https:\/\/cataloniaexperience.com\/producte\/classes-free-ride-esqui-fora-pista\/","url":"https:\/\/cataloniaexperience.com\/producte\/classes-free-ride-esqui-fora-pista\/","name":"Classes d'Esqu\u00ed fora pista - Freeride - Vertical Emotions","isPartOf":{"@id":"https:\/\/cataloniaexperience.com\/#website"},"primaryImageOfPage":{"@id":"https:\/\/cataloniaexperience.com\/producte\/classes-free-ride-esqui-fora-pista\/#primaryimage"},"image":{"@id":"https:\/\/cataloniaexperience.com\/producte\/classes-free-ride-esqui-fora-pista\/#primaryimage"},"thumbnailUrl":"https:\/\/cataloniaexperience.com\/wp-content\/uploads\/2020\/02\/Classes-esqu\u00ed-fora-pista-Free-Ride-4h-horitzontal.jpg","datePublished":"2024-12-16T14:11:02+00:00","dateModified":"2025-02-07T20:19:46+00:00","breadcrumb":{"@id":"https:\/\/cataloniaexperience.com\/producte\/classes-free-ride-esqui-fora-pista\/#breadcrumb"},"inLanguage":"ca","potentialAction":[{"@type":"ReadAction","target":["https:\/\/cataloniaexperience.com\/producte\/classes-free-ride-esqui-fora-pista\/"]}]},{"@type":"ImageObject","inLanguage":"ca","@id":"https:\/\/cataloniaexperience.com\/producte\/classes-free-ride-esqui-fora-pista\/#primaryimage","url":"https:\/\/cataloniaexperience.com\/wp-content\/uploads\/2020\/02\/Classes-esqu\u00ed-fora-pista-Free-Ride-4h-horitzontal.jpg","contentUrl":"https:\/\/cataloniaexperience.com\/wp-content\/uploads\/2020\/02\/Classes-esqu\u00ed-fora-pista-Free-Ride-4h-horitzontal.jpg","width":1920,"height":450,"caption":"Classes-esqu\u00ed-fora-pista-Free-Ride-4h"},{"@type":"BreadcrumbList","@id":"https:\/\/cataloniaexperience.com\/producte\/classes-free-ride-esqui-fora-pista\/#breadcrumb","itemListElement":[{"@type":"ListItem","position":1,"name":"Inici","item":"https:\/\/cataloniaexperience.com\/"},{"@type":"ListItem","position":2,"name":"Productes","item":"https:\/\/cataloniaexperience.com\/shop\/"},{"@type":"ListItem","position":3,"name":"Classes d&#8217;Esqu\u00ed fora pista &#8211; Freeride"}]},{"@type":"WebSite","@id":"https:\/\/cataloniaexperience.com\/#website","url":"https:\/\/cataloniaexperience.com\/","name":"Vertical Emotions","description":"Vertical Emotions","publisher":{"@id":"https:\/\/cataloniaexperience.com\/#organization"},"potentialAction":[{"@type":"SearchAction","target":{"@type":"EntryPoint","urlTemplate":"https:\/\/cataloniaexperience.com\/?s={search_term_string}"},"query-input":{"@type":"PropertyValueSpecification","valueRequired":true,"valueName":"search_term_string"}}],"inLanguage":"ca"},{"@type":"Organization","@id":"https:\/\/cataloniaexperience.com\/#organization","name":"Vertical Emotions","url":"https:\/\/cataloniaexperience.com\/","logo":{"@type":"ImageObject","inLanguage":"ca","@id":"https:\/\/cataloniaexperience.com\/#\/schema\/logo\/image\/","url":"http:\/\/verticalemotions.com\/wp-content\/uploads\/2020\/02\/vertical_emotions_logo_plantilla_web.jpg","contentUrl":"http:\/\/verticalemotions.com\/wp-content\/uploads\/2020\/02\/vertical_emotions_logo_plantilla_web.jpg","width":600,"height":116,"caption":"Vertical Emotions"},"image":{"@id":"https:\/\/cataloniaexperience.com\/#\/schema\/logo\/image\/"},"sameAs":["https:\/\/www.facebook.com\/verticalemotions","https:\/\/www.instagram.com\/verticalemotions\/"]}]}},"_links":{"self":[{"href":"https:\/\/cataloniaexperience.com\/ca\/wp-json\/wp\/v2\/product\/6469","targetHints":{"allow":["GET"]}}],"collection":[{"href":"https:\/\/cataloniaexperience.com\/ca\/wp-json\/wp\/v2\/product"}],"about":[{"href":"https:\/\/cataloniaexperience.com\/ca\/wp-json\/wp\/v2\/types\/product"}],"replies":[{"embeddable":true,"href":"https:\/\/cataloniaexperience.com\/ca\/wp-json\/wp\/v2\/comments?post=6469"}],"version-history":[{"count":3,"href":"https:\/\/cataloniaexperience.com\/ca\/wp-json\/wp\/v2\/product\/6469\/revisions"}],"predecessor-version":[{"id":69834,"href":"https:\/\/cataloniaexperience.com\/ca\/wp-json\/wp\/v2\/product\/6469\/revisions\/69834"}],"wp:featuredmedia":[{"embeddable":true,"href":"https:\/\/cataloniaexperience.com\/ca\/wp-json\/wp\/v2\/media\/6434"}],"wp:attachment":[{"href":"https:\/\/cataloniaexperience.com\/ca\/wp-json\/wp\/v2\/media?parent=6469"}],"wp:term":[{"taxonomy":"product_cat","embeddable":true,"href":"https:\/\/cataloniaexperience.com\/ca\/wp-json\/wp\/v2\/product_cat?post=6469"},{"taxonomy":"product_tag","embeddable":true,"href":"https:\/\/cataloniaexperience.com\/ca\/wp-json\/wp\/v2\/product_tag?post=6469"}],"curies":[{"name":"wp","href":"https:\/\/api.w.org\/{rel}","templated":true}]}}