{"id":7840,"date":"2024-12-05T12:22:48","date_gmt":"2024-12-05T11:22:48","guid":{"rendered":"http:\/\/verticalemotions.com\/?post_type=product&#038;p=7840"},"modified":"2025-03-05T15:25:20","modified_gmt":"2025-03-05T14:25:20","slug":"curs-alpinisme-nivell-1-escola-alpinisme","status":"publish","type":"product","link":"https:\/\/cataloniaexperience.com\/ca\/producte\/curs-alpinisme-nivell-1-escola-alpinisme\/","title":{"rendered":"Curs alpinisme nivell 1 Escola Alpinisme"},"content":{"rendered":"<p><strong>Preu del curs<\/strong>: 420\u20ac<\/p>\n<p>*El curs es realitzar\u00e0 amb un <strong>m\u00ednim de 4 persones<\/strong>.<\/p>\n<p>*Grups redu\u00efts de <strong>m\u00e0xim 6 alumnes<\/strong>.<\/p>\n<p><strong>El curs Inclou:<\/strong><\/p>\n<ul>\n<li>6 Classes te\u00f2riques i pr\u00e0ctiques.<\/li>\n<li>T\u00e8cnic titulat en totes les sessions.<\/li>\n<li>Asseguran\u00e7a d\u2019accidents i Responsabilitat Civil.<\/li>\n<li>Certificat acreditatiu de nivell de 60h.<\/li>\n<\/ul>\n<p><strong>No inclou:<\/strong><\/p>\n<ul>\n<li>Equip i material (veure llistat).<\/li>\n<li>Transport<\/li>\n<li>Tot el no especificat en l\u2019apartat anterior.<\/li>\n<li>Allotjament i dietes per la sortida de dos dies.<\/li>\n<\/ul>\n","protected":false},"excerpt":{"rendered":"<p>Preu del curs: 420\u20ac *El curs es realitzar\u00e0 amb un m\u00ednim de 4 persones. *Grups redu\u00efts de m\u00e0xim 6 alumnes. El curs Inclou: 6 Classes te\u00f2riques i pr\u00e0ctiques. T\u00e8cnic titulat en totes les sessions. Asseguran\u00e7a d\u2019accidents i Responsabilitat Civil. Certificat acreditatiu de nivell de 60h. No inclou: Equip i material (veure llistat). Transport Tot el &hellip; <\/p>\n<p class=\"link-more\"><a href=\"https:\/\/cataloniaexperience.com\/ca\/producte\/curs-alpinisme-nivell-1-escola-alpinisme\/\" class=\"more-link\">Continua llegint <span class=\"screen-reader-text\">\u00abCurs alpinisme nivell 1 Escola Alpinisme\u00bb<\/span><\/a><\/p>\n","protected":false},"featured_media":3334,"comment_status":"closed","ping_status":"closed","template":"","meta":{"inline_featured_image":false,"_joinchat":[]},"product_cat":[228],"product_tag":[],"class_list":{"0":"post-7840","1":"product","2":"type-product","3":"status-publish","4":"has-post-thumbnail","6":"product_cat-alpinisme-curs","7":"entry","9":"first","10":"instock","11":"featured","12":"virtual","13":"purchasable","14":"product-type-simple"},"yoast_head":"<!-- This site is optimized with the Yoast SEO plugin v27.5 - https:\/\/yoast.com\/product\/yoast-seo-wordpress\/ -->\n<title>Curs alpinisme nivell 1 Escola Alpinisme - Vertical Emotions<\/title>\n<meta name=\"robots\" content=\"noindex, follow\" \/>\n<meta property=\"og:locale\" content=\"ca_ES\" \/>\n<meta property=\"og:type\" content=\"article\" \/>\n<meta property=\"og:title\" content=\"Curs alpinisme nivell 1 Escola Alpinisme - Vertical Emotions\" \/>\n<meta property=\"og:description\" content=\"Preu del curs: 420\u20ac *El curs es realitzar\u00e0 amb un m\u00ednim de 4 persones. *Grups redu\u00efts de m\u00e0xim 6 alumnes. El curs Inclou: 6 Classes te\u00f2riques i pr\u00e0ctiques. T\u00e8cnic titulat en totes les sessions. Asseguran\u00e7a d\u2019accidents i Responsabilitat Civil. Certificat acreditatiu de nivell de 60h. No inclou: Equip i material (veure llistat). Transport Tot el &hellip; Continua llegint \u00abCurs alpinisme nivell 1 Escola Alpinisme\u00bb\" \/>\n<meta property=\"og:url\" content=\"https:\/\/cataloniaexperience.com\/producte\/curs-alpinisme-nivell-1-escola-alpinisme\/\" \/>\n<meta property=\"og:site_name\" content=\"Vertical Emotions\" \/>\n<meta property=\"article:publisher\" content=\"https:\/\/www.facebook.com\/verticalemotions\" \/>\n<meta property=\"article:modified_time\" content=\"2025-03-05T14:25:20+00:00\" \/>\n<meta property=\"og:image\" content=\"https:\/\/cataloniaexperience.com\/wp-content\/uploads\/2019\/05\/Escola-d-Alpinisme-Curs-Nivell-1-horitzontal.jpg\" \/>\n\t<meta property=\"og:image:width\" content=\"1920\" \/>\n\t<meta property=\"og:image:height\" content=\"450\" \/>\n\t<meta property=\"og:image:type\" content=\"image\/jpeg\" \/>\n<meta name=\"twitter:card\" content=\"summary_large_image\" \/>\n<meta name=\"twitter:label1\" content=\"Temps estimat de lectura\" \/>\n\t<meta name=\"twitter:data1\" content=\"5 minuts\" \/>\n<script type=\"application\/ld+json\" class=\"yoast-schema-graph\">{\"@context\":\"https:\\\/\\\/schema.org\",\"@graph\":[{\"@type\":\"WebPage\",\"@id\":\"https:\\\/\\\/cataloniaexperience.com\\\/producte\\\/curs-alpinisme-nivell-1-escola-alpinisme\\\/\",\"url\":\"https:\\\/\\\/cataloniaexperience.com\\\/producte\\\/curs-alpinisme-nivell-1-escola-alpinisme\\\/\",\"name\":\"Curs alpinisme nivell 1 Escola Alpinisme - Vertical Emotions\",\"isPartOf\":{\"@id\":\"https:\\\/\\\/cataloniaexperience.com\\\/#website\"},\"primaryImageOfPage\":{\"@id\":\"https:\\\/\\\/cataloniaexperience.com\\\/producte\\\/curs-alpinisme-nivell-1-escola-alpinisme\\\/#primaryimage\"},\"image\":{\"@id\":\"https:\\\/\\\/cataloniaexperience.com\\\/producte\\\/curs-alpinisme-nivell-1-escola-alpinisme\\\/#primaryimage\"},\"thumbnailUrl\":\"https:\\\/\\\/cataloniaexperience.com\\\/wp-content\\\/uploads\\\/2019\\\/05\\\/Escola-d-Alpinisme-Curs-Nivell-1-horitzontal.jpg\",\"datePublished\":\"2024-12-05T11:22:48+00:00\",\"dateModified\":\"2025-03-05T14:25:20+00:00\",\"breadcrumb\":{\"@id\":\"https:\\\/\\\/cataloniaexperience.com\\\/producte\\\/curs-alpinisme-nivell-1-escola-alpinisme\\\/#breadcrumb\"},\"inLanguage\":\"ca\",\"potentialAction\":[{\"@type\":\"ReadAction\",\"target\":[\"https:\\\/\\\/cataloniaexperience.com\\\/producte\\\/curs-alpinisme-nivell-1-escola-alpinisme\\\/\"]}]},{\"@type\":\"ImageObject\",\"inLanguage\":\"ca\",\"@id\":\"https:\\\/\\\/cataloniaexperience.com\\\/producte\\\/curs-alpinisme-nivell-1-escola-alpinisme\\\/#primaryimage\",\"url\":\"https:\\\/\\\/cataloniaexperience.com\\\/wp-content\\\/uploads\\\/2019\\\/05\\\/Escola-d-Alpinisme-Curs-Nivell-1-horitzontal.jpg\",\"contentUrl\":\"https:\\\/\\\/cataloniaexperience.com\\\/wp-content\\\/uploads\\\/2019\\\/05\\\/Escola-d-Alpinisme-Curs-Nivell-1-horitzontal.jpg\",\"width\":1920,\"height\":450,\"caption\":\"Escola-d'Alpinisme-Curs-Nivell-1\"},{\"@type\":\"BreadcrumbList\",\"@id\":\"https:\\\/\\\/cataloniaexperience.com\\\/producte\\\/curs-alpinisme-nivell-1-escola-alpinisme\\\/#breadcrumb\",\"itemListElement\":[{\"@type\":\"ListItem\",\"position\":1,\"name\":\"Inici\",\"item\":\"https:\\\/\\\/cataloniaexperience.com\\\/\"},{\"@type\":\"ListItem\",\"position\":2,\"name\":\"Productes\",\"item\":\"https:\\\/\\\/cataloniaexperience.com\\\/shop\\\/\"},{\"@type\":\"ListItem\",\"position\":3,\"name\":\"Curs alpinisme nivell 1 Escola Alpinisme\"}]},{\"@type\":\"WebSite\",\"@id\":\"https:\\\/\\\/cataloniaexperience.com\\\/#website\",\"url\":\"https:\\\/\\\/cataloniaexperience.com\\\/\",\"name\":\"Vertical Emotions\",\"description\":\"Vertical Emotions\",\"publisher\":{\"@id\":\"https:\\\/\\\/cataloniaexperience.com\\\/#organization\"},\"potentialAction\":[{\"@type\":\"SearchAction\",\"target\":{\"@type\":\"EntryPoint\",\"urlTemplate\":\"https:\\\/\\\/cataloniaexperience.com\\\/?s={search_term_string}\"},\"query-input\":{\"@type\":\"PropertyValueSpecification\",\"valueRequired\":true,\"valueName\":\"search_term_string\"}}],\"inLanguage\":\"ca\"},{\"@type\":\"Organization\",\"@id\":\"https:\\\/\\\/cataloniaexperience.com\\\/#organization\",\"name\":\"Vertical Emotions\",\"url\":\"https:\\\/\\\/cataloniaexperience.com\\\/\",\"logo\":{\"@type\":\"ImageObject\",\"inLanguage\":\"ca\",\"@id\":\"https:\\\/\\\/cataloniaexperience.com\\\/#\\\/schema\\\/logo\\\/image\\\/\",\"url\":\"http:\\\/\\\/verticalemotions.com\\\/wp-content\\\/uploads\\\/2020\\\/02\\\/vertical_emotions_logo_plantilla_web.jpg\",\"contentUrl\":\"http:\\\/\\\/verticalemotions.com\\\/wp-content\\\/uploads\\\/2020\\\/02\\\/vertical_emotions_logo_plantilla_web.jpg\",\"width\":600,\"height\":116,\"caption\":\"Vertical Emotions\"},\"image\":{\"@id\":\"https:\\\/\\\/cataloniaexperience.com\\\/#\\\/schema\\\/logo\\\/image\\\/\"},\"sameAs\":[\"https:\\\/\\\/www.facebook.com\\\/verticalemotions\",\"https:\\\/\\\/www.instagram.com\\\/verticalemotions\\\/\"]}]}<\/script>\n<!-- \/ Yoast SEO plugin. -->","yoast_head_json":{"title":"Curs alpinisme nivell 1 Escola Alpinisme - Vertical Emotions","robots":{"index":"noindex","follow":"follow"},"og_locale":"ca_ES","og_type":"article","og_title":"Curs alpinisme nivell 1 Escola Alpinisme - Vertical Emotions","og_description":"Preu del curs: 420\u20ac *El curs es realitzar\u00e0 amb un m\u00ednim de 4 persones. *Grups redu\u00efts de m\u00e0xim 6 alumnes. El curs Inclou: 6 Classes te\u00f2riques i pr\u00e0ctiques. T\u00e8cnic titulat en totes les sessions. Asseguran\u00e7a d\u2019accidents i Responsabilitat Civil. Certificat acreditatiu de nivell de 60h. No inclou: Equip i material (veure llistat). Transport Tot el &hellip; Continua llegint \u00abCurs alpinisme nivell 1 Escola Alpinisme\u00bb","og_url":"https:\/\/cataloniaexperience.com\/producte\/curs-alpinisme-nivell-1-escola-alpinisme\/","og_site_name":"Vertical Emotions","article_publisher":"https:\/\/www.facebook.com\/verticalemotions","article_modified_time":"2025-03-05T14:25:20+00:00","og_image":[{"width":1920,"height":450,"url":"https:\/\/cataloniaexperience.com\/wp-content\/uploads\/2019\/05\/Escola-d-Alpinisme-Curs-Nivell-1-horitzontal.jpg","type":"image\/jpeg"}],"twitter_card":"summary_large_image","twitter_misc":{"Temps estimat de lectura":"5 minuts"},"schema":{"@context":"https:\/\/schema.org","@graph":[{"@type":"WebPage","@id":"https:\/\/cataloniaexperience.com\/producte\/curs-alpinisme-nivell-1-escola-alpinisme\/","url":"https:\/\/cataloniaexperience.com\/producte\/curs-alpinisme-nivell-1-escola-alpinisme\/","name":"Curs alpinisme nivell 1 Escola Alpinisme - Vertical Emotions","isPartOf":{"@id":"https:\/\/cataloniaexperience.com\/#website"},"primaryImageOfPage":{"@id":"https:\/\/cataloniaexperience.com\/producte\/curs-alpinisme-nivell-1-escola-alpinisme\/#primaryimage"},"image":{"@id":"https:\/\/cataloniaexperience.com\/producte\/curs-alpinisme-nivell-1-escola-alpinisme\/#primaryimage"},"thumbnailUrl":"https:\/\/cataloniaexperience.com\/wp-content\/uploads\/2019\/05\/Escola-d-Alpinisme-Curs-Nivell-1-horitzontal.jpg","datePublished":"2024-12-05T11:22:48+00:00","dateModified":"2025-03-05T14:25:20+00:00","breadcrumb":{"@id":"https:\/\/cataloniaexperience.com\/producte\/curs-alpinisme-nivell-1-escola-alpinisme\/#breadcrumb"},"inLanguage":"ca","potentialAction":[{"@type":"ReadAction","target":["https:\/\/cataloniaexperience.com\/producte\/curs-alpinisme-nivell-1-escola-alpinisme\/"]}]},{"@type":"ImageObject","inLanguage":"ca","@id":"https:\/\/cataloniaexperience.com\/producte\/curs-alpinisme-nivell-1-escola-alpinisme\/#primaryimage","url":"https:\/\/cataloniaexperience.com\/wp-content\/uploads\/2019\/05\/Escola-d-Alpinisme-Curs-Nivell-1-horitzontal.jpg","contentUrl":"https:\/\/cataloniaexperience.com\/wp-content\/uploads\/2019\/05\/Escola-d-Alpinisme-Curs-Nivell-1-horitzontal.jpg","width":1920,"height":450,"caption":"Escola-d'Alpinisme-Curs-Nivell-1"},{"@type":"BreadcrumbList","@id":"https:\/\/cataloniaexperience.com\/producte\/curs-alpinisme-nivell-1-escola-alpinisme\/#breadcrumb","itemListElement":[{"@type":"ListItem","position":1,"name":"Inici","item":"https:\/\/cataloniaexperience.com\/"},{"@type":"ListItem","position":2,"name":"Productes","item":"https:\/\/cataloniaexperience.com\/shop\/"},{"@type":"ListItem","position":3,"name":"Curs alpinisme nivell 1 Escola Alpinisme"}]},{"@type":"WebSite","@id":"https:\/\/cataloniaexperience.com\/#website","url":"https:\/\/cataloniaexperience.com\/","name":"Vertical Emotions","description":"Vertical Emotions","publisher":{"@id":"https:\/\/cataloniaexperience.com\/#organization"},"potentialAction":[{"@type":"SearchAction","target":{"@type":"EntryPoint","urlTemplate":"https:\/\/cataloniaexperience.com\/?s={search_term_string}"},"query-input":{"@type":"PropertyValueSpecification","valueRequired":true,"valueName":"search_term_string"}}],"inLanguage":"ca"},{"@type":"Organization","@id":"https:\/\/cataloniaexperience.com\/#organization","name":"Vertical Emotions","url":"https:\/\/cataloniaexperience.com\/","logo":{"@type":"ImageObject","inLanguage":"ca","@id":"https:\/\/cataloniaexperience.com\/#\/schema\/logo\/image\/","url":"http:\/\/verticalemotions.com\/wp-content\/uploads\/2020\/02\/vertical_emotions_logo_plantilla_web.jpg","contentUrl":"http:\/\/verticalemotions.com\/wp-content\/uploads\/2020\/02\/vertical_emotions_logo_plantilla_web.jpg","width":600,"height":116,"caption":"Vertical Emotions"},"image":{"@id":"https:\/\/cataloniaexperience.com\/#\/schema\/logo\/image\/"},"sameAs":["https:\/\/www.facebook.com\/verticalemotions","https:\/\/www.instagram.com\/verticalemotions\/"]}]}},"_links":{"self":[{"href":"https:\/\/cataloniaexperience.com\/ca\/wp-json\/wp\/v2\/product\/7840","targetHints":{"allow":["GET"]}}],"collection":[{"href":"https:\/\/cataloniaexperience.com\/ca\/wp-json\/wp\/v2\/product"}],"about":[{"href":"https:\/\/cataloniaexperience.com\/ca\/wp-json\/wp\/v2\/types\/product"}],"replies":[{"embeddable":true,"href":"https:\/\/cataloniaexperience.com\/ca\/wp-json\/wp\/v2\/comments?post=7840"}],"version-history":[{"count":2,"href":"https:\/\/cataloniaexperience.com\/ca\/wp-json\/wp\/v2\/product\/7840\/revisions"}],"predecessor-version":[{"id":68524,"href":"https:\/\/cataloniaexperience.com\/ca\/wp-json\/wp\/v2\/product\/7840\/revisions\/68524"}],"wp:featuredmedia":[{"embeddable":true,"href":"https:\/\/cataloniaexperience.com\/ca\/wp-json\/wp\/v2\/media\/3334"}],"wp:attachment":[{"href":"https:\/\/cataloniaexperience.com\/ca\/wp-json\/wp\/v2\/media?parent=7840"}],"wp:term":[{"taxonomy":"product_cat","embeddable":true,"href":"https:\/\/cataloniaexperience.com\/ca\/wp-json\/wp\/v2\/product_cat?post=7840"},{"taxonomy":"product_tag","embeddable":true,"href":"https:\/\/cataloniaexperience.com\/ca\/wp-json\/wp\/v2\/product_tag?post=7840"}],"curies":[{"name":"wp","href":"https:\/\/api.w.org\/{rel}","templated":true}]}}