{"id":7864,"date":"2024-11-29T13:01:04","date_gmt":"2024-11-29T12:01:04","guid":{"rendered":"http:\/\/verticalemotions.com\/?post_type=product&#038;p=7864"},"modified":"2025-02-11T21:43:40","modified_gmt":"2025-02-11T20:43:40","slug":"sortides-practiques-alpinisme-nivell-2","status":"publish","type":"product","link":"https:\/\/cataloniaexperience.com\/ca\/producte\/sortides-practiques-alpinisme-nivell-2\/","title":{"rendered":"Sortides Pr\u00e0ctiques Alpinisme &#8211; Nivell 2"},"content":{"rendered":"<p><strong>Preu de les sortides: <\/strong>M\u00ednim 4pax i m\u00e0xim 6pax &#8211; 90\u20ac\/pax i sortida<\/p>\n<p><strong>Inclou:<\/strong><\/p>\n<ul>\n<li>\u00a0Sortides pr\u00e0ctiques.<\/li>\n<li>T\u00e8cnic titulat en totes les sessions.<\/li>\n<li>Asseguran\u00e7a d\u2019accidents i Responsabilitat Civil.<\/li>\n<\/ul>\n<p><strong>No inclou:<\/strong><\/p>\n<ul>\n<li>Equip i material personal.<\/li>\n<li>Transport.<\/li>\n<li>Tot el no especificat en l\u2019apartat anterior<\/li>\n<\/ul>\n","protected":false},"excerpt":{"rendered":"<p>Preu de les sortides: M\u00ednim 4pax i m\u00e0xim 6pax &#8211; 90\u20ac\/pax i sortida Inclou: \u00a0Sortides pr\u00e0ctiques. T\u00e8cnic titulat en totes les sessions. Asseguran\u00e7a d\u2019accidents i Responsabilitat Civil. No inclou: Equip i material personal. Transport. Tot el no especificat en l\u2019apartat anterior<\/p>\n","protected":false},"featured_media":1981,"comment_status":"closed","ping_status":"closed","template":"","meta":{"inline_featured_image":false,"_joinchat":[]},"product_cat":[229,132],"product_tag":[],"class_list":{"0":"post-7864","1":"product","2":"type-product","3":"status-publish","4":"has-post-thumbnail","6":"product_cat-alpinisme-activitat-guiada","7":"product_cat-home","8":"entry","10":"first","11":"instock","12":"sold-individually","13":"purchasable","14":"product-type-booking"},"yoast_head":"<!-- This site is optimized with the Yoast SEO plugin v27.5 - https:\/\/yoast.com\/product\/yoast-seo-wordpress\/ -->\n<title>Sortides Pr\u00e0ctiques Alpinisme - Nivell 2 - Vertical Emotions<\/title>\n<meta name=\"robots\" content=\"noindex, follow\" \/>\n<meta property=\"og:locale\" content=\"ca_ES\" \/>\n<meta property=\"og:type\" content=\"article\" \/>\n<meta property=\"og:title\" content=\"Sortides Pr\u00e0ctiques Alpinisme - Nivell 2 - Vertical Emotions\" \/>\n<meta property=\"og:description\" content=\"Preu de les sortides: M\u00ednim 4pax i m\u00e0xim 6pax &#8211; 90\u20ac\/pax i sortida Inclou: \u00a0Sortides pr\u00e0ctiques. T\u00e8cnic titulat en totes les sessions. Asseguran\u00e7a d\u2019accidents i Responsabilitat Civil. No inclou: Equip i material personal. Transport. Tot el no especificat en l\u2019apartat anterior\" \/>\n<meta property=\"og:url\" content=\"https:\/\/cataloniaexperience.com\/producte\/sortides-practiques-alpinisme-nivell-2\/\" \/>\n<meta property=\"og:site_name\" content=\"Vertical Emotions\" \/>\n<meta property=\"article:publisher\" content=\"https:\/\/www.facebook.com\/verticalemotions\" \/>\n<meta property=\"article:modified_time\" content=\"2025-02-11T20:43:40+00:00\" \/>\n<meta property=\"og:image\" content=\"https:\/\/cataloniaexperience.com\/wp-content\/uploads\/2019\/05\/Sortides-Pr\u00e0ctiques-Alpinisme-nivell-mig-horitzontal.jpg\" \/>\n\t<meta property=\"og:image:width\" content=\"1920\" \/>\n\t<meta property=\"og:image:height\" content=\"450\" \/>\n\t<meta property=\"og:image:type\" content=\"image\/jpeg\" \/>\n<meta name=\"twitter:card\" content=\"summary_large_image\" \/>\n<meta name=\"twitter:label1\" content=\"Temps estimat de lectura\" \/>\n\t<meta name=\"twitter:data1\" content=\"4 minuts\" \/>\n<script type=\"application\/ld+json\" class=\"yoast-schema-graph\">{\"@context\":\"https:\\\/\\\/schema.org\",\"@graph\":[{\"@type\":\"WebPage\",\"@id\":\"https:\\\/\\\/cataloniaexperience.com\\\/producte\\\/sortides-practiques-alpinisme-nivell-2\\\/\",\"url\":\"https:\\\/\\\/cataloniaexperience.com\\\/producte\\\/sortides-practiques-alpinisme-nivell-2\\\/\",\"name\":\"Sortides Pr\u00e0ctiques Alpinisme - Nivell 2 - Vertical Emotions\",\"isPartOf\":{\"@id\":\"https:\\\/\\\/cataloniaexperience.com\\\/#website\"},\"primaryImageOfPage\":{\"@id\":\"https:\\\/\\\/cataloniaexperience.com\\\/producte\\\/sortides-practiques-alpinisme-nivell-2\\\/#primaryimage\"},\"image\":{\"@id\":\"https:\\\/\\\/cataloniaexperience.com\\\/producte\\\/sortides-practiques-alpinisme-nivell-2\\\/#primaryimage\"},\"thumbnailUrl\":\"https:\\\/\\\/cataloniaexperience.com\\\/wp-content\\\/uploads\\\/2019\\\/05\\\/Sortides-Pr\u00e0ctiques-Alpinisme-nivell-mig-horitzontal.jpg\",\"datePublished\":\"2024-11-29T12:01:04+00:00\",\"dateModified\":\"2025-02-11T20:43:40+00:00\",\"breadcrumb\":{\"@id\":\"https:\\\/\\\/cataloniaexperience.com\\\/producte\\\/sortides-practiques-alpinisme-nivell-2\\\/#breadcrumb\"},\"inLanguage\":\"ca\",\"potentialAction\":[{\"@type\":\"ReadAction\",\"target\":[\"https:\\\/\\\/cataloniaexperience.com\\\/producte\\\/sortides-practiques-alpinisme-nivell-2\\\/\"]}]},{\"@type\":\"ImageObject\",\"inLanguage\":\"ca\",\"@id\":\"https:\\\/\\\/cataloniaexperience.com\\\/producte\\\/sortides-practiques-alpinisme-nivell-2\\\/#primaryimage\",\"url\":\"https:\\\/\\\/cataloniaexperience.com\\\/wp-content\\\/uploads\\\/2019\\\/05\\\/Sortides-Pr\u00e0ctiques-Alpinisme-nivell-mig-horitzontal.jpg\",\"contentUrl\":\"https:\\\/\\\/cataloniaexperience.com\\\/wp-content\\\/uploads\\\/2019\\\/05\\\/Sortides-Pr\u00e0ctiques-Alpinisme-nivell-mig-horitzontal.jpg\",\"width\":1920,\"height\":450,\"caption\":\"Sortides-Pr\u00e0ctiques-Alpinisme--nivell-mig\"},{\"@type\":\"BreadcrumbList\",\"@id\":\"https:\\\/\\\/cataloniaexperience.com\\\/producte\\\/sortides-practiques-alpinisme-nivell-2\\\/#breadcrumb\",\"itemListElement\":[{\"@type\":\"ListItem\",\"position\":1,\"name\":\"Inici\",\"item\":\"https:\\\/\\\/cataloniaexperience.com\\\/\"},{\"@type\":\"ListItem\",\"position\":2,\"name\":\"Productes\",\"item\":\"https:\\\/\\\/cataloniaexperience.com\\\/shop\\\/\"},{\"@type\":\"ListItem\",\"position\":3,\"name\":\"Sortides Pr\u00e0ctiques Alpinisme &#8211; Nivell 2\"}]},{\"@type\":\"WebSite\",\"@id\":\"https:\\\/\\\/cataloniaexperience.com\\\/#website\",\"url\":\"https:\\\/\\\/cataloniaexperience.com\\\/\",\"name\":\"Vertical Emotions\",\"description\":\"Vertical Emotions\",\"publisher\":{\"@id\":\"https:\\\/\\\/cataloniaexperience.com\\\/#organization\"},\"potentialAction\":[{\"@type\":\"SearchAction\",\"target\":{\"@type\":\"EntryPoint\",\"urlTemplate\":\"https:\\\/\\\/cataloniaexperience.com\\\/?s={search_term_string}\"},\"query-input\":{\"@type\":\"PropertyValueSpecification\",\"valueRequired\":true,\"valueName\":\"search_term_string\"}}],\"inLanguage\":\"ca\"},{\"@type\":\"Organization\",\"@id\":\"https:\\\/\\\/cataloniaexperience.com\\\/#organization\",\"name\":\"Vertical Emotions\",\"url\":\"https:\\\/\\\/cataloniaexperience.com\\\/\",\"logo\":{\"@type\":\"ImageObject\",\"inLanguage\":\"ca\",\"@id\":\"https:\\\/\\\/cataloniaexperience.com\\\/#\\\/schema\\\/logo\\\/image\\\/\",\"url\":\"http:\\\/\\\/verticalemotions.com\\\/wp-content\\\/uploads\\\/2020\\\/02\\\/vertical_emotions_logo_plantilla_web.jpg\",\"contentUrl\":\"http:\\\/\\\/verticalemotions.com\\\/wp-content\\\/uploads\\\/2020\\\/02\\\/vertical_emotions_logo_plantilla_web.jpg\",\"width\":600,\"height\":116,\"caption\":\"Vertical Emotions\"},\"image\":{\"@id\":\"https:\\\/\\\/cataloniaexperience.com\\\/#\\\/schema\\\/logo\\\/image\\\/\"},\"sameAs\":[\"https:\\\/\\\/www.facebook.com\\\/verticalemotions\",\"https:\\\/\\\/www.instagram.com\\\/verticalemotions\\\/\"]}]}<\/script>\n<!-- \/ Yoast SEO plugin. -->","yoast_head_json":{"title":"Sortides Pr\u00e0ctiques Alpinisme - Nivell 2 - Vertical Emotions","robots":{"index":"noindex","follow":"follow"},"og_locale":"ca_ES","og_type":"article","og_title":"Sortides Pr\u00e0ctiques Alpinisme - Nivell 2 - Vertical Emotions","og_description":"Preu de les sortides: M\u00ednim 4pax i m\u00e0xim 6pax &#8211; 90\u20ac\/pax i sortida Inclou: \u00a0Sortides pr\u00e0ctiques. T\u00e8cnic titulat en totes les sessions. Asseguran\u00e7a d\u2019accidents i Responsabilitat Civil. No inclou: Equip i material personal. Transport. Tot el no especificat en l\u2019apartat anterior","og_url":"https:\/\/cataloniaexperience.com\/producte\/sortides-practiques-alpinisme-nivell-2\/","og_site_name":"Vertical Emotions","article_publisher":"https:\/\/www.facebook.com\/verticalemotions","article_modified_time":"2025-02-11T20:43:40+00:00","og_image":[{"width":1920,"height":450,"url":"https:\/\/cataloniaexperience.com\/wp-content\/uploads\/2019\/05\/Sortides-Pr\u00e0ctiques-Alpinisme-nivell-mig-horitzontal.jpg","type":"image\/jpeg"}],"twitter_card":"summary_large_image","twitter_misc":{"Temps estimat de lectura":"4 minuts"},"schema":{"@context":"https:\/\/schema.org","@graph":[{"@type":"WebPage","@id":"https:\/\/cataloniaexperience.com\/producte\/sortides-practiques-alpinisme-nivell-2\/","url":"https:\/\/cataloniaexperience.com\/producte\/sortides-practiques-alpinisme-nivell-2\/","name":"Sortides Pr\u00e0ctiques Alpinisme - Nivell 2 - Vertical Emotions","isPartOf":{"@id":"https:\/\/cataloniaexperience.com\/#website"},"primaryImageOfPage":{"@id":"https:\/\/cataloniaexperience.com\/producte\/sortides-practiques-alpinisme-nivell-2\/#primaryimage"},"image":{"@id":"https:\/\/cataloniaexperience.com\/producte\/sortides-practiques-alpinisme-nivell-2\/#primaryimage"},"thumbnailUrl":"https:\/\/cataloniaexperience.com\/wp-content\/uploads\/2019\/05\/Sortides-Pr\u00e0ctiques-Alpinisme-nivell-mig-horitzontal.jpg","datePublished":"2024-11-29T12:01:04+00:00","dateModified":"2025-02-11T20:43:40+00:00","breadcrumb":{"@id":"https:\/\/cataloniaexperience.com\/producte\/sortides-practiques-alpinisme-nivell-2\/#breadcrumb"},"inLanguage":"ca","potentialAction":[{"@type":"ReadAction","target":["https:\/\/cataloniaexperience.com\/producte\/sortides-practiques-alpinisme-nivell-2\/"]}]},{"@type":"ImageObject","inLanguage":"ca","@id":"https:\/\/cataloniaexperience.com\/producte\/sortides-practiques-alpinisme-nivell-2\/#primaryimage","url":"https:\/\/cataloniaexperience.com\/wp-content\/uploads\/2019\/05\/Sortides-Pr\u00e0ctiques-Alpinisme-nivell-mig-horitzontal.jpg","contentUrl":"https:\/\/cataloniaexperience.com\/wp-content\/uploads\/2019\/05\/Sortides-Pr\u00e0ctiques-Alpinisme-nivell-mig-horitzontal.jpg","width":1920,"height":450,"caption":"Sortides-Pr\u00e0ctiques-Alpinisme--nivell-mig"},{"@type":"BreadcrumbList","@id":"https:\/\/cataloniaexperience.com\/producte\/sortides-practiques-alpinisme-nivell-2\/#breadcrumb","itemListElement":[{"@type":"ListItem","position":1,"name":"Inici","item":"https:\/\/cataloniaexperience.com\/"},{"@type":"ListItem","position":2,"name":"Productes","item":"https:\/\/cataloniaexperience.com\/shop\/"},{"@type":"ListItem","position":3,"name":"Sortides Pr\u00e0ctiques Alpinisme &#8211; Nivell 2"}]},{"@type":"WebSite","@id":"https:\/\/cataloniaexperience.com\/#website","url":"https:\/\/cataloniaexperience.com\/","name":"Vertical Emotions","description":"Vertical Emotions","publisher":{"@id":"https:\/\/cataloniaexperience.com\/#organization"},"potentialAction":[{"@type":"SearchAction","target":{"@type":"EntryPoint","urlTemplate":"https:\/\/cataloniaexperience.com\/?s={search_term_string}"},"query-input":{"@type":"PropertyValueSpecification","valueRequired":true,"valueName":"search_term_string"}}],"inLanguage":"ca"},{"@type":"Organization","@id":"https:\/\/cataloniaexperience.com\/#organization","name":"Vertical Emotions","url":"https:\/\/cataloniaexperience.com\/","logo":{"@type":"ImageObject","inLanguage":"ca","@id":"https:\/\/cataloniaexperience.com\/#\/schema\/logo\/image\/","url":"http:\/\/verticalemotions.com\/wp-content\/uploads\/2020\/02\/vertical_emotions_logo_plantilla_web.jpg","contentUrl":"http:\/\/verticalemotions.com\/wp-content\/uploads\/2020\/02\/vertical_emotions_logo_plantilla_web.jpg","width":600,"height":116,"caption":"Vertical Emotions"},"image":{"@id":"https:\/\/cataloniaexperience.com\/#\/schema\/logo\/image\/"},"sameAs":["https:\/\/www.facebook.com\/verticalemotions","https:\/\/www.instagram.com\/verticalemotions\/"]}]}},"_links":{"self":[{"href":"https:\/\/cataloniaexperience.com\/ca\/wp-json\/wp\/v2\/product\/7864","targetHints":{"allow":["GET"]}}],"collection":[{"href":"https:\/\/cataloniaexperience.com\/ca\/wp-json\/wp\/v2\/product"}],"about":[{"href":"https:\/\/cataloniaexperience.com\/ca\/wp-json\/wp\/v2\/types\/product"}],"replies":[{"embeddable":true,"href":"https:\/\/cataloniaexperience.com\/ca\/wp-json\/wp\/v2\/comments?post=7864"}],"version-history":[{"count":2,"href":"https:\/\/cataloniaexperience.com\/ca\/wp-json\/wp\/v2\/product\/7864\/revisions"}],"predecessor-version":[{"id":67874,"href":"https:\/\/cataloniaexperience.com\/ca\/wp-json\/wp\/v2\/product\/7864\/revisions\/67874"}],"wp:featuredmedia":[{"embeddable":true,"href":"https:\/\/cataloniaexperience.com\/ca\/wp-json\/wp\/v2\/media\/1981"}],"wp:attachment":[{"href":"https:\/\/cataloniaexperience.com\/ca\/wp-json\/wp\/v2\/media?parent=7864"}],"wp:term":[{"taxonomy":"product_cat","embeddable":true,"href":"https:\/\/cataloniaexperience.com\/ca\/wp-json\/wp\/v2\/product_cat?post=7864"},{"taxonomy":"product_tag","embeddable":true,"href":"https:\/\/cataloniaexperience.com\/ca\/wp-json\/wp\/v2\/product_tag?post=7864"}],"curies":[{"name":"wp","href":"https:\/\/api.w.org\/{rel}","templated":true}]}}