{"id":44849,"date":"2024-07-22T10:49:37","date_gmt":"2024-07-22T08:49:37","guid":{"rendered":"https:\/\/verticalemotions.com\/alpinismo\/"},"modified":"2024-07-25T09:16:09","modified_gmt":"2024-07-25T07:16:09","slug":"alpinismo","status":"publish","type":"page","link":"https:\/\/cataloniaexperience.com\/es\/actividades-guiadas\/alpinismo\/","title":{"rendered":"Alpinismo"},"content":{"rendered":"\t\t<div data-elementor-type=\"wp-post\" data-elementor-id=\"44849\" class=\"elementor elementor-44849 elementor-1034\" data-elementor-post-type=\"page\">\n\t\t\t\t\t\t<section class=\"has_ae_slider elementor-section elementor-top-section elementor-element elementor-element-1f00313 elementor-section-full_width elementor-section-height-default elementor-section-height-default ae-bg-gallery-type-default\" data-id=\"1f00313\" data-element_type=\"section\" data-e-type=\"section\" data-settings=\"{&quot;background_background&quot;:&quot;classic&quot;}\">\n\t\t\t\t\t\t<div class=\"elementor-container elementor-column-gap-default\">\n\t\t\t\t\t<div class=\"has_ae_slider elementor-column elementor-col-100 elementor-top-column elementor-element elementor-element-7d95871 elementor-hidden-phone ae-bg-gallery-type-default\" data-id=\"7d95871\" data-element_type=\"column\" data-e-type=\"column\" data-settings=\"{&quot;background_background&quot;:&quot;classic&quot;}\">\n\t\t\t<div class=\"elementor-widget-wrap elementor-element-populated\">\n\t\t\t\t\t<div class=\"elementor-background-overlay\"><\/div>\n\t\t\t\t\t\t<div class=\"elementor-element elementor-element-a6fc9ce elementor-widget elementor-widget-text-editor\" data-id=\"a6fc9ce\" data-element_type=\"widget\" data-e-type=\"widget\" data-widget_type=\"text-editor.default\">\n\t\t\t\t<div class=\"elementor-widget-container\">\n\t\t\t\t\t\t\t\t\t<p><form autocomplete=\"off\" action=\"https:\/\/cataloniaexperience.com\/es\/resultados-filtro\/\" method=\"get\" class=\"wpv-filter-form js-wpv-filter-form js-wpv-filter-form-473 js-wpv-form-only js-wpv-dps-enabled\" data-viewnumber=\"473\" data-targetid=\"45150\" data-viewid=\"473\" data-viewhash=\"eyJuYW1lIjoiY2VyY2Fkb3ItYWN0aXZpdGF0cyIsInRhcmdldF9pZCI6IjQ5MCJ9\" data-viewwidgetid=\"0\" data-orderby=\"\" data-order=\"\" data-orderbyas=\"\" data-orderbysecond=\"\" data-ordersecond=\"\" data-parametric=\"{&quot;query&quot;:&quot;normal&quot;,&quot;id&quot;:&quot;473&quot;,&quot;view_id&quot;:&quot;473&quot;,&quot;widget_id&quot;:0,&quot;view_hash&quot;:&quot;473&quot;,&quot;action&quot;:&quot;https:\/\/cataloniaexperience.com\/es\/resultados-filtro\/&quot;,&quot;sort&quot;:{&quot;orderby&quot;:&quot;&quot;,&quot;order&quot;:&quot;&quot;,&quot;orderby_as&quot;:&quot;&quot;,&quot;orderby_second&quot;:&quot;&quot;,&quot;order_second&quot;:&quot;&quot;},&quot;orderby&quot;:&quot;&quot;,&quot;order&quot;:&quot;&quot;,&quot;orderby_as&quot;:&quot;&quot;,&quot;orderby_second&quot;:&quot;&quot;,&quot;order_second&quot;:&quot;&quot;,&quot;ajax_form&quot;:&quot;&quot;,&quot;ajax_results&quot;:&quot;&quot;,&quot;effect&quot;:&quot;fade&quot;,&quot;prebefore&quot;:&quot;&quot;,&quot;before&quot;:&quot;&quot;,&quot;after&quot;:&quot;&quot;,&quot;attributes&quot;:[],&quot;environment&quot;:{&quot;current_post_id&quot;:0,&quot;parent_post_id&quot;:0,&quot;parent_term_id&quot;:0,&quot;parent_user_id&quot;:0,&quot;archive&quot;:{&quot;type&quot;:&quot;&quot;,&quot;name&quot;:&quot;&quot;,&quot;data&quot;:[]}},&quot;loop&quot;:{&quot;type&quot;:&quot;&quot;,&quot;name&quot;:&quot;&quot;,&quot;data&quot;:[],&quot;id&quot;:0}}\" data-attributes=\"[]\" data-environment=\"{&quot;current_post_id&quot;:0,&quot;parent_post_id&quot;:0,&quot;parent_term_id&quot;:0,&quot;parent_user_id&quot;:0,&quot;archive&quot;:{&quot;type&quot;:&quot;&quot;,&quot;name&quot;:&quot;&quot;,&quot;data&quot;:[]}}\"><input type=\"hidden\" class=\"js-wpv-dps-filter-data js-wpv-filter-data-for-this-form\" data-action=\"https:\/\/cataloniaexperience.com\/es\/resultados-filtro\/\" data-page=\"1\" data-ajax=\"disable\" data-effect=\"fade\" data-ajaxprebefore=\"\" data-ajaxbefore=\"\" data-ajaxafter=\"\" \/><input class=\"wpv_view_count wpv_view_count-473\" type=\"hidden\" name=\"wpv_view_count\" value=\"473\" \/>\n\n<div class=\"form-group inicerca\">\n  <div class=\"row cercador\" style=\"margin:0px;\">\n\t<div class=\"col-sm-3 filtres\"><select name=\"wpv-que-vull\" class=\"js-wpv-filter-trigger form-control\"><option selected='selected' value=\"0\">Que vull?<\/option><option value=\"actividad-guiada\">Actividad guiada<\/option><\/select>\n<\/div>\n\t<div class=\"col-sm-3 filtres\"><select name=\"wpv-tipus-o-modalitat\" class=\"js-wpv-filter-trigger form-control\"><option selected='selected' value=\"0\">Modalitat<\/option><option value=\"barranquismo\">Barranquismo<\/option><option value=\"coastering-costa-brava-es\">Coastering Costa Brava<\/option><option value=\"via-ferrata\">Via ferrata<\/option><\/select><\/div>\n\t<div class=\"col-sm-3 filtres\"><select id=\"wpv_control_select_wpcf-nivell-dificultat\" name=\"wpv-wpcf-nivell-dificultat\" class=\"js-wpv-filter-trigger form-control\"><option value=\"\" selected=\"selected\">Nivell de dificultat<\/option><option value=\"1\">1 Iniciaci\u00f3n<\/option><option value=\"2\">Middle<\/option><\/select><\/div>\n\t<div class=\"col-sm-3 boto\"><input type=\"submit\" class=\"wpv-submit-trigger js-wpv-submit-trigger btn\" name=\"wpv_filter_submit\" value=\"Cercar\" \/><\/div>\n  <\/div>\n<\/div>\n\n<\/form><\/p>\n\t\t\t\t\t\t\t\t<\/div>\n\t\t\t\t<\/div>\n\t\t\t\t\t<\/div>\n\t\t<\/div>\n\t\t\t\t\t<\/div>\n\t\t<\/section>\n\t\t\t\t<section class=\"has_ae_slider elementor-section elementor-top-section elementor-element elementor-element-b62a534 elementor-section-full_width elementor-hidden-desktop elementor-hidden-tablet elementor-section-height-default elementor-section-height-default ae-bg-gallery-type-default\" data-id=\"b62a534\" data-element_type=\"section\" data-e-type=\"section\">\n\t\t\t\t\t\t<div class=\"elementor-container elementor-column-gap-no\">\n\t\t\t\t\t<div class=\"has_ae_slider elementor-column elementor-col-100 elementor-top-column elementor-element elementor-element-bab9871 elementor-hidden-desktop elementor-hidden-tablet ae-bg-gallery-type-default\" data-id=\"bab9871\" data-element_type=\"column\" data-e-type=\"column\" data-settings=\"{&quot;background_background&quot;:&quot;classic&quot;}\">\n\t\t\t<div class=\"elementor-widget-wrap elementor-element-populated\">\n\t\t\t\t\t<div class=\"elementor-background-overlay\"><\/div>\n\t\t\t\t\t\t<div class=\"elementor-element elementor-element-3889006 elementor-widget elementor-widget-text-editor\" data-id=\"3889006\" data-element_type=\"widget\" data-e-type=\"widget\" data-widget_type=\"text-editor.default\">\n\t\t\t\t<div class=\"elementor-widget-container\">\n\t\t\t\t\t\t\t\t\t<p><form autocomplete=\"off\" action=\"https:\/\/cataloniaexperience.com\/es\/resultados-filtro\/\" method=\"get\" class=\"wpv-filter-form js-wpv-filter-form js-wpv-filter-form-473 js-wpv-form-only js-wpv-dps-enabled\" data-viewnumber=\"473\" data-targetid=\"45150\" data-viewid=\"473\" data-viewhash=\"eyJuYW1lIjoiY2VyY2Fkb3ItYWN0aXZpdGF0cyIsInRhcmdldF9pZCI6IjQ5MCJ9\" data-viewwidgetid=\"0\" data-orderby=\"\" data-order=\"\" data-orderbyas=\"\" data-orderbysecond=\"\" data-ordersecond=\"\" data-parametric=\"{&quot;query&quot;:&quot;normal&quot;,&quot;id&quot;:&quot;473&quot;,&quot;view_id&quot;:&quot;473&quot;,&quot;widget_id&quot;:0,&quot;view_hash&quot;:&quot;473&quot;,&quot;action&quot;:&quot;https:\/\/cataloniaexperience.com\/es\/resultados-filtro\/&quot;,&quot;sort&quot;:{&quot;orderby&quot;:&quot;&quot;,&quot;order&quot;:&quot;&quot;,&quot;orderby_as&quot;:&quot;&quot;,&quot;orderby_second&quot;:&quot;&quot;,&quot;order_second&quot;:&quot;&quot;},&quot;orderby&quot;:&quot;&quot;,&quot;order&quot;:&quot;&quot;,&quot;orderby_as&quot;:&quot;&quot;,&quot;orderby_second&quot;:&quot;&quot;,&quot;order_second&quot;:&quot;&quot;,&quot;ajax_form&quot;:&quot;&quot;,&quot;ajax_results&quot;:&quot;&quot;,&quot;effect&quot;:&quot;fade&quot;,&quot;prebefore&quot;:&quot;&quot;,&quot;before&quot;:&quot;&quot;,&quot;after&quot;:&quot;&quot;,&quot;attributes&quot;:[],&quot;environment&quot;:{&quot;current_post_id&quot;:0,&quot;parent_post_id&quot;:0,&quot;parent_term_id&quot;:0,&quot;parent_user_id&quot;:0,&quot;archive&quot;:{&quot;type&quot;:&quot;&quot;,&quot;name&quot;:&quot;&quot;,&quot;data&quot;:[]}},&quot;loop&quot;:{&quot;type&quot;:&quot;&quot;,&quot;name&quot;:&quot;&quot;,&quot;data&quot;:[],&quot;id&quot;:0}}\" data-attributes=\"[]\" data-environment=\"{&quot;current_post_id&quot;:0,&quot;parent_post_id&quot;:0,&quot;parent_term_id&quot;:0,&quot;parent_user_id&quot;:0,&quot;archive&quot;:{&quot;type&quot;:&quot;&quot;,&quot;name&quot;:&quot;&quot;,&quot;data&quot;:[]}}\"><input type=\"hidden\" class=\"js-wpv-dps-filter-data js-wpv-filter-data-for-this-form\" data-action=\"https:\/\/cataloniaexperience.com\/es\/resultados-filtro\/\" data-page=\"1\" data-ajax=\"disable\" data-effect=\"fade\" data-ajaxprebefore=\"\" data-ajaxbefore=\"\" data-ajaxafter=\"\" \/><input class=\"wpv_view_count wpv_view_count-473\" type=\"hidden\" name=\"wpv_view_count\" value=\"473\" \/>\n\n<div class=\"form-group inicerca\">\n  <div class=\"row cercador\" style=\"margin:0px;\">\n\t<div class=\"col-sm-3 filtres\"><select name=\"wpv-que-vull\" class=\"js-wpv-filter-trigger form-control\"><option selected='selected' value=\"0\">Que vull?<\/option><option value=\"actividad-guiada\">Actividad guiada<\/option><\/select>\n<\/div>\n\t<div class=\"col-sm-3 filtres\"><select name=\"wpv-tipus-o-modalitat\" class=\"js-wpv-filter-trigger form-control\"><option selected='selected' value=\"0\">Modalitat<\/option><option value=\"barranquismo\">Barranquismo<\/option><option value=\"coastering-costa-brava-es\">Coastering Costa Brava<\/option><option value=\"via-ferrata\">Via ferrata<\/option><\/select><\/div>\n\t<div class=\"col-sm-3 filtres\"><select id=\"wpv_control_select_wpcf-nivell-dificultat\" name=\"wpv-wpcf-nivell-dificultat\" class=\"js-wpv-filter-trigger form-control\"><option value=\"\" selected=\"selected\">Nivell de dificultat<\/option><option value=\"1\">1 Iniciaci\u00f3n<\/option><option value=\"2\">Middle<\/option><\/select><\/div>\n\t<div class=\"col-sm-3 boto\"><input type=\"submit\" class=\"wpv-submit-trigger js-wpv-submit-trigger btn\" name=\"wpv_filter_submit\" value=\"Cercar\" \/><\/div>\n  <\/div>\n<\/div>\n\n<\/form><\/p>\n\t\t\t\t\t\t\t\t<\/div>\n\t\t\t\t<\/div>\n\t\t\t\t\t<\/div>\n\t\t<\/div>\n\t\t\t\t\t<\/div>\n\t\t<\/section>\n\t\t\t\t<section class=\"has_ae_slider elementor-section elementor-top-section elementor-element elementor-element-ca5d436 elementor-section-full_width elementor-section-height-default elementor-section-height-default ae-bg-gallery-type-default\" data-id=\"ca5d436\" data-element_type=\"section\" data-e-type=\"section\">\n\t\t\t\t\t\t<div class=\"elementor-container elementor-column-gap-default\">\n\t\t\t\t\t<div class=\"has_ae_slider elementor-column elementor-col-100 elementor-top-column elementor-element elementor-element-0ac5042 ae-bg-gallery-type-default\" data-id=\"0ac5042\" data-element_type=\"column\" data-e-type=\"column\">\n\t\t\t<div class=\"elementor-widget-wrap elementor-element-populated\">\n\t\t\t\t\t\t<div class=\"elementor-element elementor-element-29a805d elementor-widget elementor-widget-text-editor\" data-id=\"29a805d\" data-element_type=\"widget\" data-e-type=\"widget\" data-widget_type=\"text-editor.default\">\n\t\t\t\t<div class=\"elementor-widget-container\">\n\t\t\t\t\t\t\t\t\t<p>ALPINISMO<\/p>\n\t\t\t\t\t\t\t\t<\/div>\n\t\t\t\t<\/div>\n\t\t\t\t<div class=\"elementor-element elementor-element-43a24ac elementor-widget elementor-widget-text-editor\" data-id=\"43a24ac\" data-element_type=\"widget\" data-e-type=\"widget\" data-widget_type=\"text-editor.default\">\n\t\t\t\t<div class=\"elementor-widget-container\">\n\t\t\t\t\t\t\t\t\t<p>Aqu\u00ed encontrar\u00e1s las actividades guiadas de Alpinismo que te ofrecemos. \u00c9sta es nuestra selecci\u00f3n, porque la pr\u00e1ctica del Alpinismo te lleva por caminos muy diversos cada uno con sus retos y su nivel de dificultad.<\/p>\n<p>Vertical Emotions te ofrece diferentes actividades en funci\u00f3n de tu conocimiento y experiencia, aportando seguridad y confianza, para llevarte hasta la cima y cumplir con tus objetivos.<\/p>\n\t\t\t\t\t\t\t\t<\/div>\n\t\t\t\t<\/div>\n\t\t\t\t\t<\/div>\n\t\t<\/div>\n\t\t\t\t\t<\/div>\n\t\t<\/section>\n\t\t\t\t<section class=\"has_ae_slider elementor-section elementor-top-section elementor-element elementor-element-cbe1769 elementor-section-full_width elementor-section-height-default elementor-section-height-default ae-bg-gallery-type-default\" data-id=\"cbe1769\" data-element_type=\"section\" data-e-type=\"section\">\n\t\t\t\t\t\t<div class=\"elementor-container elementor-column-gap-default\">\n\t\t\t\t\t<div class=\"has_ae_slider elementor-column elementor-col-100 elementor-top-column elementor-element elementor-element-561fdcf ae-bg-gallery-type-default\" data-id=\"561fdcf\" data-element_type=\"column\" data-e-type=\"column\">\n\t\t\t<div class=\"elementor-widget-wrap elementor-element-populated\">\n\t\t\t\t\t\t<div class=\"elementor-element elementor-element-8d3644d elementor-widget elementor-widget-toolset-view\" data-id=\"8d3644d\" data-element_type=\"widget\" data-e-type=\"widget\" data-widget_type=\"toolset-view.default\">\n\t\t\t\t<div class=\"elementor-widget-container\">\n\t\t\t\t\t\n\n\n<div id=\"wpv-view-layout-1036\" class=\"js-wpv-view-layout js-wpv-layout-responsive js-wpv-view-layout-1036\" data-viewnumber=\"1036\" data-pagination=\"{&quot;id&quot;:1036,&quot;query&quot;:&quot;normal&quot;,&quot;type&quot;:&quot;disabled&quot;,&quot;effect&quot;:&quot;fade&quot;,&quot;duration&quot;:500,&quot;speed&quot;:5,&quot;pause_on_hover&quot;:&quot;disabled&quot;,&quot;stop_rollover&quot;:&quot;false&quot;,&quot;cache_pages&quot;:&quot;enabled&quot;,&quot;preload_images&quot;:&quot;enabled&quot;,&quot;preload_pages&quot;:&quot;enabled&quot;,&quot;preload_reach&quot;:1,&quot;spinner&quot;:&quot;builtin&quot;,&quot;spinner_image&quot;:&quot;https:\/\/verticalemotions.com\/wp-content\/plugins\/wp-views\/embedded\/res\/img\/ajax-loader.gif&quot;,&quot;callback_next&quot;:&quot;&quot;,&quot;manage_history&quot;:&quot;enabled&quot;,&quot;has_controls_in_form&quot;:&quot;disabled&quot;,&quot;infinite_tolerance&quot;:&quot;0&quot;,&quot;max_pages&quot;:0,&quot;page&quot;:1,&quot;base_permalink&quot;:&quot;\/es\/wp-json\/wp\/v2\/pages\/44849?wpv_view_count=1036&amp;wpv_paged=WPV_PAGE_NUM&quot;,&quot;loop&quot;:{&quot;type&quot;:&quot;&quot;,&quot;name&quot;:&quot;&quot;,&quot;data&quot;:[],&quot;id&quot;:0}}\" data-permalink=\"\/es\/wp-json\/wp\/v2\/pages\/44849?wpv_view_count=1036\">\n\n\t\n\t\n\t\t<strong>No s'han trobat activitats<\/strong>\n\t\n<\/div>\n\t\t\t\t<\/div>\n\t\t\t\t<\/div>\n\t\t\t\t\t<\/div>\n\t\t<\/div>\n\t\t\t\t\t<\/div>\n\t\t<\/section>\n\t\t\t\t<\/div>\n\t\t","protected":false},"excerpt":{"rendered":"<p>ALPINISMO Aqu\u00ed encontrar\u00e1s las actividades guiadas de Alpinismo que te ofrecemos. \u00c9sta es nuestra selecci\u00f3n, porque la pr\u00e1ctica del Alpinismo te lleva por caminos muy diversos cada uno con sus retos y su nivel de dificultad. Vertical Emotions te ofrece diferentes actividades en funci\u00f3n de tu conocimiento y experiencia, aportando seguridad y confianza, para llevarte &hellip; <\/p>\n<p class=\"link-more\"><a href=\"https:\/\/cataloniaexperience.com\/es\/actividades-guiadas\/alpinismo\/\" class=\"more-link\">Seguir leyendo<span class=\"screen-reader-text\"> \u00abAlpinismo\u00bb<\/span><\/a><\/p>\n","protected":false},"author":1,"featured_media":0,"parent":45128,"menu_order":0,"comment_status":"closed","ping_status":"closed","template":"elementor_header_footer","meta":{"inline_featured_image":false,"_joinchat":[],"footnotes":""},"categories":[],"tags":[],"class_list":["post-44849","page","type-page","status-publish","hentry","entry"],"yoast_head":"<!-- This site is optimized with the Yoast SEO plugin v27.6 - https:\/\/yoast.com\/product\/yoast-seo-wordpress\/ -->\n<title>Alpinismo Actividades-guiadas<\/title>\n<meta name=\"description\" content=\"Explora el alpinismo con Vertical Emotions. Guiados por profesionales, asciende y experimenta emociones \u00fanicas en paisajes impresionantes.\" \/>\n<meta name=\"robots\" content=\"index, follow, max-snippet:-1, max-image-preview:large, max-video-preview:-1\" \/>\n<link rel=\"canonical\" href=\"https:\/\/cataloniaexperience.com\/es\/?page_id=44849\" \/>\n<meta property=\"og:locale\" content=\"es_ES\" \/>\n<meta property=\"og:type\" content=\"article\" \/>\n<meta property=\"og:title\" content=\"Alpinismo Actividades-guiadas\" \/>\n<meta property=\"og:description\" content=\"Explora el alpinismo con Vertical Emotions. Guiados por profesionales, asciende y experimenta emociones \u00fanicas en paisajes impresionantes.\" \/>\n<meta property=\"og:url\" content=\"https:\/\/cataloniaexperience.com\/es\/?page_id=44849\" \/>\n<meta property=\"og:site_name\" content=\"Vertical Emotions\" \/>\n<meta property=\"article:publisher\" content=\"https:\/\/www.facebook.com\/verticalemotions\" \/>\n<meta property=\"article:modified_time\" content=\"2024-07-25T07:16:09+00:00\" \/>\n<meta property=\"og:image\" content=\"http:\/\/verticalemotions.com\/wp-content\/uploads\/2019\/03\/vectors_nivell-gris.svg\" \/>\n<meta name=\"twitter:card\" content=\"summary_large_image\" \/>\n<meta name=\"twitter:label1\" content=\"Tiempo de lectura\" \/>\n\t<meta name=\"twitter:data1\" content=\"5 minutos\" \/>\n<script type=\"application\/ld+json\" class=\"yoast-schema-graph\">{\"@context\":\"https:\\\/\\\/schema.org\",\"@graph\":[{\"@type\":\"WebPage\",\"@id\":\"https:\\\/\\\/cataloniaexperience.com\\\/es\\\/?page_id=44849\",\"url\":\"https:\\\/\\\/cataloniaexperience.com\\\/es\\\/?page_id=44849\",\"name\":\"Alpinismo Actividades-guiadas\",\"isPartOf\":{\"@id\":\"https:\\\/\\\/cataloniaexperience.com\\\/#website\"},\"primaryImageOfPage\":{\"@id\":\"https:\\\/\\\/cataloniaexperience.com\\\/es\\\/?page_id=44849#primaryimage\"},\"image\":{\"@id\":\"https:\\\/\\\/cataloniaexperience.com\\\/es\\\/?page_id=44849#primaryimage\"},\"thumbnailUrl\":\"http:\\\/\\\/verticalemotions.com\\\/wp-content\\\/uploads\\\/2019\\\/03\\\/vectors_nivell-gris.svg\",\"datePublished\":\"2024-07-22T08:49:37+00:00\",\"dateModified\":\"2024-07-25T07:16:09+00:00\",\"description\":\"Explora el alpinismo con Vertical Emotions. Guiados por profesionales, asciende y experimenta emociones \u00fanicas en paisajes impresionantes.\",\"breadcrumb\":{\"@id\":\"https:\\\/\\\/cataloniaexperience.com\\\/es\\\/?page_id=44849#breadcrumb\"},\"inLanguage\":\"es\",\"potentialAction\":[{\"@type\":\"ReadAction\",\"target\":[\"https:\\\/\\\/cataloniaexperience.com\\\/es\\\/?page_id=44849\"]}]},{\"@type\":\"ImageObject\",\"inLanguage\":\"es\",\"@id\":\"https:\\\/\\\/cataloniaexperience.com\\\/es\\\/?page_id=44849#primaryimage\",\"url\":\"http:\\\/\\\/verticalemotions.com\\\/wp-content\\\/uploads\\\/2019\\\/03\\\/vectors_nivell-gris.svg\",\"contentUrl\":\"http:\\\/\\\/verticalemotions.com\\\/wp-content\\\/uploads\\\/2019\\\/03\\\/vectors_nivell-gris.svg\"},{\"@type\":\"BreadcrumbList\",\"@id\":\"https:\\\/\\\/cataloniaexperience.com\\\/es\\\/?page_id=44849#breadcrumb\",\"itemListElement\":[{\"@type\":\"ListItem\",\"position\":1,\"name\":\"Inici\",\"item\":\"https:\\\/\\\/cataloniaexperience.com\\\/es\\\/\"},{\"@type\":\"ListItem\",\"position\":2,\"name\":\"Actividades guiadas\",\"item\":\"https:\\\/\\\/cataloniaexperience.com\\\/es\\\/?page_id=45128\"},{\"@type\":\"ListItem\",\"position\":3,\"name\":\"Alpinismo\"}]},{\"@type\":\"WebSite\",\"@id\":\"https:\\\/\\\/cataloniaexperience.com\\\/#website\",\"url\":\"https:\\\/\\\/cataloniaexperience.com\\\/\",\"name\":\"Vertical Emotions\",\"description\":\"Vertical Emotions\",\"publisher\":{\"@id\":\"https:\\\/\\\/cataloniaexperience.com\\\/#organization\"},\"potentialAction\":[{\"@type\":\"SearchAction\",\"target\":{\"@type\":\"EntryPoint\",\"urlTemplate\":\"https:\\\/\\\/cataloniaexperience.com\\\/?s={search_term_string}\"},\"query-input\":{\"@type\":\"PropertyValueSpecification\",\"valueRequired\":true,\"valueName\":\"search_term_string\"}}],\"inLanguage\":\"es\"},{\"@type\":\"Organization\",\"@id\":\"https:\\\/\\\/cataloniaexperience.com\\\/#organization\",\"name\":\"Vertical Emotions\",\"url\":\"https:\\\/\\\/cataloniaexperience.com\\\/\",\"logo\":{\"@type\":\"ImageObject\",\"inLanguage\":\"es\",\"@id\":\"https:\\\/\\\/cataloniaexperience.com\\\/#\\\/schema\\\/logo\\\/image\\\/\",\"url\":\"http:\\\/\\\/verticalemotions.com\\\/wp-content\\\/uploads\\\/2020\\\/02\\\/vertical_emotions_logo_plantilla_web.jpg\",\"contentUrl\":\"http:\\\/\\\/verticalemotions.com\\\/wp-content\\\/uploads\\\/2020\\\/02\\\/vertical_emotions_logo_plantilla_web.jpg\",\"width\":600,\"height\":116,\"caption\":\"Vertical Emotions\"},\"image\":{\"@id\":\"https:\\\/\\\/cataloniaexperience.com\\\/#\\\/schema\\\/logo\\\/image\\\/\"},\"sameAs\":[\"https:\\\/\\\/www.facebook.com\\\/verticalemotions\",\"https:\\\/\\\/www.instagram.com\\\/verticalemotions\\\/\"]}]}<\/script>\n<!-- \/ Yoast SEO plugin. -->","yoast_head_json":{"title":"Alpinismo Actividades-guiadas","description":"Explora el alpinismo con Vertical Emotions. Guiados por profesionales, asciende y experimenta emociones \u00fanicas en paisajes impresionantes.","robots":{"index":"index","follow":"follow","max-snippet":"max-snippet:-1","max-image-preview":"max-image-preview:large","max-video-preview":"max-video-preview:-1"},"canonical":"https:\/\/cataloniaexperience.com\/es\/?page_id=44849","og_locale":"es_ES","og_type":"article","og_title":"Alpinismo Actividades-guiadas","og_description":"Explora el alpinismo con Vertical Emotions. Guiados por profesionales, asciende y experimenta emociones \u00fanicas en paisajes impresionantes.","og_url":"https:\/\/cataloniaexperience.com\/es\/?page_id=44849","og_site_name":"Vertical Emotions","article_publisher":"https:\/\/www.facebook.com\/verticalemotions","article_modified_time":"2024-07-25T07:16:09+00:00","og_image":[{"url":"http:\/\/verticalemotions.com\/wp-content\/uploads\/2019\/03\/vectors_nivell-gris.svg","type":"","width":"","height":""}],"twitter_card":"summary_large_image","twitter_misc":{"Tiempo de lectura":"5 minutos"},"schema":{"@context":"https:\/\/schema.org","@graph":[{"@type":"WebPage","@id":"https:\/\/cataloniaexperience.com\/es\/?page_id=44849","url":"https:\/\/cataloniaexperience.com\/es\/?page_id=44849","name":"Alpinismo Actividades-guiadas","isPartOf":{"@id":"https:\/\/cataloniaexperience.com\/#website"},"primaryImageOfPage":{"@id":"https:\/\/cataloniaexperience.com\/es\/?page_id=44849#primaryimage"},"image":{"@id":"https:\/\/cataloniaexperience.com\/es\/?page_id=44849#primaryimage"},"thumbnailUrl":"http:\/\/verticalemotions.com\/wp-content\/uploads\/2019\/03\/vectors_nivell-gris.svg","datePublished":"2024-07-22T08:49:37+00:00","dateModified":"2024-07-25T07:16:09+00:00","description":"Explora el alpinismo con Vertical Emotions. Guiados por profesionales, asciende y experimenta emociones \u00fanicas en paisajes impresionantes.","breadcrumb":{"@id":"https:\/\/cataloniaexperience.com\/es\/?page_id=44849#breadcrumb"},"inLanguage":"es","potentialAction":[{"@type":"ReadAction","target":["https:\/\/cataloniaexperience.com\/es\/?page_id=44849"]}]},{"@type":"ImageObject","inLanguage":"es","@id":"https:\/\/cataloniaexperience.com\/es\/?page_id=44849#primaryimage","url":"http:\/\/verticalemotions.com\/wp-content\/uploads\/2019\/03\/vectors_nivell-gris.svg","contentUrl":"http:\/\/verticalemotions.com\/wp-content\/uploads\/2019\/03\/vectors_nivell-gris.svg"},{"@type":"BreadcrumbList","@id":"https:\/\/cataloniaexperience.com\/es\/?page_id=44849#breadcrumb","itemListElement":[{"@type":"ListItem","position":1,"name":"Inici","item":"https:\/\/cataloniaexperience.com\/es\/"},{"@type":"ListItem","position":2,"name":"Actividades guiadas","item":"https:\/\/cataloniaexperience.com\/es\/?page_id=45128"},{"@type":"ListItem","position":3,"name":"Alpinismo"}]},{"@type":"WebSite","@id":"https:\/\/cataloniaexperience.com\/#website","url":"https:\/\/cataloniaexperience.com\/","name":"Vertical Emotions","description":"Vertical Emotions","publisher":{"@id":"https:\/\/cataloniaexperience.com\/#organization"},"potentialAction":[{"@type":"SearchAction","target":{"@type":"EntryPoint","urlTemplate":"https:\/\/cataloniaexperience.com\/?s={search_term_string}"},"query-input":{"@type":"PropertyValueSpecification","valueRequired":true,"valueName":"search_term_string"}}],"inLanguage":"es"},{"@type":"Organization","@id":"https:\/\/cataloniaexperience.com\/#organization","name":"Vertical Emotions","url":"https:\/\/cataloniaexperience.com\/","logo":{"@type":"ImageObject","inLanguage":"es","@id":"https:\/\/cataloniaexperience.com\/#\/schema\/logo\/image\/","url":"http:\/\/verticalemotions.com\/wp-content\/uploads\/2020\/02\/vertical_emotions_logo_plantilla_web.jpg","contentUrl":"http:\/\/verticalemotions.com\/wp-content\/uploads\/2020\/02\/vertical_emotions_logo_plantilla_web.jpg","width":600,"height":116,"caption":"Vertical Emotions"},"image":{"@id":"https:\/\/cataloniaexperience.com\/#\/schema\/logo\/image\/"},"sameAs":["https:\/\/www.facebook.com\/verticalemotions","https:\/\/www.instagram.com\/verticalemotions\/"]}]}},"_links":{"self":[{"href":"https:\/\/cataloniaexperience.com\/es\/wp-json\/wp\/v2\/pages\/44849","targetHints":{"allow":["GET"]}}],"collection":[{"href":"https:\/\/cataloniaexperience.com\/es\/wp-json\/wp\/v2\/pages"}],"about":[{"href":"https:\/\/cataloniaexperience.com\/es\/wp-json\/wp\/v2\/types\/page"}],"author":[{"embeddable":true,"href":"https:\/\/cataloniaexperience.com\/es\/wp-json\/wp\/v2\/users\/1"}],"replies":[{"embeddable":true,"href":"https:\/\/cataloniaexperience.com\/es\/wp-json\/wp\/v2\/comments?post=44849"}],"version-history":[{"count":0,"href":"https:\/\/cataloniaexperience.com\/es\/wp-json\/wp\/v2\/pages\/44849\/revisions"}],"up":[{"embeddable":true,"href":"https:\/\/cataloniaexperience.com\/es\/wp-json\/wp\/v2\/pages\/45128"}],"wp:attachment":[{"href":"https:\/\/cataloniaexperience.com\/es\/wp-json\/wp\/v2\/media?parent=44849"}],"wp:term":[{"taxonomy":"category","embeddable":true,"href":"https:\/\/cataloniaexperience.com\/es\/wp-json\/wp\/v2\/categories?post=44849"},{"taxonomy":"post_tag","embeddable":true,"href":"https:\/\/cataloniaexperience.com\/es\/wp-json\/wp\/v2\/tags?post=44849"}],"curies":[{"name":"wp","href":"https:\/\/api.w.org\/{rel}","templated":true}]}}