{"id":44913,"date":"2024-07-25T09:36:59","date_gmt":"2024-07-25T07:36:59","guid":{"rendered":"https:\/\/verticalemotions.com\/viajes\/"},"modified":"2024-07-25T09:36:59","modified_gmt":"2024-07-25T07:36:59","slug":"viajes","status":"publish","type":"page","link":"https:\/\/cataloniaexperience.com\/es\/viajes\/","title":{"rendered":"Viajes"},"content":{"rendered":"\t\t<div data-elementor-type=\"wp-post\" data-elementor-id=\"44913\" class=\"elementor elementor-44913 elementor-1220\" data-elementor-post-type=\"page\">\n\t\t\t\t\t\t<section class=\"has_ae_slider elementor-section elementor-top-section elementor-element elementor-element-e53652e elementor-section-full_width elementor-section-height-default elementor-section-height-default ae-bg-gallery-type-default\" data-id=\"e53652e\" data-element_type=\"section\" data-e-type=\"section\" data-settings=\"{&quot;background_background&quot;:&quot;classic&quot;}\">\n\t\t\t\t\t\t<div class=\"elementor-container elementor-column-gap-default\">\n\t\t\t\t\t<div class=\"has_ae_slider elementor-column elementor-col-100 elementor-top-column elementor-element elementor-element-1ec81c5 ae-bg-gallery-type-default\" data-id=\"1ec81c5\" data-element_type=\"column\" data-e-type=\"column\">\n\t\t\t<div class=\"elementor-widget-wrap elementor-element-populated\">\n\t\t\t\t\t\t<div class=\"elementor-element elementor-element-6312aae elementor-widget elementor-widget-text-editor\" data-id=\"6312aae\" data-element_type=\"widget\" data-e-type=\"widget\" data-widget_type=\"text-editor.default\">\n\t\t\t\t<div class=\"elementor-widget-container\">\n\t\t\t\t\t\t\t\t\t<p style=\"margin-top: 0px;\">\u00bfTE AYUDAMOS A ESCOGER?<\/p>\n\t\t\t\t\t\t\t\t<\/div>\n\t\t\t\t<\/div>\n\t\t\t\t\t<\/div>\n\t\t<\/div>\n\t\t\t\t\t<\/div>\n\t\t<\/section>\n\t\t\t\t<section class=\"has_ae_slider elementor-section elementor-top-section elementor-element elementor-element-ca2912e elementor-section-full_width elementor-section-height-default elementor-section-height-default ae-bg-gallery-type-default\" data-id=\"ca2912e\" data-element_type=\"section\" data-e-type=\"section\">\n\t\t\t\t\t\t<div class=\"elementor-container elementor-column-gap-no\">\n\t\t\t\t\t<div class=\"has_ae_slider elementor-column elementor-col-100 elementor-top-column elementor-element elementor-element-9e5502a ae-bg-gallery-type-default\" data-id=\"9e5502a\" data-element_type=\"column\" data-e-type=\"column\" data-settings=\"{&quot;background_background&quot;:&quot;classic&quot;}\">\n\t\t\t<div class=\"elementor-widget-wrap elementor-element-populated\">\n\t\t\t\t\t<div class=\"elementor-background-overlay\"><\/div>\n\t\t\t\t\t\t<div class=\"elementor-element elementor-element-62fd046 elementor-widget elementor-widget-text-editor\" data-id=\"62fd046\" data-element_type=\"widget\" data-e-type=\"widget\" data-widget_type=\"text-editor.default\">\n\t\t\t\t<div class=\"elementor-widget-container\">\n\t\t\t\t\t\t\t\t\t<p>          <form autocomplete=\"off\" action=\"https:\/\/cataloniaexperience.com\/es\/resultados-filtro\/\" method=\"get\" class=\"wpv-filter-form js-wpv-filter-form js-wpv-filter-form-473 js-wpv-form-only js-wpv-dps-enabled\" data-viewnumber=\"473\" data-targetid=\"45150\" data-viewid=\"473\" data-viewhash=\"eyJuYW1lIjoiY2VyY2Fkb3ItYWN0aXZpdGF0cyIsInRhcmdldF9pZCI6IjQ5MCJ9\" data-viewwidgetid=\"0\" data-orderby=\"\" data-order=\"\" data-orderbyas=\"\" data-orderbysecond=\"\" data-ordersecond=\"\" data-parametric=\"{&quot;query&quot;:&quot;normal&quot;,&quot;id&quot;:&quot;473&quot;,&quot;view_id&quot;:&quot;473&quot;,&quot;widget_id&quot;:0,&quot;view_hash&quot;:&quot;473&quot;,&quot;action&quot;:&quot;https:\/\/cataloniaexperience.com\/es\/resultados-filtro\/&quot;,&quot;sort&quot;:{&quot;orderby&quot;:&quot;&quot;,&quot;order&quot;:&quot;&quot;,&quot;orderby_as&quot;:&quot;&quot;,&quot;orderby_second&quot;:&quot;&quot;,&quot;order_second&quot;:&quot;&quot;},&quot;orderby&quot;:&quot;&quot;,&quot;order&quot;:&quot;&quot;,&quot;orderby_as&quot;:&quot;&quot;,&quot;orderby_second&quot;:&quot;&quot;,&quot;order_second&quot;:&quot;&quot;,&quot;ajax_form&quot;:&quot;&quot;,&quot;ajax_results&quot;:&quot;&quot;,&quot;effect&quot;:&quot;fade&quot;,&quot;prebefore&quot;:&quot;&quot;,&quot;before&quot;:&quot;&quot;,&quot;after&quot;:&quot;&quot;,&quot;attributes&quot;:[],&quot;environment&quot;:{&quot;current_post_id&quot;:0,&quot;parent_post_id&quot;:0,&quot;parent_term_id&quot;:0,&quot;parent_user_id&quot;:0,&quot;archive&quot;:{&quot;type&quot;:&quot;&quot;,&quot;name&quot;:&quot;&quot;,&quot;data&quot;:[]}},&quot;loop&quot;:{&quot;type&quot;:&quot;&quot;,&quot;name&quot;:&quot;&quot;,&quot;data&quot;:[],&quot;id&quot;:0}}\" data-attributes=\"[]\" data-environment=\"{&quot;current_post_id&quot;:0,&quot;parent_post_id&quot;:0,&quot;parent_term_id&quot;:0,&quot;parent_user_id&quot;:0,&quot;archive&quot;:{&quot;type&quot;:&quot;&quot;,&quot;name&quot;:&quot;&quot;,&quot;data&quot;:[]}}\"><input type=\"hidden\" class=\"js-wpv-dps-filter-data js-wpv-filter-data-for-this-form\" data-action=\"https:\/\/cataloniaexperience.com\/es\/resultados-filtro\/\" data-page=\"1\" data-ajax=\"disable\" data-effect=\"fade\" data-ajaxprebefore=\"\" data-ajaxbefore=\"\" data-ajaxafter=\"\" \/><input class=\"wpv_view_count wpv_view_count-473\" type=\"hidden\" name=\"wpv_view_count\" value=\"473\" \/>\n\n<div class=\"form-group inicerca\">\n  <div class=\"row cercador\" style=\"margin:0px;\">\n\t<div class=\"col-sm-3 filtres\"><select name=\"wpv-que-vull\" class=\"js-wpv-filter-trigger form-control\"><option selected='selected' value=\"0\">Que vull?<\/option><option value=\"actividad-guiada\">Actividad guiada<\/option><\/select>\n<\/div>\n\t<div class=\"col-sm-3 filtres\"><select name=\"wpv-tipus-o-modalitat\" class=\"js-wpv-filter-trigger form-control\"><option selected='selected' value=\"0\">Modalitat<\/option><option value=\"barranquismo\">Barranquismo<\/option><option value=\"coastering-costa-brava-es\">Coastering Costa Brava<\/option><option value=\"via-ferrata\">Via ferrata<\/option><\/select><\/div>\n\t<div class=\"col-sm-3 filtres\"><select id=\"wpv_control_select_wpcf-nivell-dificultat\" name=\"wpv-wpcf-nivell-dificultat\" class=\"js-wpv-filter-trigger form-control\"><option value=\"\" selected=\"selected\">Nivell de dificultat<\/option><option value=\"1\">1 Iniciaci\u00f3n<\/option><option value=\"2\">Middle<\/option><\/select><\/div>\n\t<div class=\"col-sm-3 boto\"><input type=\"submit\" class=\"wpv-submit-trigger js-wpv-submit-trigger btn\" name=\"wpv_filter_submit\" value=\"Cercar\" \/><\/div>\n  <\/div>\n<\/div>\n\n<\/form><\/p>\n\t\t\t\t\t\t\t\t<\/div>\n\t\t\t\t<\/div>\n\t\t\t\t\t<\/div>\n\t\t<\/div>\n\t\t\t\t\t<\/div>\n\t\t<\/section>\n\t\t\t\t<section class=\"has_ae_slider elementor-section elementor-top-section elementor-element elementor-element-823e2a3 elementor-section-full_width elementor-section-height-default elementor-section-height-default ae-bg-gallery-type-default\" data-id=\"823e2a3\" data-element_type=\"section\" data-e-type=\"section\">\n\t\t\t\t\t\t<div class=\"elementor-container elementor-column-gap-default\">\n\t\t\t\t\t<div class=\"has_ae_slider elementor-column elementor-col-100 elementor-top-column elementor-element elementor-element-11c9719 ae-bg-gallery-type-default\" data-id=\"11c9719\" data-element_type=\"column\" data-e-type=\"column\">\n\t\t\t<div class=\"elementor-widget-wrap elementor-element-populated\">\n\t\t\t\t\t\t<div class=\"elementor-element elementor-element-c692582 elementor-widget elementor-widget-text-editor\" data-id=\"c692582\" data-element_type=\"widget\" data-e-type=\"widget\" data-widget_type=\"text-editor.default\">\n\t\t\t\t<div class=\"elementor-widget-container\">\n\t\t\t\t\t\t\t\t\t<p>VIAJES<\/p>\n\t\t\t\t\t\t\t\t<\/div>\n\t\t\t\t<\/div>\n\t\t\t\t<div class=\"elementor-element elementor-element-6234dc0 elementor-widget elementor-widget-text-editor\" data-id=\"6234dc0\" data-element_type=\"widget\" data-e-type=\"widget\" data-widget_type=\"text-editor.default\">\n\t\t\t\t<div class=\"elementor-widget-container\">\n\t\t\t\t\t\t\t\t\t\n          <p>\u00bfTe gusta viajar? en este apartado puedes encontrar todos los\nviajes que ofrecemos en todo el mundo de las diferentes actividades que hacemos;\nalpinismo, expediciones, escalada en hielo, esqu\u00ed de monta\u00f1a, escalada en roca,\nsenderismo y trekking, entre otros.<o:p><\/o:p><\/p>\n          <p>Si no encuentras ning\u00fan viaje que te guste contacta con nosotros\ny haznos tu propuesta, \u00a1nosotros te lo preparamos a medida!<br><\/p>\n          <p>\n            <o:p>\n            <\/o:p>\n          <\/p>\n        \t\t\t\t\t\t\t\t<\/div>\n\t\t\t\t<\/div>\n\t\t\t\t\t<\/div>\n\t\t<\/div>\n\t\t\t\t\t<\/div>\n\t\t<\/section>\n\t\t\t\t<section class=\"has_ae_slider elementor-section elementor-top-section elementor-element elementor-element-81e2e38 elementor-section-full_width elementor-section-height-default elementor-section-height-default ae-bg-gallery-type-default\" data-id=\"81e2e38\" data-element_type=\"section\" data-e-type=\"section\">\n\t\t\t\t\t\t<div class=\"elementor-container elementor-column-gap-default\">\n\t\t\t\t\t<div class=\"has_ae_slider elementor-column elementor-col-100 elementor-top-column elementor-element elementor-element-5e70f6a ae-bg-gallery-type-default\" data-id=\"5e70f6a\" data-element_type=\"column\" data-e-type=\"column\" data-settings=\"{&quot;background_background&quot;:&quot;classic&quot;}\">\n\t\t\t<div class=\"elementor-widget-wrap elementor-element-populated\">\n\t\t\t\t\t<div class=\"elementor-background-overlay\"><\/div>\n\t\t\t\t\t\t<div class=\"elementor-element elementor-element-8900e8b elementor-widget elementor-widget-text-editor\" data-id=\"8900e8b\" data-element_type=\"widget\" data-e-type=\"widget\" data-widget_type=\"text-editor.default\">\n\t\t\t\t<div class=\"elementor-widget-container\">\n\t\t\t\t\t\t\t\t\t<p>ALPINISMO<\/p>\n\t\t\t\t\t\t\t\t<\/div>\n\t\t\t\t<\/div>\n\t\t\t\t\t<\/div>\n\t\t<\/div>\n\t\t\t\t\t<\/div>\n\t\t<\/section>\n\t\t\t\t<\/div>\n\t\t","protected":false},"excerpt":{"rendered":"<p>\u00bfTE AYUDAMOS A ESCOGER? VIAJES \u00bfTe gusta viajar? en este apartado puedes encontrar todos los viajes que ofrecemos en todo el mundo de las diferentes actividades que hacemos; alpinismo, expediciones, escalada en hielo, esqu\u00ed de monta\u00f1a, escalada en roca, senderismo y trekking, entre otros. Si no encuentras ning\u00fan viaje que te guste contacta con nosotros &hellip; <\/p>\n<p class=\"link-more\"><a href=\"https:\/\/cataloniaexperience.com\/es\/viajes\/\" class=\"more-link\">Seguir leyendo<span class=\"screen-reader-text\"> \u00abViajes\u00bb<\/span><\/a><\/p>\n","protected":false},"author":1,"featured_media":0,"parent":0,"menu_order":0,"comment_status":"closed","ping_status":"closed","template":"elementor_header_footer","meta":{"inline_featured_image":false,"_joinchat":[],"footnotes":""},"categories":[],"tags":[],"class_list":["post-44913","page","type-page","status-publish","hentry","entry"],"yoast_head":"<!-- This site is optimized with the Yoast SEO plugin v27.5 - https:\/\/yoast.com\/product\/yoast-seo-wordpress\/ -->\n<title>Viajes - Vertical Emotions<\/title>\n<meta name=\"robots\" content=\"index, follow, max-snippet:-1, max-image-preview:large, max-video-preview:-1\" \/>\n<link rel=\"canonical\" href=\"https:\/\/cataloniaexperience.com\/es\/viajes\/\" \/>\n<meta property=\"og:locale\" content=\"es_ES\" \/>\n<meta property=\"og:type\" content=\"article\" \/>\n<meta property=\"og:title\" content=\"Viajes - Vertical Emotions\" \/>\n<meta property=\"og:description\" content=\"\u00bfTE AYUDAMOS A ESCOGER? VIAJES \u00bfTe gusta viajar? en este apartado puedes encontrar todos los viajes que ofrecemos en todo el mundo de las diferentes actividades que hacemos; alpinismo, expediciones, escalada en hielo, esqu\u00ed de monta\u00f1a, escalada en roca, senderismo y trekking, entre otros. Si no encuentras ning\u00fan viaje que te guste contacta con nosotros &hellip; Seguir leyendo \u00abViajes\u00bb\" \/>\n<meta property=\"og:url\" content=\"https:\/\/cataloniaexperience.com\/es\/viajes\/\" \/>\n<meta property=\"og:site_name\" content=\"Vertical Emotions\" \/>\n<meta property=\"article:publisher\" content=\"https:\/\/www.facebook.com\/verticalemotions\" \/>\n<meta property=\"og:image\" content=\"https:\/\/cataloniaexperience.com\/wp-content\/uploads\/2020\/02\/LogoNou_ple_LLETRA_NEGRE.png\" \/>\n\t<meta property=\"og:image:width\" content=\"2949\" \/>\n\t<meta property=\"og:image:height\" content=\"3416\" \/>\n\t<meta property=\"og:image:type\" content=\"image\/png\" \/>\n<meta name=\"twitter:card\" content=\"summary_large_image\" \/>\n<script type=\"application\/ld+json\" class=\"yoast-schema-graph\">{\"@context\":\"https:\\\/\\\/schema.org\",\"@graph\":[{\"@type\":\"WebPage\",\"@id\":\"https:\\\/\\\/cataloniaexperience.com\\\/es\\\/viajes\\\/\",\"url\":\"https:\\\/\\\/cataloniaexperience.com\\\/es\\\/viajes\\\/\",\"name\":\"Viajes - Vertical Emotions\",\"isPartOf\":{\"@id\":\"https:\\\/\\\/cataloniaexperience.com\\\/#website\"},\"datePublished\":\"2024-07-25T07:36:59+00:00\",\"breadcrumb\":{\"@id\":\"https:\\\/\\\/cataloniaexperience.com\\\/es\\\/viajes\\\/#breadcrumb\"},\"inLanguage\":\"es\",\"potentialAction\":[{\"@type\":\"ReadAction\",\"target\":[\"https:\\\/\\\/cataloniaexperience.com\\\/es\\\/viajes\\\/\"]}]},{\"@type\":\"BreadcrumbList\",\"@id\":\"https:\\\/\\\/cataloniaexperience.com\\\/es\\\/viajes\\\/#breadcrumb\",\"itemListElement\":[{\"@type\":\"ListItem\",\"position\":1,\"name\":\"Inici\",\"item\":\"https:\\\/\\\/cataloniaexperience.com\\\/es\\\/\"},{\"@type\":\"ListItem\",\"position\":2,\"name\":\"Viajes\"}]},{\"@type\":\"WebSite\",\"@id\":\"https:\\\/\\\/cataloniaexperience.com\\\/#website\",\"url\":\"https:\\\/\\\/cataloniaexperience.com\\\/\",\"name\":\"Vertical Emotions\",\"description\":\"Vertical Emotions\",\"publisher\":{\"@id\":\"https:\\\/\\\/cataloniaexperience.com\\\/#organization\"},\"potentialAction\":[{\"@type\":\"SearchAction\",\"target\":{\"@type\":\"EntryPoint\",\"urlTemplate\":\"https:\\\/\\\/cataloniaexperience.com\\\/?s={search_term_string}\"},\"query-input\":{\"@type\":\"PropertyValueSpecification\",\"valueRequired\":true,\"valueName\":\"search_term_string\"}}],\"inLanguage\":\"es\"},{\"@type\":\"Organization\",\"@id\":\"https:\\\/\\\/cataloniaexperience.com\\\/#organization\",\"name\":\"Vertical Emotions\",\"url\":\"https:\\\/\\\/cataloniaexperience.com\\\/\",\"logo\":{\"@type\":\"ImageObject\",\"inLanguage\":\"es\",\"@id\":\"https:\\\/\\\/cataloniaexperience.com\\\/#\\\/schema\\\/logo\\\/image\\\/\",\"url\":\"http:\\\/\\\/verticalemotions.com\\\/wp-content\\\/uploads\\\/2020\\\/02\\\/vertical_emotions_logo_plantilla_web.jpg\",\"contentUrl\":\"http:\\\/\\\/verticalemotions.com\\\/wp-content\\\/uploads\\\/2020\\\/02\\\/vertical_emotions_logo_plantilla_web.jpg\",\"width\":600,\"height\":116,\"caption\":\"Vertical Emotions\"},\"image\":{\"@id\":\"https:\\\/\\\/cataloniaexperience.com\\\/#\\\/schema\\\/logo\\\/image\\\/\"},\"sameAs\":[\"https:\\\/\\\/www.facebook.com\\\/verticalemotions\",\"https:\\\/\\\/www.instagram.com\\\/verticalemotions\\\/\"]}]}<\/script>\n<!-- \/ Yoast SEO plugin. -->","yoast_head_json":{"title":"Viajes - Vertical Emotions","robots":{"index":"index","follow":"follow","max-snippet":"max-snippet:-1","max-image-preview":"max-image-preview:large","max-video-preview":"max-video-preview:-1"},"canonical":"https:\/\/cataloniaexperience.com\/es\/viajes\/","og_locale":"es_ES","og_type":"article","og_title":"Viajes - Vertical Emotions","og_description":"\u00bfTE AYUDAMOS A ESCOGER? VIAJES \u00bfTe gusta viajar? en este apartado puedes encontrar todos los viajes que ofrecemos en todo el mundo de las diferentes actividades que hacemos; alpinismo, expediciones, escalada en hielo, esqu\u00ed de monta\u00f1a, escalada en roca, senderismo y trekking, entre otros. Si no encuentras ning\u00fan viaje que te guste contacta con nosotros &hellip; Seguir leyendo \u00abViajes\u00bb","og_url":"https:\/\/cataloniaexperience.com\/es\/viajes\/","og_site_name":"Vertical Emotions","article_publisher":"https:\/\/www.facebook.com\/verticalemotions","og_image":[{"width":2949,"height":3416,"url":"https:\/\/cataloniaexperience.com\/wp-content\/uploads\/2020\/02\/LogoNou_ple_LLETRA_NEGRE.png","type":"image\/png"}],"twitter_card":"summary_large_image","schema":{"@context":"https:\/\/schema.org","@graph":[{"@type":"WebPage","@id":"https:\/\/cataloniaexperience.com\/es\/viajes\/","url":"https:\/\/cataloniaexperience.com\/es\/viajes\/","name":"Viajes - Vertical Emotions","isPartOf":{"@id":"https:\/\/cataloniaexperience.com\/#website"},"datePublished":"2024-07-25T07:36:59+00:00","breadcrumb":{"@id":"https:\/\/cataloniaexperience.com\/es\/viajes\/#breadcrumb"},"inLanguage":"es","potentialAction":[{"@type":"ReadAction","target":["https:\/\/cataloniaexperience.com\/es\/viajes\/"]}]},{"@type":"BreadcrumbList","@id":"https:\/\/cataloniaexperience.com\/es\/viajes\/#breadcrumb","itemListElement":[{"@type":"ListItem","position":1,"name":"Inici","item":"https:\/\/cataloniaexperience.com\/es\/"},{"@type":"ListItem","position":2,"name":"Viajes"}]},{"@type":"WebSite","@id":"https:\/\/cataloniaexperience.com\/#website","url":"https:\/\/cataloniaexperience.com\/","name":"Vertical Emotions","description":"Vertical Emotions","publisher":{"@id":"https:\/\/cataloniaexperience.com\/#organization"},"potentialAction":[{"@type":"SearchAction","target":{"@type":"EntryPoint","urlTemplate":"https:\/\/cataloniaexperience.com\/?s={search_term_string}"},"query-input":{"@type":"PropertyValueSpecification","valueRequired":true,"valueName":"search_term_string"}}],"inLanguage":"es"},{"@type":"Organization","@id":"https:\/\/cataloniaexperience.com\/#organization","name":"Vertical Emotions","url":"https:\/\/cataloniaexperience.com\/","logo":{"@type":"ImageObject","inLanguage":"es","@id":"https:\/\/cataloniaexperience.com\/#\/schema\/logo\/image\/","url":"http:\/\/verticalemotions.com\/wp-content\/uploads\/2020\/02\/vertical_emotions_logo_plantilla_web.jpg","contentUrl":"http:\/\/verticalemotions.com\/wp-content\/uploads\/2020\/02\/vertical_emotions_logo_plantilla_web.jpg","width":600,"height":116,"caption":"Vertical Emotions"},"image":{"@id":"https:\/\/cataloniaexperience.com\/#\/schema\/logo\/image\/"},"sameAs":["https:\/\/www.facebook.com\/verticalemotions","https:\/\/www.instagram.com\/verticalemotions\/"]}]}},"_links":{"self":[{"href":"https:\/\/cataloniaexperience.com\/es\/wp-json\/wp\/v2\/pages\/44913","targetHints":{"allow":["GET"]}}],"collection":[{"href":"https:\/\/cataloniaexperience.com\/es\/wp-json\/wp\/v2\/pages"}],"about":[{"href":"https:\/\/cataloniaexperience.com\/es\/wp-json\/wp\/v2\/types\/page"}],"author":[{"embeddable":true,"href":"https:\/\/cataloniaexperience.com\/es\/wp-json\/wp\/v2\/users\/1"}],"replies":[{"embeddable":true,"href":"https:\/\/cataloniaexperience.com\/es\/wp-json\/wp\/v2\/comments?post=44913"}],"version-history":[{"count":0,"href":"https:\/\/cataloniaexperience.com\/es\/wp-json\/wp\/v2\/pages\/44913\/revisions"}],"wp:attachment":[{"href":"https:\/\/cataloniaexperience.com\/es\/wp-json\/wp\/v2\/media?parent=44913"}],"wp:term":[{"taxonomy":"category","embeddable":true,"href":"https:\/\/cataloniaexperience.com\/es\/wp-json\/wp\/v2\/categories?post=44913"},{"taxonomy":"post_tag","embeddable":true,"href":"https:\/\/cataloniaexperience.com\/es\/wp-json\/wp\/v2\/tags?post=44913"}],"curies":[{"name":"wp","href":"https:\/\/api.w.org\/{rel}","templated":true}]}}