{"id":44917,"date":"2024-07-22T10:49:50","date_gmt":"2024-07-22T08:49:50","guid":{"rendered":"https:\/\/verticalemotions.com\/cursos-de-montana\/escalada-en-hielo\/"},"modified":"2024-07-22T10:49:50","modified_gmt":"2024-07-22T08:49:50","slug":"escalada-en-hielo","status":"publish","type":"page","link":"https:\/\/cataloniaexperience.com\/es\/cursos-de-montana\/escalada-en-hielo\/","title":{"rendered":"Escalada en hielo"},"content":{"rendered":"\t\t<div data-elementor-type=\"wp-post\" data-elementor-id=\"44917\" class=\"elementor elementor-44917 elementor-1189\" data-elementor-post-type=\"page\">\n\t\t\t\t\t\t<section class=\"has_ae_slider elementor-section elementor-top-section elementor-element elementor-element-1f00313 elementor-section-full_width elementor-section-height-default elementor-section-height-default ae-bg-gallery-type-default\" data-id=\"1f00313\" data-element_type=\"section\" data-e-type=\"section\" data-settings=\"{&quot;background_background&quot;:&quot;classic&quot;}\">\n\t\t\t\t\t\t<div class=\"elementor-container elementor-column-gap-default\">\n\t\t\t\t\t<div class=\"has_ae_slider elementor-column elementor-col-100 elementor-top-column elementor-element elementor-element-7d95871 elementor-hidden-phone ae-bg-gallery-type-default\" data-id=\"7d95871\" data-element_type=\"column\" data-e-type=\"column\" data-settings=\"{&quot;background_background&quot;:&quot;classic&quot;}\">\n\t\t\t<div class=\"elementor-widget-wrap elementor-element-populated\">\n\t\t\t\t\t<div class=\"elementor-background-overlay\"><\/div>\n\t\t\t\t\t\t<div class=\"elementor-element elementor-element-a6fc9ce elementor-widget elementor-widget-text-editor\" data-id=\"a6fc9ce\" data-element_type=\"widget\" data-e-type=\"widget\" data-widget_type=\"text-editor.default\">\n\t\t\t\t<div class=\"elementor-widget-container\">\n\t\t\t\t\t\t\t\t\t<p><form autocomplete=\"off\" action=\"https:\/\/cataloniaexperience.com\/es\/resultados-filtro\/\" method=\"get\" class=\"wpv-filter-form js-wpv-filter-form js-wpv-filter-form-473 js-wpv-form-only js-wpv-dps-enabled\" data-viewnumber=\"473\" data-targetid=\"45150\" data-viewid=\"473\" data-viewhash=\"eyJuYW1lIjoiY2VyY2Fkb3ItYWN0aXZpdGF0cyIsInRhcmdldF9pZCI6IjQ5MCJ9\" data-viewwidgetid=\"0\" data-orderby=\"\" data-order=\"\" data-orderbyas=\"\" data-orderbysecond=\"\" data-ordersecond=\"\" data-parametric=\"{&quot;query&quot;:&quot;normal&quot;,&quot;id&quot;:&quot;473&quot;,&quot;view_id&quot;:&quot;473&quot;,&quot;widget_id&quot;:0,&quot;view_hash&quot;:&quot;473&quot;,&quot;action&quot;:&quot;https:\/\/cataloniaexperience.com\/es\/resultados-filtro\/&quot;,&quot;sort&quot;:{&quot;orderby&quot;:&quot;&quot;,&quot;order&quot;:&quot;&quot;,&quot;orderby_as&quot;:&quot;&quot;,&quot;orderby_second&quot;:&quot;&quot;,&quot;order_second&quot;:&quot;&quot;},&quot;orderby&quot;:&quot;&quot;,&quot;order&quot;:&quot;&quot;,&quot;orderby_as&quot;:&quot;&quot;,&quot;orderby_second&quot;:&quot;&quot;,&quot;order_second&quot;:&quot;&quot;,&quot;ajax_form&quot;:&quot;&quot;,&quot;ajax_results&quot;:&quot;&quot;,&quot;effect&quot;:&quot;fade&quot;,&quot;prebefore&quot;:&quot;&quot;,&quot;before&quot;:&quot;&quot;,&quot;after&quot;:&quot;&quot;,&quot;attributes&quot;:[],&quot;environment&quot;:{&quot;current_post_id&quot;:0,&quot;parent_post_id&quot;:0,&quot;parent_term_id&quot;:0,&quot;parent_user_id&quot;:0,&quot;archive&quot;:{&quot;type&quot;:&quot;&quot;,&quot;name&quot;:&quot;&quot;,&quot;data&quot;:[]}},&quot;loop&quot;:{&quot;type&quot;:&quot;&quot;,&quot;name&quot;:&quot;&quot;,&quot;data&quot;:[],&quot;id&quot;:0}}\" data-attributes=\"[]\" data-environment=\"{&quot;current_post_id&quot;:0,&quot;parent_post_id&quot;:0,&quot;parent_term_id&quot;:0,&quot;parent_user_id&quot;:0,&quot;archive&quot;:{&quot;type&quot;:&quot;&quot;,&quot;name&quot;:&quot;&quot;,&quot;data&quot;:[]}}\"><input type=\"hidden\" class=\"js-wpv-dps-filter-data js-wpv-filter-data-for-this-form\" data-action=\"https:\/\/cataloniaexperience.com\/es\/resultados-filtro\/\" data-page=\"1\" data-ajax=\"disable\" data-effect=\"fade\" data-ajaxprebefore=\"\" data-ajaxbefore=\"\" data-ajaxafter=\"\" \/><input class=\"wpv_view_count wpv_view_count-473\" type=\"hidden\" name=\"wpv_view_count\" value=\"473\" \/>\n\n<div class=\"form-group inicerca\">\n  <div class=\"row cercador\" style=\"margin:0px;\">\n\t<div class=\"col-sm-3 filtres\"><select name=\"wpv-que-vull\" class=\"js-wpv-filter-trigger form-control\"><option selected='selected' value=\"0\">Que vull?<\/option><option value=\"actividad-guiada\">Actividad guiada<\/option><\/select>\n<\/div>\n\t<div class=\"col-sm-3 filtres\"><select name=\"wpv-tipus-o-modalitat\" class=\"js-wpv-filter-trigger form-control\"><option selected='selected' value=\"0\">Modalitat<\/option><option value=\"barranquismo\">Barranquismo<\/option><option value=\"coastering-costa-brava-es\">Coastering Costa Brava<\/option><option value=\"via-ferrata\">Via ferrata<\/option><\/select><\/div>\n\t<div class=\"col-sm-3 filtres\"><select id=\"wpv_control_select_wpcf-nivell-dificultat\" name=\"wpv-wpcf-nivell-dificultat\" class=\"js-wpv-filter-trigger form-control\"><option value=\"\" selected=\"selected\">Nivell de dificultat<\/option><option value=\"1\">1 Iniciaci\u00f3n<\/option><option value=\"2\">Middle<\/option><\/select><\/div>\n\t<div class=\"col-sm-3 boto\"><input type=\"submit\" class=\"wpv-submit-trigger js-wpv-submit-trigger btn\" name=\"wpv_filter_submit\" value=\"Cercar\" \/><\/div>\n  <\/div>\n<\/div>\n\n<\/form><\/p>\n\t\t\t\t\t\t\t\t<\/div>\n\t\t\t\t<\/div>\n\t\t\t\t\t<\/div>\n\t\t<\/div>\n\t\t\t\t\t<\/div>\n\t\t<\/section>\n\t\t\t\t<section class=\"has_ae_slider elementor-section elementor-top-section elementor-element elementor-element-021628d elementor-section-full_width elementor-hidden-desktop elementor-hidden-tablet elementor-section-height-default elementor-section-height-default ae-bg-gallery-type-default\" data-id=\"021628d\" data-element_type=\"section\" data-e-type=\"section\">\n\t\t\t\t\t\t<div class=\"elementor-container elementor-column-gap-no\">\n\t\t\t\t\t<div class=\"has_ae_slider elementor-column elementor-col-100 elementor-top-column elementor-element elementor-element-b8d48ec elementor-hidden-desktop elementor-hidden-tablet ae-bg-gallery-type-default\" data-id=\"b8d48ec\" data-element_type=\"column\" data-e-type=\"column\" data-settings=\"{&quot;background_background&quot;:&quot;classic&quot;}\">\n\t\t\t<div class=\"elementor-widget-wrap elementor-element-populated\">\n\t\t\t\t\t<div class=\"elementor-background-overlay\"><\/div>\n\t\t\t\t\t\t<div class=\"elementor-element elementor-element-36714d1 elementor-widget elementor-widget-text-editor\" data-id=\"36714d1\" data-element_type=\"widget\" data-e-type=\"widget\" data-widget_type=\"text-editor.default\">\n\t\t\t\t<div class=\"elementor-widget-container\">\n\t\t\t\t\t\t\t\t\t<p><form autocomplete=\"off\" action=\"https:\/\/cataloniaexperience.com\/es\/resultados-filtro\/\" method=\"get\" class=\"wpv-filter-form js-wpv-filter-form js-wpv-filter-form-473 js-wpv-form-only js-wpv-dps-enabled\" data-viewnumber=\"473\" data-targetid=\"45150\" data-viewid=\"473\" data-viewhash=\"eyJuYW1lIjoiY2VyY2Fkb3ItYWN0aXZpdGF0cyIsInRhcmdldF9pZCI6IjQ5MCJ9\" data-viewwidgetid=\"0\" data-orderby=\"\" data-order=\"\" data-orderbyas=\"\" data-orderbysecond=\"\" data-ordersecond=\"\" data-parametric=\"{&quot;query&quot;:&quot;normal&quot;,&quot;id&quot;:&quot;473&quot;,&quot;view_id&quot;:&quot;473&quot;,&quot;widget_id&quot;:0,&quot;view_hash&quot;:&quot;473&quot;,&quot;action&quot;:&quot;https:\/\/cataloniaexperience.com\/es\/resultados-filtro\/&quot;,&quot;sort&quot;:{&quot;orderby&quot;:&quot;&quot;,&quot;order&quot;:&quot;&quot;,&quot;orderby_as&quot;:&quot;&quot;,&quot;orderby_second&quot;:&quot;&quot;,&quot;order_second&quot;:&quot;&quot;},&quot;orderby&quot;:&quot;&quot;,&quot;order&quot;:&quot;&quot;,&quot;orderby_as&quot;:&quot;&quot;,&quot;orderby_second&quot;:&quot;&quot;,&quot;order_second&quot;:&quot;&quot;,&quot;ajax_form&quot;:&quot;&quot;,&quot;ajax_results&quot;:&quot;&quot;,&quot;effect&quot;:&quot;fade&quot;,&quot;prebefore&quot;:&quot;&quot;,&quot;before&quot;:&quot;&quot;,&quot;after&quot;:&quot;&quot;,&quot;attributes&quot;:[],&quot;environment&quot;:{&quot;current_post_id&quot;:0,&quot;parent_post_id&quot;:0,&quot;parent_term_id&quot;:0,&quot;parent_user_id&quot;:0,&quot;archive&quot;:{&quot;type&quot;:&quot;&quot;,&quot;name&quot;:&quot;&quot;,&quot;data&quot;:[]}},&quot;loop&quot;:{&quot;type&quot;:&quot;&quot;,&quot;name&quot;:&quot;&quot;,&quot;data&quot;:[],&quot;id&quot;:0}}\" data-attributes=\"[]\" data-environment=\"{&quot;current_post_id&quot;:0,&quot;parent_post_id&quot;:0,&quot;parent_term_id&quot;:0,&quot;parent_user_id&quot;:0,&quot;archive&quot;:{&quot;type&quot;:&quot;&quot;,&quot;name&quot;:&quot;&quot;,&quot;data&quot;:[]}}\"><input type=\"hidden\" class=\"js-wpv-dps-filter-data js-wpv-filter-data-for-this-form\" data-action=\"https:\/\/cataloniaexperience.com\/es\/resultados-filtro\/\" data-page=\"1\" data-ajax=\"disable\" data-effect=\"fade\" data-ajaxprebefore=\"\" data-ajaxbefore=\"\" data-ajaxafter=\"\" \/><input class=\"wpv_view_count wpv_view_count-473\" type=\"hidden\" name=\"wpv_view_count\" value=\"473\" \/>\n\n<div class=\"form-group inicerca\">\n  <div class=\"row cercador\" style=\"margin:0px;\">\n\t<div class=\"col-sm-3 filtres\"><select name=\"wpv-que-vull\" class=\"js-wpv-filter-trigger form-control\"><option selected='selected' value=\"0\">Que vull?<\/option><option value=\"actividad-guiada\">Actividad guiada<\/option><\/select>\n<\/div>\n\t<div class=\"col-sm-3 filtres\"><select name=\"wpv-tipus-o-modalitat\" class=\"js-wpv-filter-trigger form-control\"><option selected='selected' value=\"0\">Modalitat<\/option><option value=\"barranquismo\">Barranquismo<\/option><option value=\"coastering-costa-brava-es\">Coastering Costa Brava<\/option><option value=\"via-ferrata\">Via ferrata<\/option><\/select><\/div>\n\t<div class=\"col-sm-3 filtres\"><select id=\"wpv_control_select_wpcf-nivell-dificultat\" name=\"wpv-wpcf-nivell-dificultat\" class=\"js-wpv-filter-trigger form-control\"><option value=\"\" selected=\"selected\">Nivell de dificultat<\/option><option value=\"1\">1 Iniciaci\u00f3n<\/option><option value=\"2\">Middle<\/option><\/select><\/div>\n\t<div class=\"col-sm-3 boto\"><input type=\"submit\" class=\"wpv-submit-trigger js-wpv-submit-trigger btn\" name=\"wpv_filter_submit\" value=\"Cercar\" \/><\/div>\n  <\/div>\n<\/div>\n\n<\/form><\/p>\n\t\t\t\t\t\t\t\t<\/div>\n\t\t\t\t<\/div>\n\t\t\t\t\t<\/div>\n\t\t<\/div>\n\t\t\t\t\t<\/div>\n\t\t<\/section>\n\t\t\t\t<section class=\"has_ae_slider elementor-section elementor-top-section elementor-element elementor-element-ca5d436 elementor-section-full_width elementor-section-height-default elementor-section-height-default ae-bg-gallery-type-default\" data-id=\"ca5d436\" data-element_type=\"section\" data-e-type=\"section\">\n\t\t\t\t\t\t<div class=\"elementor-container elementor-column-gap-default\">\n\t\t\t\t\t<div class=\"has_ae_slider elementor-column elementor-col-100 elementor-top-column elementor-element elementor-element-0ac5042 ae-bg-gallery-type-default\" data-id=\"0ac5042\" data-element_type=\"column\" data-e-type=\"column\">\n\t\t\t<div class=\"elementor-widget-wrap elementor-element-populated\">\n\t\t\t\t\t\t<div class=\"elementor-element elementor-element-61c1047 elementor-widget elementor-widget-heading\" data-id=\"61c1047\" data-element_type=\"widget\" data-e-type=\"widget\" data-widget_type=\"heading.default\">\n\t\t\t\t<div class=\"elementor-widget-container\">\n\t\t\t\t\t<h1 class=\"elementor-heading-title elementor-size-default\">ESCALADA EN HIELO<\/h1>\t\t\t\t<\/div>\n\t\t\t\t<\/div>\n\t\t\t\t<div class=\"elementor-element elementor-element-43a24ac elementor-widget elementor-widget-text-editor\" data-id=\"43a24ac\" data-element_type=\"widget\" data-e-type=\"widget\" data-widget_type=\"text-editor.default\">\n\t\t\t\t<div class=\"elementor-widget-container\">\n\t\t\t\t\t\t\t\t\t<p>Aprende a escalar en hielo de la mano de los mejores profesionales con estos Cursos de Escalada en Hielo que te presentamos en este apartado.<\/p>\n<p>Posiblemente, la escalada en hielo sea la m\u00e1s fascinante de todas las t\u00e9cnicas de progresi\u00f3n en la monta\u00f1a.<\/p>\n\t\t\t\t\t\t\t\t<\/div>\n\t\t\t\t<\/div>\n\t\t\t\t\t<\/div>\n\t\t<\/div>\n\t\t\t\t\t<\/div>\n\t\t<\/section>\n\t\t\t\t<section class=\"has_ae_slider elementor-section elementor-top-section elementor-element elementor-element-cbe1769 elementor-section-full_width elementor-section-height-default elementor-section-height-default ae-bg-gallery-type-default\" data-id=\"cbe1769\" data-element_type=\"section\" data-e-type=\"section\">\n\t\t\t\t\t\t<div class=\"elementor-container elementor-column-gap-default\">\n\t\t\t\t\t<div class=\"has_ae_slider elementor-column elementor-col-100 elementor-top-column elementor-element elementor-element-561fdcf ae-bg-gallery-type-default\" data-id=\"561fdcf\" data-element_type=\"column\" data-e-type=\"column\">\n\t\t\t<div class=\"elementor-widget-wrap\">\n\t\t\t\t\t\t\t<\/div>\n\t\t<\/div>\n\t\t\t\t\t<\/div>\n\t\t<\/section>\n\t\t\t\t<section class=\"has_ae_slider elementor-section elementor-top-section elementor-element elementor-element-32d03d4 elementor-section-full_width elementor-section-height-default elementor-section-height-default ae-bg-gallery-type-default\" data-id=\"32d03d4\" data-element_type=\"section\" data-e-type=\"section\">\n\t\t\t\t\t\t<div class=\"elementor-container elementor-column-gap-default\">\n\t\t\t\t\t<div class=\"has_ae_slider elementor-column elementor-col-100 elementor-top-column elementor-element elementor-element-4095b8e ae-bg-gallery-type-default\" data-id=\"4095b8e\" data-element_type=\"column\" data-e-type=\"column\">\n\t\t\t<div class=\"elementor-widget-wrap elementor-element-populated\">\n\t\t\t\t\t\t<div class=\"elementor-element elementor-element-1c4a8b4 elementor-widget elementor-widget-wp-widget-wp_views\" data-id=\"1c4a8b4\" data-element_type=\"widget\" data-e-type=\"widget\" data-widget_type=\"wp-widget-wp_views.default\">\n\t\t\t\t<div class=\"elementor-widget-container\">\n\t\t\t\t\t\n\n\n<div id=\"wpv-view-layout-1123\" class=\"js-wpv-view-layout js-wpv-layout-responsive js-wpv-view-layout-1123\" data-viewnumber=\"1123\" data-pagination=\"{&quot;id&quot;:1123,&quot;query&quot;:&quot;normal&quot;,&quot;type&quot;:&quot;disabled&quot;,&quot;effect&quot;:&quot;fade&quot;,&quot;duration&quot;:500,&quot;speed&quot;:5,&quot;pause_on_hover&quot;:&quot;disabled&quot;,&quot;stop_rollover&quot;:&quot;false&quot;,&quot;cache_pages&quot;:&quot;enabled&quot;,&quot;preload_images&quot;:&quot;enabled&quot;,&quot;preload_pages&quot;:&quot;enabled&quot;,&quot;preload_reach&quot;:1,&quot;spinner&quot;:&quot;builtin&quot;,&quot;spinner_image&quot;:&quot;https:\/\/verticalemotions.com\/wp-content\/plugins\/wp-views\/embedded\/res\/img\/ajax-loader.gif&quot;,&quot;callback_next&quot;:&quot;&quot;,&quot;manage_history&quot;:&quot;enabled&quot;,&quot;has_controls_in_form&quot;:&quot;disabled&quot;,&quot;infinite_tolerance&quot;:&quot;0&quot;,&quot;max_pages&quot;:0,&quot;page&quot;:1,&quot;base_permalink&quot;:&quot;\/es\/wp-json\/wp\/v2\/pages\/44917?wpv_view_count=1123&amp;wpv_paged=WPV_PAGE_NUM&quot;,&quot;loop&quot;:{&quot;type&quot;:&quot;&quot;,&quot;name&quot;:&quot;&quot;,&quot;data&quot;:[],&quot;id&quot;:0}}\" data-permalink=\"\/es\/wp-json\/wp\/v2\/pages\/44917?wpv_view_count=1123\">\n\n\t\n\t\n\t\t<strong>No s'han trobat activitats<\/strong>\n\t\n<\/div>\n\t\t\t\t<\/div>\n\t\t\t\t<\/div>\n\t\t\t\t\t<\/div>\n\t\t<\/div>\n\t\t\t\t\t<\/div>\n\t\t<\/section>\n\t\t\t\t<\/div>\n\t\t","protected":false},"excerpt":{"rendered":"<p>ESCALADA EN HIELO Aprende a escalar en hielo de la mano de los mejores profesionales con estos Cursos de Escalada en Hielo que te presentamos en este apartado. Posiblemente, la escalada en hielo sea la m\u00e1s fascinante de todas las t\u00e9cnicas de progresi\u00f3n en la monta\u00f1a.<\/p>\n","protected":false},"author":1,"featured_media":0,"parent":44889,"menu_order":0,"comment_status":"closed","ping_status":"closed","template":"elementor_header_footer","meta":{"inline_featured_image":false,"_joinchat":[],"footnotes":""},"categories":[],"tags":[],"class_list":["post-44917","page","type-page","status-publish","hentry","entry"],"yoast_head":"<!-- This site is optimized with the Yoast SEO plugin v27.5 - https:\/\/yoast.com\/product\/yoast-seo-wordpress\/ -->\n<title>Formaci\u00f3n y Cursos de Escalada en Gel - Vertical Emotions<\/title>\n<meta name=\"description\" content=\"Aprende a escalar en hielo de la mano de los mejores profesionales con estos Cursos de Escalada en Hielo que te presentamos en este apartado.\" \/>\n<meta name=\"robots\" content=\"index, follow, max-snippet:-1, max-image-preview:large, max-video-preview:-1\" \/>\n<link rel=\"canonical\" href=\"https:\/\/cataloniaexperience.com\/es\/?page_id=44917\" \/>\n<meta property=\"og:locale\" content=\"es_ES\" \/>\n<meta property=\"og:type\" content=\"article\" \/>\n<meta property=\"og:title\" content=\"Formaci\u00f3n y Cursos de Escalada en Gel - Vertical Emotions\" \/>\n<meta property=\"og:description\" content=\"Aprende a escalar en hielo de la mano de los mejores profesionales con estos Cursos de Escalada en Hielo que te presentamos en este apartado.\" \/>\n<meta property=\"og:url\" content=\"https:\/\/cataloniaexperience.com\/es\/?page_id=44917\" \/>\n<meta property=\"og:site_name\" content=\"Vertical Emotions\" \/>\n<meta property=\"article:publisher\" content=\"https:\/\/www.facebook.com\/verticalemotions\" \/>\n<meta property=\"og:image\" content=\"https:\/\/cataloniaexperience.com\/wp-content\/uploads\/2020\/02\/LogoNou_ple_LLETRA_NEGRE.png\" \/>\n\t<meta property=\"og:image:width\" content=\"2949\" \/>\n\t<meta property=\"og:image:height\" content=\"3416\" \/>\n\t<meta property=\"og:image:type\" content=\"image\/png\" \/>\n<meta name=\"twitter:card\" content=\"summary_large_image\" \/>\n<script type=\"application\/ld+json\" class=\"yoast-schema-graph\">{\"@context\":\"https:\\\/\\\/schema.org\",\"@graph\":[{\"@type\":\"WebPage\",\"@id\":\"https:\\\/\\\/cataloniaexperience.com\\\/es\\\/?page_id=44917\",\"url\":\"https:\\\/\\\/cataloniaexperience.com\\\/es\\\/?page_id=44917\",\"name\":\"Formaci\u00f3n y Cursos de Escalada en Gel - Vertical Emotions\",\"isPartOf\":{\"@id\":\"https:\\\/\\\/cataloniaexperience.com\\\/#website\"},\"datePublished\":\"2024-07-22T08:49:50+00:00\",\"description\":\"Aprende a escalar en hielo de la mano de los mejores profesionales con estos Cursos de Escalada en Hielo que te presentamos en este apartado.\",\"breadcrumb\":{\"@id\":\"https:\\\/\\\/cataloniaexperience.com\\\/es\\\/?page_id=44917#breadcrumb\"},\"inLanguage\":\"es\",\"potentialAction\":[{\"@type\":\"ReadAction\",\"target\":[\"https:\\\/\\\/cataloniaexperience.com\\\/es\\\/?page_id=44917\"]}]},{\"@type\":\"BreadcrumbList\",\"@id\":\"https:\\\/\\\/cataloniaexperience.com\\\/es\\\/?page_id=44917#breadcrumb\",\"itemListElement\":[{\"@type\":\"ListItem\",\"position\":1,\"name\":\"Inici\",\"item\":\"https:\\\/\\\/cataloniaexperience.com\\\/es\\\/\"},{\"@type\":\"ListItem\",\"position\":2,\"name\":\"Cursos de monta\u00f1a\",\"item\":\"https:\\\/\\\/cataloniaexperience.com\\\/es\\\/?page_id=44889\"},{\"@type\":\"ListItem\",\"position\":3,\"name\":\"Escalada en hielo\"}]},{\"@type\":\"WebSite\",\"@id\":\"https:\\\/\\\/cataloniaexperience.com\\\/#website\",\"url\":\"https:\\\/\\\/cataloniaexperience.com\\\/\",\"name\":\"Vertical Emotions\",\"description\":\"Vertical Emotions\",\"publisher\":{\"@id\":\"https:\\\/\\\/cataloniaexperience.com\\\/#organization\"},\"potentialAction\":[{\"@type\":\"SearchAction\",\"target\":{\"@type\":\"EntryPoint\",\"urlTemplate\":\"https:\\\/\\\/cataloniaexperience.com\\\/?s={search_term_string}\"},\"query-input\":{\"@type\":\"PropertyValueSpecification\",\"valueRequired\":true,\"valueName\":\"search_term_string\"}}],\"inLanguage\":\"es\"},{\"@type\":\"Organization\",\"@id\":\"https:\\\/\\\/cataloniaexperience.com\\\/#organization\",\"name\":\"Vertical Emotions\",\"url\":\"https:\\\/\\\/cataloniaexperience.com\\\/\",\"logo\":{\"@type\":\"ImageObject\",\"inLanguage\":\"es\",\"@id\":\"https:\\\/\\\/cataloniaexperience.com\\\/#\\\/schema\\\/logo\\\/image\\\/\",\"url\":\"http:\\\/\\\/verticalemotions.com\\\/wp-content\\\/uploads\\\/2020\\\/02\\\/vertical_emotions_logo_plantilla_web.jpg\",\"contentUrl\":\"http:\\\/\\\/verticalemotions.com\\\/wp-content\\\/uploads\\\/2020\\\/02\\\/vertical_emotions_logo_plantilla_web.jpg\",\"width\":600,\"height\":116,\"caption\":\"Vertical Emotions\"},\"image\":{\"@id\":\"https:\\\/\\\/cataloniaexperience.com\\\/#\\\/schema\\\/logo\\\/image\\\/\"},\"sameAs\":[\"https:\\\/\\\/www.facebook.com\\\/verticalemotions\",\"https:\\\/\\\/www.instagram.com\\\/verticalemotions\\\/\"]}]}<\/script>\n<!-- \/ Yoast SEO plugin. -->","yoast_head_json":{"title":"Formaci\u00f3n y Cursos de Escalada en Gel - Vertical Emotions","description":"Aprende a escalar en hielo de la mano de los mejores profesionales con estos Cursos de Escalada en Hielo que te presentamos en este apartado.","robots":{"index":"index","follow":"follow","max-snippet":"max-snippet:-1","max-image-preview":"max-image-preview:large","max-video-preview":"max-video-preview:-1"},"canonical":"https:\/\/cataloniaexperience.com\/es\/?page_id=44917","og_locale":"es_ES","og_type":"article","og_title":"Formaci\u00f3n y Cursos de Escalada en Gel - Vertical Emotions","og_description":"Aprende a escalar en hielo de la mano de los mejores profesionales con estos Cursos de Escalada en Hielo que te presentamos en este apartado.","og_url":"https:\/\/cataloniaexperience.com\/es\/?page_id=44917","og_site_name":"Vertical Emotions","article_publisher":"https:\/\/www.facebook.com\/verticalemotions","og_image":[{"width":2949,"height":3416,"url":"https:\/\/cataloniaexperience.com\/wp-content\/uploads\/2020\/02\/LogoNou_ple_LLETRA_NEGRE.png","type":"image\/png"}],"twitter_card":"summary_large_image","schema":{"@context":"https:\/\/schema.org","@graph":[{"@type":"WebPage","@id":"https:\/\/cataloniaexperience.com\/es\/?page_id=44917","url":"https:\/\/cataloniaexperience.com\/es\/?page_id=44917","name":"Formaci\u00f3n y Cursos de Escalada en Gel - Vertical Emotions","isPartOf":{"@id":"https:\/\/cataloniaexperience.com\/#website"},"datePublished":"2024-07-22T08:49:50+00:00","description":"Aprende a escalar en hielo de la mano de los mejores profesionales con estos Cursos de Escalada en Hielo que te presentamos en este apartado.","breadcrumb":{"@id":"https:\/\/cataloniaexperience.com\/es\/?page_id=44917#breadcrumb"},"inLanguage":"es","potentialAction":[{"@type":"ReadAction","target":["https:\/\/cataloniaexperience.com\/es\/?page_id=44917"]}]},{"@type":"BreadcrumbList","@id":"https:\/\/cataloniaexperience.com\/es\/?page_id=44917#breadcrumb","itemListElement":[{"@type":"ListItem","position":1,"name":"Inici","item":"https:\/\/cataloniaexperience.com\/es\/"},{"@type":"ListItem","position":2,"name":"Cursos de monta\u00f1a","item":"https:\/\/cataloniaexperience.com\/es\/?page_id=44889"},{"@type":"ListItem","position":3,"name":"Escalada en hielo"}]},{"@type":"WebSite","@id":"https:\/\/cataloniaexperience.com\/#website","url":"https:\/\/cataloniaexperience.com\/","name":"Vertical Emotions","description":"Vertical Emotions","publisher":{"@id":"https:\/\/cataloniaexperience.com\/#organization"},"potentialAction":[{"@type":"SearchAction","target":{"@type":"EntryPoint","urlTemplate":"https:\/\/cataloniaexperience.com\/?s={search_term_string}"},"query-input":{"@type":"PropertyValueSpecification","valueRequired":true,"valueName":"search_term_string"}}],"inLanguage":"es"},{"@type":"Organization","@id":"https:\/\/cataloniaexperience.com\/#organization","name":"Vertical Emotions","url":"https:\/\/cataloniaexperience.com\/","logo":{"@type":"ImageObject","inLanguage":"es","@id":"https:\/\/cataloniaexperience.com\/#\/schema\/logo\/image\/","url":"http:\/\/verticalemotions.com\/wp-content\/uploads\/2020\/02\/vertical_emotions_logo_plantilla_web.jpg","contentUrl":"http:\/\/verticalemotions.com\/wp-content\/uploads\/2020\/02\/vertical_emotions_logo_plantilla_web.jpg","width":600,"height":116,"caption":"Vertical Emotions"},"image":{"@id":"https:\/\/cataloniaexperience.com\/#\/schema\/logo\/image\/"},"sameAs":["https:\/\/www.facebook.com\/verticalemotions","https:\/\/www.instagram.com\/verticalemotions\/"]}]}},"_links":{"self":[{"href":"https:\/\/cataloniaexperience.com\/es\/wp-json\/wp\/v2\/pages\/44917","targetHints":{"allow":["GET"]}}],"collection":[{"href":"https:\/\/cataloniaexperience.com\/es\/wp-json\/wp\/v2\/pages"}],"about":[{"href":"https:\/\/cataloniaexperience.com\/es\/wp-json\/wp\/v2\/types\/page"}],"author":[{"embeddable":true,"href":"https:\/\/cataloniaexperience.com\/es\/wp-json\/wp\/v2\/users\/1"}],"replies":[{"embeddable":true,"href":"https:\/\/cataloniaexperience.com\/es\/wp-json\/wp\/v2\/comments?post=44917"}],"version-history":[{"count":0,"href":"https:\/\/cataloniaexperience.com\/es\/wp-json\/wp\/v2\/pages\/44917\/revisions"}],"up":[{"embeddable":true,"href":"https:\/\/cataloniaexperience.com\/es\/wp-json\/wp\/v2\/pages\/44889"}],"wp:attachment":[{"href":"https:\/\/cataloniaexperience.com\/es\/wp-json\/wp\/v2\/media?parent=44917"}],"wp:term":[{"taxonomy":"category","embeddable":true,"href":"https:\/\/cataloniaexperience.com\/es\/wp-json\/wp\/v2\/categories?post=44917"},{"taxonomy":"post_tag","embeddable":true,"href":"https:\/\/cataloniaexperience.com\/es\/wp-json\/wp\/v2\/tags?post=44917"}],"curies":[{"name":"wp","href":"https:\/\/api.w.org\/{rel}","templated":true}]}}