{"id":44977,"date":"2024-07-25T09:36:58","date_gmt":"2024-07-25T07:36:58","guid":{"rendered":"https:\/\/verticalemotions.com\/aviso-legal\/"},"modified":"2024-07-25T09:36:58","modified_gmt":"2024-07-25T07:36:58","slug":"aviso-legal","status":"publish","type":"page","link":"https:\/\/cataloniaexperience.com\/es\/aviso-legal\/","title":{"rendered":"Aviso legal"},"content":{"rendered":"\t\t<div data-elementor-type=\"wp-page\" data-elementor-id=\"44977\" class=\"elementor elementor-44977 elementor-5982\" data-elementor-post-type=\"page\">\n\t\t\t\t\t\t<section class=\"has_ae_slider elementor-section elementor-top-section elementor-element elementor-element-64b19cad elementor-section-full_width elementor-section-height-default elementor-section-height-default ae-bg-gallery-type-default\" data-id=\"64b19cad\" data-element_type=\"section\" data-e-type=\"section\">\n\t\t\t\t\t\t<div class=\"elementor-container elementor-column-gap-no\">\n\t\t\t\t\t<div class=\"has_ae_slider elementor-column elementor-col-100 elementor-top-column elementor-element elementor-element-71f4eb62 ae-bg-gallery-type-default\" data-id=\"71f4eb62\" data-element_type=\"column\" data-e-type=\"column\">\n\t\t\t<div class=\"elementor-widget-wrap elementor-element-populated\">\n\t\t\t\t\t\t<div class=\"elementor-element elementor-element-19613cf7 elementor-widget elementor-widget-heading\" data-id=\"19613cf7\" data-element_type=\"widget\" data-e-type=\"widget\" data-widget_type=\"heading.default\">\n\t\t\t\t<div class=\"elementor-widget-container\">\n\t\t\t\t\t<p class=\"elementor-heading-title elementor-size-default\">Aviso legal  <\/p>\t\t\t\t<\/div>\n\t\t\t\t<\/div>\n\t\t\t\t<div class=\"elementor-element elementor-element-369bc1b0 elementor-widget elementor-widget-text-editor\" data-id=\"369bc1b0\" data-element_type=\"widget\" data-e-type=\"widget\" data-widget_type=\"text-editor.default\">\n\t\t\t\t<div class=\"elementor-widget-container\">\n\t\t\t\t\t\t\t\t\t<p>El sitio web y el dominio <a style=\"text-decoration: underline; color: black;\" href=\"http:\/\/verticalemotions.com\/\" target=\"_blank\" rel=\"nofollow noreferrer noopener\">verticalemotions.com<\/a> corresponden a Vertical Emotions, SC (en adelante Vertical Emotions), con CIF B55161954 y domicilio en la Avenida President Companys, 26 de La Bisbal d&#8217;Empord\u00e0 (CP 17100), tel\u00e9fono 629 21 65 07 y direcci\u00f3n electr\u00f3nica <a style=\"color: black; text-decoration: underline;\" href=\"mailto:info@verticalemotions.com\" target=\"_blank\" rel=\"nofollow noreferrer noopener\">info@verticalemotions.com<\/a> .  <\/p>\n\t\t\t\t\t\t\t\t<\/div>\n\t\t\t\t<\/div>\n\t\t\t\t<div class=\"elementor-element elementor-element-e819214 elementor-widget elementor-widget-heading\" data-id=\"e819214\" data-element_type=\"widget\" data-e-type=\"widget\" data-widget_type=\"heading.default\">\n\t\t\t\t<div class=\"elementor-widget-container\">\n\t\t\t\t\t<p class=\"elementor-heading-title elementor-size-default\">PROPIEDAD INTELECTUAL E INDUSTRIAL\n<\/p>\t\t\t\t<\/div>\n\t\t\t\t<\/div>\n\t\t\t\t<div class=\"elementor-element elementor-element-34e7d01a elementor-widget elementor-widget-text-editor\" data-id=\"34e7d01a\" data-element_type=\"widget\" data-e-type=\"widget\" data-widget_type=\"text-editor.default\">\n\t\t\t\t<div class=\"elementor-widget-container\">\n\t\t\t\t\t\t\t\t\t<p>Los derechos sobre los contenidos de este sitio, incluyendo los textos, im\u00e1genes, dise\u00f1os gr\u00e1ficos, marcas y otros signos distintivos (en adelante los contenidos), pertenecen a Vertical Emotions oa terceros que han autorizado su uso. Vertical Emotions presenta estos contenidos para informar de sus servicios y actividades. Vertical Emotions autoriza la utilizaci\u00f3n de los contenidos para usos no comerciales siempre y cuando se indique de forma clara la fuente. Si los contenidos se utilizan en entornos web se deber\u00e1 incluir un enlace a la p\u00e1gina de inicio del sitio web <a style=\"color: black; text-decoration: underline;\" href=\"http:\/\/verticalemotions.com\/\" target=\"_blank\" rel=\"noopener noreferrer\">http:\/\/verticalemotions.com\/<\/a> . Vertical Emotions se reserva el derecho a iniciar las acciones legales oportunas en defensa de sus derechos de propiedad intelectual o industrial.<br \/>No se autorizan presentaciones de los contenidos de este sitio en una ventana ajena a <a style=\"color: black; text-decoration: underline;\" href=\"http:\/\/verticalemotions.com\/\" target=\"_blank\" rel=\"noopener noreferrer\">http:\/\/verticalemotions.com\/<\/a> (framing).<\/p>\n\t\t\t\t\t\t\t\t<\/div>\n\t\t\t\t<\/div>\n\t\t\t\t<div class=\"elementor-element elementor-element-1f07a69 elementor-widget elementor-widget-heading\" data-id=\"1f07a69\" data-element_type=\"widget\" data-e-type=\"widget\" data-widget_type=\"heading.default\">\n\t\t\t\t<div class=\"elementor-widget-container\">\n\t\t\t\t\t<p class=\"elementor-heading-title elementor-size-default\">RESPONSABILIDAD SOBRE LOS CONTENIDOS<\/p>\t\t\t\t<\/div>\n\t\t\t\t<\/div>\n\t\t\t\t<div class=\"elementor-element elementor-element-5a39184 elementor-widget elementor-widget-text-editor\" data-id=\"5a39184\" data-element_type=\"widget\" data-e-type=\"widget\" data-widget_type=\"text-editor.default\">\n\t\t\t\t<div class=\"elementor-widget-container\">\n\t\t\t\t\t\t\t\t\t<p>Aunque Vertical Emotions act\u00faa con el m\u00e1ximo de diligencia posible, puede darse el caso de que alg\u00fan dato o informaci\u00f3n no est\u00e9 del todo actualizado en el momento que el usuario del sitio web lo consulte. Por eso Vertical Emotions manifiesta que las referencias de los servicios que se presentan en su sitio web tienen una funci\u00f3n orientativa y no obligan a Vertical Emotions hasta la contrataci\u00f3n expresa de un pedido.<br \/>Vertical Emotions se reserva el derecho a modificar unilateralmente, en cualquier momento y sin previo aviso, la presentaci\u00f3n, configuraci\u00f3n y contenidos de la web.<br \/>Vertical Emotions no ser\u00e1 responsable de la informaci\u00f3n que se pueda obtener a trav\u00e9s de enlaces incluidos en el sitio.<\/p>\n\t\t\t\t\t\t\t\t<\/div>\n\t\t\t\t<\/div>\n\t\t\t\t<div class=\"elementor-element elementor-element-4461df0 elementor-widget elementor-widget-heading\" data-id=\"4461df0\" data-element_type=\"widget\" data-e-type=\"widget\" data-widget_type=\"heading.default\">\n\t\t\t\t<div class=\"elementor-widget-container\">\n\t\t\t\t\t<p class=\"elementor-heading-title elementor-size-default\">CONDICIONES DE USO<\/p>\t\t\t\t<\/div>\n\t\t\t\t<\/div>\n\t\t\t\t<div class=\"elementor-element elementor-element-cb0abe9 elementor-widget elementor-widget-text-editor\" data-id=\"cb0abe9\" data-element_type=\"widget\" data-e-type=\"widget\" data-widget_type=\"text-editor.default\">\n\t\t\t\t<div class=\"elementor-widget-container\">\n\t\t\t\t\t\t\t\t\t<p>El uso de este sitio web implica la aceptaci\u00f3n plena de los t\u00e9rminos y condiciones del presente aviso legal. Los posibles conflictos relativos a este sitio web se regir\u00e1n exclusivamente por el derecho del Estado espa\u00f1ol. Toda persona usuaria de la web, independientemente de la jurisdicci\u00f3n territorial desde la que se produzca su acceso, acepta el cumplimiento y respeto de estas cl\u00e1usulas con renuncia expresa a cualquier otro fuero que pudiera corresponderle.<\/p>\n\t\t\t\t\t\t\t\t<\/div>\n\t\t\t\t<\/div>\n\t\t\t\t\t<\/div>\n\t\t<\/div>\n\t\t\t\t\t<\/div>\n\t\t<\/section>\n\t\t\t\t<\/div>\n\t\t","protected":false},"excerpt":{"rendered":"<p>Aviso legal El sitio web y el dominio verticalemotions.com corresponden a Vertical Emotions, SC (en adelante Vertical Emotions), con CIF B55161954 y domicilio en la Avenida President Companys, 26 de La Bisbal d&#8217;Empord\u00e0 (CP 17100), tel\u00e9fono 629 21 65 07 y direcci\u00f3n electr\u00f3nica info@verticalemotions.com . PROPIEDAD INTELECTUAL E INDUSTRIAL Los derechos sobre los contenidos de &hellip; <\/p>\n<p class=\"link-more\"><a href=\"https:\/\/cataloniaexperience.com\/es\/aviso-legal\/\" class=\"more-link\">Seguir leyendo<span class=\"screen-reader-text\"> \u00abAviso legal\u00bb<\/span><\/a><\/p>\n","protected":false},"author":1,"featured_media":0,"parent":0,"menu_order":0,"comment_status":"closed","ping_status":"closed","template":"elementor_header_footer","meta":{"inline_featured_image":false,"_joinchat":[],"footnotes":""},"categories":[],"tags":[],"class_list":["post-44977","page","type-page","status-publish","hentry","entry"],"yoast_head":"<!-- This site is optimized with the Yoast SEO plugin v27.5 - https:\/\/yoast.com\/product\/yoast-seo-wordpress\/ -->\n<title>Aviso legal - Vertical Emotions<\/title>\n<meta name=\"robots\" content=\"noindex, nofollow\" \/>\n<meta property=\"og:locale\" content=\"es_ES\" \/>\n<meta property=\"og:type\" content=\"article\" \/>\n<meta property=\"og:title\" content=\"Aviso legal - Vertical Emotions\" \/>\n<meta property=\"og:description\" content=\"Aviso legal El sitio web y el dominio verticalemotions.com corresponden a Vertical Emotions, SC (en adelante Vertical Emotions), con CIF B55161954 y domicilio en la Avenida President Companys, 26 de La Bisbal d&#8217;Empord\u00e0 (CP 17100), tel\u00e9fono 629 21 65 07 y direcci\u00f3n electr\u00f3nica info@verticalemotions.com . PROPIEDAD INTELECTUAL E INDUSTRIAL Los derechos sobre los contenidos de &hellip; Seguir leyendo \u00abAviso legal\u00bb\" \/>\n<meta property=\"og:url\" content=\"https:\/\/cataloniaexperience.com\/es\/aviso-legal\/\" \/>\n<meta property=\"og:site_name\" content=\"Vertical Emotions\" \/>\n<meta property=\"article:publisher\" content=\"https:\/\/www.facebook.com\/verticalemotions\" \/>\n<meta property=\"og:image\" content=\"https:\/\/cataloniaexperience.com\/wp-content\/uploads\/2020\/02\/LogoNou_ple_LLETRA_NEGRE.png\" \/>\n\t<meta property=\"og:image:width\" content=\"2949\" \/>\n\t<meta property=\"og:image:height\" content=\"3416\" \/>\n\t<meta property=\"og:image:type\" content=\"image\/png\" \/>\n<meta name=\"twitter:card\" content=\"summary_large_image\" \/>\n<meta name=\"twitter:label1\" content=\"Tiempo de lectura\" \/>\n\t<meta name=\"twitter:data1\" content=\"2 minutos\" \/>\n<script type=\"application\/ld+json\" class=\"yoast-schema-graph\">{\"@context\":\"https:\\\/\\\/schema.org\",\"@graph\":[{\"@type\":\"WebPage\",\"@id\":\"https:\\\/\\\/cataloniaexperience.com\\\/es\\\/aviso-legal\\\/\",\"url\":\"https:\\\/\\\/cataloniaexperience.com\\\/es\\\/aviso-legal\\\/\",\"name\":\"Aviso legal - Vertical Emotions\",\"isPartOf\":{\"@id\":\"https:\\\/\\\/cataloniaexperience.com\\\/#website\"},\"datePublished\":\"2024-07-25T07:36:58+00:00\",\"breadcrumb\":{\"@id\":\"https:\\\/\\\/cataloniaexperience.com\\\/es\\\/aviso-legal\\\/#breadcrumb\"},\"inLanguage\":\"es\",\"potentialAction\":[{\"@type\":\"ReadAction\",\"target\":[\"https:\\\/\\\/cataloniaexperience.com\\\/es\\\/aviso-legal\\\/\"]}]},{\"@type\":\"BreadcrumbList\",\"@id\":\"https:\\\/\\\/cataloniaexperience.com\\\/es\\\/aviso-legal\\\/#breadcrumb\",\"itemListElement\":[{\"@type\":\"ListItem\",\"position\":1,\"name\":\"Inici\",\"item\":\"https:\\\/\\\/cataloniaexperience.com\\\/es\\\/\"},{\"@type\":\"ListItem\",\"position\":2,\"name\":\"Aviso legal\"}]},{\"@type\":\"WebSite\",\"@id\":\"https:\\\/\\\/cataloniaexperience.com\\\/#website\",\"url\":\"https:\\\/\\\/cataloniaexperience.com\\\/\",\"name\":\"Vertical Emotions\",\"description\":\"Vertical Emotions\",\"publisher\":{\"@id\":\"https:\\\/\\\/cataloniaexperience.com\\\/#organization\"},\"potentialAction\":[{\"@type\":\"SearchAction\",\"target\":{\"@type\":\"EntryPoint\",\"urlTemplate\":\"https:\\\/\\\/cataloniaexperience.com\\\/?s={search_term_string}\"},\"query-input\":{\"@type\":\"PropertyValueSpecification\",\"valueRequired\":true,\"valueName\":\"search_term_string\"}}],\"inLanguage\":\"es\"},{\"@type\":\"Organization\",\"@id\":\"https:\\\/\\\/cataloniaexperience.com\\\/#organization\",\"name\":\"Vertical Emotions\",\"url\":\"https:\\\/\\\/cataloniaexperience.com\\\/\",\"logo\":{\"@type\":\"ImageObject\",\"inLanguage\":\"es\",\"@id\":\"https:\\\/\\\/cataloniaexperience.com\\\/#\\\/schema\\\/logo\\\/image\\\/\",\"url\":\"http:\\\/\\\/verticalemotions.com\\\/wp-content\\\/uploads\\\/2020\\\/02\\\/vertical_emotions_logo_plantilla_web.jpg\",\"contentUrl\":\"http:\\\/\\\/verticalemotions.com\\\/wp-content\\\/uploads\\\/2020\\\/02\\\/vertical_emotions_logo_plantilla_web.jpg\",\"width\":600,\"height\":116,\"caption\":\"Vertical Emotions\"},\"image\":{\"@id\":\"https:\\\/\\\/cataloniaexperience.com\\\/#\\\/schema\\\/logo\\\/image\\\/\"},\"sameAs\":[\"https:\\\/\\\/www.facebook.com\\\/verticalemotions\",\"https:\\\/\\\/www.instagram.com\\\/verticalemotions\\\/\"]}]}<\/script>\n<!-- \/ Yoast SEO plugin. -->","yoast_head_json":{"title":"Aviso legal - Vertical Emotions","robots":{"index":"noindex","follow":"nofollow"},"og_locale":"es_ES","og_type":"article","og_title":"Aviso legal - Vertical Emotions","og_description":"Aviso legal El sitio web y el dominio verticalemotions.com corresponden a Vertical Emotions, SC (en adelante Vertical Emotions), con CIF B55161954 y domicilio en la Avenida President Companys, 26 de La Bisbal d&#8217;Empord\u00e0 (CP 17100), tel\u00e9fono 629 21 65 07 y direcci\u00f3n electr\u00f3nica info@verticalemotions.com . PROPIEDAD INTELECTUAL E INDUSTRIAL Los derechos sobre los contenidos de &hellip; Seguir leyendo \u00abAviso legal\u00bb","og_url":"https:\/\/cataloniaexperience.com\/es\/aviso-legal\/","og_site_name":"Vertical Emotions","article_publisher":"https:\/\/www.facebook.com\/verticalemotions","og_image":[{"width":2949,"height":3416,"url":"https:\/\/cataloniaexperience.com\/wp-content\/uploads\/2020\/02\/LogoNou_ple_LLETRA_NEGRE.png","type":"image\/png"}],"twitter_card":"summary_large_image","twitter_misc":{"Tiempo de lectura":"2 minutos"},"schema":{"@context":"https:\/\/schema.org","@graph":[{"@type":"WebPage","@id":"https:\/\/cataloniaexperience.com\/es\/aviso-legal\/","url":"https:\/\/cataloniaexperience.com\/es\/aviso-legal\/","name":"Aviso legal - Vertical Emotions","isPartOf":{"@id":"https:\/\/cataloniaexperience.com\/#website"},"datePublished":"2024-07-25T07:36:58+00:00","breadcrumb":{"@id":"https:\/\/cataloniaexperience.com\/es\/aviso-legal\/#breadcrumb"},"inLanguage":"es","potentialAction":[{"@type":"ReadAction","target":["https:\/\/cataloniaexperience.com\/es\/aviso-legal\/"]}]},{"@type":"BreadcrumbList","@id":"https:\/\/cataloniaexperience.com\/es\/aviso-legal\/#breadcrumb","itemListElement":[{"@type":"ListItem","position":1,"name":"Inici","item":"https:\/\/cataloniaexperience.com\/es\/"},{"@type":"ListItem","position":2,"name":"Aviso legal"}]},{"@type":"WebSite","@id":"https:\/\/cataloniaexperience.com\/#website","url":"https:\/\/cataloniaexperience.com\/","name":"Vertical Emotions","description":"Vertical Emotions","publisher":{"@id":"https:\/\/cataloniaexperience.com\/#organization"},"potentialAction":[{"@type":"SearchAction","target":{"@type":"EntryPoint","urlTemplate":"https:\/\/cataloniaexperience.com\/?s={search_term_string}"},"query-input":{"@type":"PropertyValueSpecification","valueRequired":true,"valueName":"search_term_string"}}],"inLanguage":"es"},{"@type":"Organization","@id":"https:\/\/cataloniaexperience.com\/#organization","name":"Vertical Emotions","url":"https:\/\/cataloniaexperience.com\/","logo":{"@type":"ImageObject","inLanguage":"es","@id":"https:\/\/cataloniaexperience.com\/#\/schema\/logo\/image\/","url":"http:\/\/verticalemotions.com\/wp-content\/uploads\/2020\/02\/vertical_emotions_logo_plantilla_web.jpg","contentUrl":"http:\/\/verticalemotions.com\/wp-content\/uploads\/2020\/02\/vertical_emotions_logo_plantilla_web.jpg","width":600,"height":116,"caption":"Vertical Emotions"},"image":{"@id":"https:\/\/cataloniaexperience.com\/#\/schema\/logo\/image\/"},"sameAs":["https:\/\/www.facebook.com\/verticalemotions","https:\/\/www.instagram.com\/verticalemotions\/"]}]}},"_links":{"self":[{"href":"https:\/\/cataloniaexperience.com\/es\/wp-json\/wp\/v2\/pages\/44977","targetHints":{"allow":["GET"]}}],"collection":[{"href":"https:\/\/cataloniaexperience.com\/es\/wp-json\/wp\/v2\/pages"}],"about":[{"href":"https:\/\/cataloniaexperience.com\/es\/wp-json\/wp\/v2\/types\/page"}],"author":[{"embeddable":true,"href":"https:\/\/cataloniaexperience.com\/es\/wp-json\/wp\/v2\/users\/1"}],"replies":[{"embeddable":true,"href":"https:\/\/cataloniaexperience.com\/es\/wp-json\/wp\/v2\/comments?post=44977"}],"version-history":[{"count":0,"href":"https:\/\/cataloniaexperience.com\/es\/wp-json\/wp\/v2\/pages\/44977\/revisions"}],"wp:attachment":[{"href":"https:\/\/cataloniaexperience.com\/es\/wp-json\/wp\/v2\/media?parent=44977"}],"wp:term":[{"taxonomy":"category","embeddable":true,"href":"https:\/\/cataloniaexperience.com\/es\/wp-json\/wp\/v2\/categories?post=44977"},{"taxonomy":"post_tag","embeddable":true,"href":"https:\/\/cataloniaexperience.com\/es\/wp-json\/wp\/v2\/tags?post=44977"}],"curies":[{"name":"wp","href":"https:\/\/api.w.org\/{rel}","templated":true}]}}