{"id":44996,"date":"2024-07-25T09:36:57","date_gmt":"2024-07-25T07:36:57","guid":{"rendered":"https:\/\/verticalemotions.com\/politica-de-proteccion-de-datos\/"},"modified":"2024-07-25T09:36:57","modified_gmt":"2024-07-25T07:36:57","slug":"politica-de-proteccion-de-datos","status":"publish","type":"page","link":"https:\/\/cataloniaexperience.com\/es\/politica-de-proteccion-de-datos\/","title":{"rendered":"Pol\u00edtica de protecci\u00f3n de datos"},"content":{"rendered":"\t\t<div data-elementor-type=\"wp-page\" data-elementor-id=\"44996\" class=\"elementor elementor-44996 elementor-5986\" data-elementor-post-type=\"page\">\n\t\t\t\t\t\t<section class=\"has_ae_slider elementor-section elementor-top-section elementor-element elementor-element-64b19cad elementor-section-full_width elementor-section-height-default elementor-section-height-default ae-bg-gallery-type-default\" data-id=\"64b19cad\" data-element_type=\"section\" data-e-type=\"section\">\n\t\t\t\t\t\t<div class=\"elementor-container elementor-column-gap-no\">\n\t\t\t\t\t<div class=\"has_ae_slider elementor-column elementor-col-100 elementor-top-column elementor-element elementor-element-71f4eb62 ae-bg-gallery-type-default\" data-id=\"71f4eb62\" data-element_type=\"column\" data-e-type=\"column\">\n\t\t\t<div class=\"elementor-widget-wrap elementor-element-populated\">\n\t\t\t\t\t\t<div class=\"elementor-element elementor-element-a3a61e9 elementor-widget elementor-widget-heading\" data-id=\"a3a61e9\" data-element_type=\"widget\" data-e-type=\"widget\" data-widget_type=\"heading.default\">\n\t\t\t\t<div class=\"elementor-widget-container\">\n\t\t\t\t\t<p class=\"elementor-heading-title elementor-size-default\">POL\u00cdTICA DE PROTECCI\u00d3N DE DATOS<\/p>\t\t\t\t<\/div>\n\t\t\t\t<\/div>\n\t\t\t\t<div class=\"elementor-element elementor-element-797765d elementor-widget elementor-widget-heading\" data-id=\"797765d\" data-element_type=\"widget\" data-e-type=\"widget\" data-widget_type=\"heading.default\">\n\t\t\t\t<div class=\"elementor-widget-container\">\n\t\t\t\t\t<p class=\"elementor-heading-title elementor-size-default\">\u00bfQui\u00e9n es el responsable del tratamiento de los datos personales?\n<\/p>\t\t\t\t<\/div>\n\t\t\t\t<\/div>\n\t\t\t\t<div class=\"elementor-element elementor-element-6ebfb6f elementor-widget elementor-widget-text-editor\" data-id=\"6ebfb6f\" data-element_type=\"widget\" data-e-type=\"widget\" data-widget_type=\"text-editor.default\">\n\t\t\t\t<div class=\"elementor-widget-container\">\n\t\t\t\t\t\t\t\t\t<p>El responsable del tratamiento de los datos personales es Vertical Emotions, SC (en adelante Vertical Emotions), con CIF B55161954 y domicilio en la Avenida President Companys, 26 de La Bisbal d&#8217;Empord\u00e0 (CP 17100), tel\u00e9fono 629 21 65 07, direcci\u00f3n electr\u00f3nica <a href=\"mailto:info@verticalemotions.com\" target=\"_blank\" rel=\"noopener\">info@verticalemotions.com<\/a> y sitio web <a href=\"https:\/\/cataloniaexperience.com\/es\/\" target=\"_blank\" rel=\"noopener\">www.verticalemotions.com<\/a> .<\/p>\n\t\t\t\t\t\t\t\t<\/div>\n\t\t\t\t<\/div>\n\t\t\t\t<div class=\"elementor-element elementor-element-625558d elementor-widget elementor-widget-heading\" data-id=\"625558d\" data-element_type=\"widget\" data-e-type=\"widget\" data-widget_type=\"heading.default\">\n\t\t\t\t<div class=\"elementor-widget-container\">\n\t\t\t\t\t<p class=\"elementor-heading-title elementor-size-default\">\u00bfCon qu\u00e9 fin y con qu\u00e9 legitimaci\u00f3n tratamos los datos?\n<\/p>\t\t\t\t<\/div>\n\t\t\t\t<\/div>\n\t\t\t\t<div class=\"elementor-element elementor-element-be2bc7b elementor-widget elementor-widget-text-editor\" data-id=\"be2bc7b\" data-element_type=\"widget\" data-e-type=\"widget\" data-widget_type=\"text-editor.default\">\n\t\t\t\t<div class=\"elementor-widget-container\">\n\t\t\t\t\t\t\t\t\t<p><span style=\"text-decoration: underline;\">Contacto.<\/span>  Atendemos las consultas de las personas que contactan con nosotros por medio del correo electr\u00f3nico, formularios de contacto de nuestra web o telef\u00f3nicamente. Tratamos estos datos con el consentimiento de la persona que se nos ha dirigido.<\/p>\n<p><span style=\"text-decoration: underline;\">Servicios a clientes.<\/span>  Registramos los clientes y datos adicionales que se puedan generar como resultado de la relaci\u00f3n comercial con estos clientes. La relaci\u00f3n comercial comporta incorporar los datos a la contabilidad, facturaci\u00f3n o informaci\u00f3n a la administraci\u00f3n tributaria. Tratamos estos datos en cumplimiento de las relaciones contractuales y de obligaciones legales.<\/p>\n<p><span style=\"text-decoration: underline;\">Gesti\u00f3n de datos de nuestros proveedores.<\/span>  Tratamos los datos de los proveedores de quienes obtenemos servicios o bienes. Obtenemos los datos necesarios para mantener la relaci\u00f3n comercial y los destinamos \u00fanicamente a tal fin. Tratamos estos datos en cumplimiento de las relaciones contractuales y de obligaciones legales.<\/p>\n<p><span style=\"text-decoration: underline;\">Informaci\u00f3n de productos y servicios.<\/span>  Con la autorizaci\u00f3n de los clientes sus datos de contacto se utilizan para enviar publicidad relacionada con nuestros servicios o productos. Tratamos estos datos en base al consentimiento de la persona que recibe las comunicaciones.<\/p>\n\t\t\t\t\t\t\t\t<\/div>\n\t\t\t\t<\/div>\n\t\t\t\t<div class=\"elementor-element elementor-element-3e7e477 elementor-widget elementor-widget-heading\" data-id=\"3e7e477\" data-element_type=\"widget\" data-e-type=\"widget\" data-widget_type=\"heading.default\">\n\t\t\t\t<div class=\"elementor-widget-container\">\n\t\t\t\t\t<p class=\"elementor-heading-title elementor-size-default\">\u00bfA qui\u00e9n se comunican los datos?\n<\/p>\t\t\t\t<\/div>\n\t\t\t\t<\/div>\n\t\t\t\t<div class=\"elementor-element elementor-element-eb8e4fa elementor-widget elementor-widget-text-editor\" data-id=\"eb8e4fa\" data-element_type=\"widget\" data-e-type=\"widget\" data-widget_type=\"text-editor.default\">\n\t\t\t\t<div class=\"elementor-widget-container\">\n\t\t\t\t\t\t\t\t\t<p>Como criterio general \u00fanicamente comunicamos datos a administraciones o poderes p\u00fablicos y siempre en cumplimiento de obligaciones legales. En su facturaci\u00f3n podemos comunicarlas a entidades bancarias. No se realizan transferencias de datos fuera del \u00e1mbito de la Uni\u00f3n Europea (transferencia internacional).<\/p>\n\t\t\t\t\t\t\t\t<\/div>\n\t\t\t\t<\/div>\n\t\t\t\t<div class=\"elementor-element elementor-element-f696aaa elementor-widget elementor-widget-heading\" data-id=\"f696aaa\" data-element_type=\"widget\" data-e-type=\"widget\" data-widget_type=\"heading.default\">\n\t\t\t\t<div class=\"elementor-widget-container\">\n\t\t\t\t\t<p class=\"elementor-heading-title elementor-size-default\">\u00bfCu\u00e1nto tiempo conservamos los datos?\n<\/p>\t\t\t\t<\/div>\n\t\t\t\t<\/div>\n\t\t\t\t<div class=\"elementor-element elementor-element-34b310c elementor-widget elementor-widget-text-editor\" data-id=\"34b310c\" data-element_type=\"widget\" data-e-type=\"widget\" data-widget_type=\"text-editor.default\">\n\t\t\t\t<div class=\"elementor-widget-container\">\n\t\t\t\t\t\t\t\t\t<p>Cumplimos con la obligaci\u00f3n legal de limitar al m\u00e1ximo el plazo de conservaci\u00f3n de los datos. Por este motivo se conservan s\u00f3lo el tiempo necesario y justificado por la finalidad que motiv\u00f3 su obtenci\u00f3n. En determinados casos, como los datos que figuran en la documentaci\u00f3n contable y la facturaci\u00f3n, la normativa fiscal obliga a conservarlos hasta que prescriban las responsabilidades en esta materia. En el caso de los datos que se traten en base al consentimiento de la persona interesada, se conservan hasta que esta persona no revoca ese consentimiento.  <\/p>\n\t\t\t\t\t\t\t\t<\/div>\n\t\t\t\t<\/div>\n\t\t\t\t<div class=\"elementor-element elementor-element-1cbb7c4 elementor-widget elementor-widget-heading\" data-id=\"1cbb7c4\" data-element_type=\"widget\" data-e-type=\"widget\" data-widget_type=\"heading.default\">\n\t\t\t\t<div class=\"elementor-widget-container\">\n\t\t\t\t\t<p class=\"elementor-heading-title elementor-size-default\">\u00bfQu\u00e9 derechos tienen las personas en relaci\u00f3n con los datos que tratamos?\n<\/p>\t\t\t\t<\/div>\n\t\t\t\t<\/div>\n\t\t\t\t<div class=\"elementor-element elementor-element-56b9d87 elementor-widget elementor-widget-text-editor\" data-id=\"56b9d87\" data-element_type=\"widget\" data-e-type=\"widget\" data-widget_type=\"text-editor.default\">\n\t\t\t\t<div class=\"elementor-widget-container\">\n\t\t\t\t\t\t\t\t\t<p>Las personas de las que tratamos datos tienen los siguientes derechos:<\/p>\n<p><span style=\"text-decoration: underline;\">A acceder.<\/span>  Derecho a saber qu\u00e9 datos personales son objeto de tratamiento, cu\u00e1l es la finalidad por la que se tratan, las comunicaciones a otras personas, el derecho a obtener copia o saber el plazo previsto de conservaci\u00f3n.<\/p>\n<p><span style=\"text-decoration: underline;\">A pedir su rectificaci\u00f3n.<\/span>Derecho a hacer rectificar los datos inexactos.<br \/>A pedir su supresi\u00f3n. Derecho a pedir la supresi\u00f3n de los datos cuando, entre otros motivos, no sean necesarios para los fines para los que fueron recogidos y justificaron su tratamiento.<\/p>\n<p><span style=\"text-decoration: underline;\">Pedir la limitaci\u00f3n del tratamiento.<\/span>  En determinadas circunstancias existe el derecho a pedir la limitaci\u00f3n del tratamiento de los datos: dejar\u00e1n de ser tratados y s\u00f3lo se conservar\u00e1n para el ejercicio o defensa de reclamaciones.<\/p>\n<p><span style=\"text-decoration: underline;\">En la portabilidad.<\/span>  Derecho a obtener los datos personales en un formato de uso com\u00fan legible por m\u00e1quina, ya transmitirlos a otro responsable del tratamiento si as\u00ed lo decide el interesado.<\/p>\n<p><span style=\"text-decoration: underline;\">A oponerse al tratamiento.<\/span>  Al aducir motivos relacionados con su situaci\u00f3n particular, una persona puede pedirnos que dejemos de tratar sus datos si le puede comportar un perjuicio.<\/p>\n\t\t\t\t\t\t\t\t<\/div>\n\t\t\t\t<\/div>\n\t\t\t\t<div class=\"elementor-element elementor-element-1224de4 elementor-widget elementor-widget-heading\" data-id=\"1224de4\" data-element_type=\"widget\" data-e-type=\"widget\" data-widget_type=\"heading.default\">\n\t\t\t\t<div class=\"elementor-widget-container\">\n\t\t\t\t\t<p class=\"elementor-heading-title elementor-size-default\">\u00bfC\u00f3mo ejercer o defender los derechos?\n<\/p>\t\t\t\t<\/div>\n\t\t\t\t<\/div>\n\t\t\t\t<div class=\"elementor-element elementor-element-58f7bf6 elementor-widget elementor-widget-text-editor\" data-id=\"58f7bf6\" data-element_type=\"widget\" data-e-type=\"widget\" data-widget_type=\"text-editor.default\">\n\t\t\t\t<div class=\"elementor-widget-container\">\n\t\t\t\t\t\t\t\t\t<p>Los derechos que acabamos de enumerar se pueden ejercitar dirigiendo una solicitud escrita a Vertical Emotions, SC en nuestra direcci\u00f3n postal o bien enviando un correo electr\u00f3nico a<a href=\"mailto:info@verticalemotions.com\" target=\"_blank\">info@verticalemotions.com<\/a>&nbsp; indicando en todos los casos \u00abProtecci\u00f3n de datos personales\u00bb. Si no se ha obtenido respuesta satisfactoria en el ejercicio de los derechos, es posible presentar una reclamaci\u00f3n ante la Agencia Espa\u00f1ola de Protecci\u00f3n de Datos, mediante los formularios u otros canales accesibles desde su p\u00e1gina <span style=\"text-decoration-style: initial; text-decoration-color: initial;\"><u><a href=\"https:\/\/www.aepd.es\/es\">www.aepd.es.<\/a><\/u><\/span><\/p>\n\t\t\t\t\t\t\t\t<\/div>\n\t\t\t\t<\/div>\n\t\t\t\t\t<\/div>\n\t\t<\/div>\n\t\t\t\t\t<\/div>\n\t\t<\/section>\n\t\t\t\t<\/div>\n\t\t","protected":false},"excerpt":{"rendered":"<p>POL\u00cdTICA DE PROTECCI\u00d3N DE DATOS \u00bfQui\u00e9n es el responsable del tratamiento de los datos personales? El responsable del tratamiento de los datos personales es Vertical Emotions, SC (en adelante Vertical Emotions), con CIF B55161954 y domicilio en la Avenida President Companys, 26 de La Bisbal d&#8217;Empord\u00e0 (CP 17100), tel\u00e9fono 629 21 65 07, direcci\u00f3n electr\u00f3nica &hellip; <\/p>\n<p class=\"link-more\"><a href=\"https:\/\/cataloniaexperience.com\/es\/politica-de-proteccion-de-datos\/\" class=\"more-link\">Seguir leyendo<span class=\"screen-reader-text\"> \u00abPol\u00edtica de protecci\u00f3n de datos\u00bb<\/span><\/a><\/p>\n","protected":false},"author":1,"featured_media":0,"parent":0,"menu_order":0,"comment_status":"closed","ping_status":"closed","template":"elementor_header_footer","meta":{"inline_featured_image":false,"_joinchat":[],"footnotes":""},"categories":[],"tags":[],"class_list":["post-44996","page","type-page","status-publish","hentry","entry"],"yoast_head":"<!-- This site is optimized with the Yoast SEO plugin v27.5 - https:\/\/yoast.com\/product\/yoast-seo-wordpress\/ -->\n<title>Pol\u00edtica de protecci\u00f3n de datos - Vertical Emotions<\/title>\n<meta name=\"robots\" content=\"noindex, nofollow\" \/>\n<meta property=\"og:locale\" content=\"es_ES\" \/>\n<meta property=\"og:type\" content=\"article\" \/>\n<meta property=\"og:title\" content=\"Pol\u00edtica de protecci\u00f3n de datos - Vertical Emotions\" \/>\n<meta property=\"og:description\" content=\"POL\u00cdTICA DE PROTECCI\u00d3N DE DATOS \u00bfQui\u00e9n es el responsable del tratamiento de los datos personales? El responsable del tratamiento de los datos personales es Vertical Emotions, SC (en adelante Vertical Emotions), con CIF B55161954 y domicilio en la Avenida President Companys, 26 de La Bisbal d&#8217;Empord\u00e0 (CP 17100), tel\u00e9fono 629 21 65 07, direcci\u00f3n electr\u00f3nica &hellip; Seguir leyendo \u00abPol\u00edtica de protecci\u00f3n de datos\u00bb\" \/>\n<meta property=\"og:url\" content=\"https:\/\/cataloniaexperience.com\/es\/politica-de-proteccion-de-datos\/\" \/>\n<meta property=\"og:site_name\" content=\"Vertical Emotions\" \/>\n<meta property=\"article:publisher\" content=\"https:\/\/www.facebook.com\/verticalemotions\" \/>\n<meta property=\"og:image\" content=\"https:\/\/cataloniaexperience.com\/wp-content\/uploads\/2020\/02\/LogoNou_ple_LLETRA_NEGRE.png\" \/>\n\t<meta property=\"og:image:width\" content=\"2949\" \/>\n\t<meta property=\"og:image:height\" content=\"3416\" \/>\n\t<meta property=\"og:image:type\" content=\"image\/png\" \/>\n<meta name=\"twitter:card\" content=\"summary_large_image\" \/>\n<meta name=\"twitter:label1\" content=\"Tiempo de lectura\" \/>\n\t<meta name=\"twitter:data1\" content=\"4 minutos\" \/>\n<script type=\"application\/ld+json\" class=\"yoast-schema-graph\">{\"@context\":\"https:\\\/\\\/schema.org\",\"@graph\":[{\"@type\":\"WebPage\",\"@id\":\"https:\\\/\\\/cataloniaexperience.com\\\/es\\\/politica-de-proteccion-de-datos\\\/\",\"url\":\"https:\\\/\\\/cataloniaexperience.com\\\/es\\\/politica-de-proteccion-de-datos\\\/\",\"name\":\"Pol\u00edtica de protecci\u00f3n de datos - Vertical Emotions\",\"isPartOf\":{\"@id\":\"https:\\\/\\\/cataloniaexperience.com\\\/#website\"},\"datePublished\":\"2024-07-25T07:36:57+00:00\",\"breadcrumb\":{\"@id\":\"https:\\\/\\\/cataloniaexperience.com\\\/es\\\/politica-de-proteccion-de-datos\\\/#breadcrumb\"},\"inLanguage\":\"es\",\"potentialAction\":[{\"@type\":\"ReadAction\",\"target\":[\"https:\\\/\\\/cataloniaexperience.com\\\/es\\\/politica-de-proteccion-de-datos\\\/\"]}]},{\"@type\":\"BreadcrumbList\",\"@id\":\"https:\\\/\\\/cataloniaexperience.com\\\/es\\\/politica-de-proteccion-de-datos\\\/#breadcrumb\",\"itemListElement\":[{\"@type\":\"ListItem\",\"position\":1,\"name\":\"Inici\",\"item\":\"https:\\\/\\\/cataloniaexperience.com\\\/es\\\/\"},{\"@type\":\"ListItem\",\"position\":2,\"name\":\"Pol\u00edtica de protecci\u00f3n de datos\"}]},{\"@type\":\"WebSite\",\"@id\":\"https:\\\/\\\/cataloniaexperience.com\\\/#website\",\"url\":\"https:\\\/\\\/cataloniaexperience.com\\\/\",\"name\":\"Vertical Emotions\",\"description\":\"Vertical Emotions\",\"publisher\":{\"@id\":\"https:\\\/\\\/cataloniaexperience.com\\\/#organization\"},\"potentialAction\":[{\"@type\":\"SearchAction\",\"target\":{\"@type\":\"EntryPoint\",\"urlTemplate\":\"https:\\\/\\\/cataloniaexperience.com\\\/?s={search_term_string}\"},\"query-input\":{\"@type\":\"PropertyValueSpecification\",\"valueRequired\":true,\"valueName\":\"search_term_string\"}}],\"inLanguage\":\"es\"},{\"@type\":\"Organization\",\"@id\":\"https:\\\/\\\/cataloniaexperience.com\\\/#organization\",\"name\":\"Vertical Emotions\",\"url\":\"https:\\\/\\\/cataloniaexperience.com\\\/\",\"logo\":{\"@type\":\"ImageObject\",\"inLanguage\":\"es\",\"@id\":\"https:\\\/\\\/cataloniaexperience.com\\\/#\\\/schema\\\/logo\\\/image\\\/\",\"url\":\"http:\\\/\\\/verticalemotions.com\\\/wp-content\\\/uploads\\\/2020\\\/02\\\/vertical_emotions_logo_plantilla_web.jpg\",\"contentUrl\":\"http:\\\/\\\/verticalemotions.com\\\/wp-content\\\/uploads\\\/2020\\\/02\\\/vertical_emotions_logo_plantilla_web.jpg\",\"width\":600,\"height\":116,\"caption\":\"Vertical Emotions\"},\"image\":{\"@id\":\"https:\\\/\\\/cataloniaexperience.com\\\/#\\\/schema\\\/logo\\\/image\\\/\"},\"sameAs\":[\"https:\\\/\\\/www.facebook.com\\\/verticalemotions\",\"https:\\\/\\\/www.instagram.com\\\/verticalemotions\\\/\"]}]}<\/script>\n<!-- \/ Yoast SEO plugin. -->","yoast_head_json":{"title":"Pol\u00edtica de protecci\u00f3n de datos - Vertical Emotions","robots":{"index":"noindex","follow":"nofollow"},"og_locale":"es_ES","og_type":"article","og_title":"Pol\u00edtica de protecci\u00f3n de datos - Vertical Emotions","og_description":"POL\u00cdTICA DE PROTECCI\u00d3N DE DATOS \u00bfQui\u00e9n es el responsable del tratamiento de los datos personales? El responsable del tratamiento de los datos personales es Vertical Emotions, SC (en adelante Vertical Emotions), con CIF B55161954 y domicilio en la Avenida President Companys, 26 de La Bisbal d&#8217;Empord\u00e0 (CP 17100), tel\u00e9fono 629 21 65 07, direcci\u00f3n electr\u00f3nica &hellip; Seguir leyendo \u00abPol\u00edtica de protecci\u00f3n de datos\u00bb","og_url":"https:\/\/cataloniaexperience.com\/es\/politica-de-proteccion-de-datos\/","og_site_name":"Vertical Emotions","article_publisher":"https:\/\/www.facebook.com\/verticalemotions","og_image":[{"width":2949,"height":3416,"url":"https:\/\/cataloniaexperience.com\/wp-content\/uploads\/2020\/02\/LogoNou_ple_LLETRA_NEGRE.png","type":"image\/png"}],"twitter_card":"summary_large_image","twitter_misc":{"Tiempo de lectura":"4 minutos"},"schema":{"@context":"https:\/\/schema.org","@graph":[{"@type":"WebPage","@id":"https:\/\/cataloniaexperience.com\/es\/politica-de-proteccion-de-datos\/","url":"https:\/\/cataloniaexperience.com\/es\/politica-de-proteccion-de-datos\/","name":"Pol\u00edtica de protecci\u00f3n de datos - Vertical Emotions","isPartOf":{"@id":"https:\/\/cataloniaexperience.com\/#website"},"datePublished":"2024-07-25T07:36:57+00:00","breadcrumb":{"@id":"https:\/\/cataloniaexperience.com\/es\/politica-de-proteccion-de-datos\/#breadcrumb"},"inLanguage":"es","potentialAction":[{"@type":"ReadAction","target":["https:\/\/cataloniaexperience.com\/es\/politica-de-proteccion-de-datos\/"]}]},{"@type":"BreadcrumbList","@id":"https:\/\/cataloniaexperience.com\/es\/politica-de-proteccion-de-datos\/#breadcrumb","itemListElement":[{"@type":"ListItem","position":1,"name":"Inici","item":"https:\/\/cataloniaexperience.com\/es\/"},{"@type":"ListItem","position":2,"name":"Pol\u00edtica de protecci\u00f3n de datos"}]},{"@type":"WebSite","@id":"https:\/\/cataloniaexperience.com\/#website","url":"https:\/\/cataloniaexperience.com\/","name":"Vertical Emotions","description":"Vertical Emotions","publisher":{"@id":"https:\/\/cataloniaexperience.com\/#organization"},"potentialAction":[{"@type":"SearchAction","target":{"@type":"EntryPoint","urlTemplate":"https:\/\/cataloniaexperience.com\/?s={search_term_string}"},"query-input":{"@type":"PropertyValueSpecification","valueRequired":true,"valueName":"search_term_string"}}],"inLanguage":"es"},{"@type":"Organization","@id":"https:\/\/cataloniaexperience.com\/#organization","name":"Vertical Emotions","url":"https:\/\/cataloniaexperience.com\/","logo":{"@type":"ImageObject","inLanguage":"es","@id":"https:\/\/cataloniaexperience.com\/#\/schema\/logo\/image\/","url":"http:\/\/verticalemotions.com\/wp-content\/uploads\/2020\/02\/vertical_emotions_logo_plantilla_web.jpg","contentUrl":"http:\/\/verticalemotions.com\/wp-content\/uploads\/2020\/02\/vertical_emotions_logo_plantilla_web.jpg","width":600,"height":116,"caption":"Vertical Emotions"},"image":{"@id":"https:\/\/cataloniaexperience.com\/#\/schema\/logo\/image\/"},"sameAs":["https:\/\/www.facebook.com\/verticalemotions","https:\/\/www.instagram.com\/verticalemotions\/"]}]}},"_links":{"self":[{"href":"https:\/\/cataloniaexperience.com\/es\/wp-json\/wp\/v2\/pages\/44996","targetHints":{"allow":["GET"]}}],"collection":[{"href":"https:\/\/cataloniaexperience.com\/es\/wp-json\/wp\/v2\/pages"}],"about":[{"href":"https:\/\/cataloniaexperience.com\/es\/wp-json\/wp\/v2\/types\/page"}],"author":[{"embeddable":true,"href":"https:\/\/cataloniaexperience.com\/es\/wp-json\/wp\/v2\/users\/1"}],"replies":[{"embeddable":true,"href":"https:\/\/cataloniaexperience.com\/es\/wp-json\/wp\/v2\/comments?post=44996"}],"version-history":[{"count":0,"href":"https:\/\/cataloniaexperience.com\/es\/wp-json\/wp\/v2\/pages\/44996\/revisions"}],"wp:attachment":[{"href":"https:\/\/cataloniaexperience.com\/es\/wp-json\/wp\/v2\/media?parent=44996"}],"wp:term":[{"taxonomy":"category","embeddable":true,"href":"https:\/\/cataloniaexperience.com\/es\/wp-json\/wp\/v2\/categories?post=44996"},{"taxonomy":"post_tag","embeddable":true,"href":"https:\/\/cataloniaexperience.com\/es\/wp-json\/wp\/v2\/tags?post=44996"}],"curies":[{"name":"wp","href":"https:\/\/api.w.org\/{rel}","templated":true}]}}