{"id":45211,"date":"2024-07-25T09:35:57","date_gmt":"2024-07-25T07:35:57","guid":{"rendered":"https:\/\/verticalemotions.com\/medidas-contingencia-covid19\/"},"modified":"2024-07-25T09:35:57","modified_gmt":"2024-07-25T07:35:57","slug":"medidas-contingencia-covid19","status":"publish","type":"page","link":"https:\/\/cataloniaexperience.com\/es\/medidas-contingencia-covid19\/","title":{"rendered":"Medidas Contingencia COVID19"},"content":{"rendered":"\t\t<div data-elementor-type=\"wp-page\" data-elementor-id=\"45211\" class=\"elementor elementor-45211 elementor-8143\" data-elementor-post-type=\"page\">\n\t\t\t\t\t\t<section class=\"has_ae_slider elementor-section elementor-top-section elementor-element elementor-element-864b2fe elementor-section-stretched elementor-section-boxed elementor-section-height-default elementor-section-height-default ae-bg-gallery-type-default\" data-id=\"864b2fe\" data-element_type=\"section\" data-e-type=\"section\" data-settings=\"{&quot;stretch_section&quot;:&quot;section-stretched&quot;}\">\n\t\t\t\t\t\t<div class=\"elementor-container elementor-column-gap-default\">\n\t\t\t\t\t<div class=\"has_ae_slider elementor-column elementor-col-100 elementor-top-column elementor-element elementor-element-038ed6e ae-bg-gallery-type-default\" data-id=\"038ed6e\" data-element_type=\"column\" data-e-type=\"column\">\n\t\t\t<div class=\"elementor-widget-wrap elementor-element-populated\">\n\t\t\t\t\t\t<div class=\"elementor-element elementor-element-710bea4 elementor-widget elementor-widget-heading\" data-id=\"710bea4\" data-element_type=\"widget\" data-e-type=\"widget\" data-widget_type=\"heading.default\">\n\t\t\t\t<div class=\"elementor-widget-container\">\n\t\t\t\t\t<h1 class=\"elementor-heading-title elementor-size-default\">Medidas Contingencia COVID19<\/h1>\t\t\t\t<\/div>\n\t\t\t\t<\/div>\n\t\t\t\t\t<\/div>\n\t\t<\/div>\n\t\t\t\t\t<\/div>\n\t\t<\/section>\n\t\t\t\t<section class=\"has_ae_slider elementor-section elementor-top-section elementor-element elementor-element-feafcc3 elementor-section-stretched elementor-section-full_width elementor-section-height-default elementor-section-height-default ae-bg-gallery-type-default\" data-id=\"feafcc3\" data-element_type=\"section\" data-e-type=\"section\" data-settings=\"{&quot;stretch_section&quot;:&quot;section-stretched&quot;}\">\n\t\t\t\t\t\t<div class=\"elementor-container elementor-column-gap-default\">\n\t\t\t\t\t<div class=\"has_ae_slider elementor-column elementor-col-100 elementor-top-column elementor-element elementor-element-03cea28 ae-bg-gallery-type-default\" data-id=\"03cea28\" data-element_type=\"column\" data-e-type=\"column\">\n\t\t\t<div class=\"elementor-widget-wrap elementor-element-populated\">\n\t\t\t\t\t\t<div class=\"elementor-element elementor-element-57b701f elementor-widget elementor-widget-text-editor\" data-id=\"57b701f\" data-element_type=\"widget\" data-e-type=\"widget\" data-widget_type=\"text-editor.default\">\n\t\t\t\t<div class=\"elementor-widget-container\">\n\t\t\t\t\t\t\t\t\t<p>Volvemos a activar nuestros servicios: s\u00edguenos en las redes para saber qu\u00e9 actividades puedes realizar con nosotros.<\/p>\n<p>Dado que nos preocupa la seguridad de nuestros clientes y de nuestros trabajadores hemos preparado estas medidas de contingencia. Sigue leyendo para estar bien informado.<\/p>\n\t\t\t\t\t\t\t\t<\/div>\n\t\t\t\t<\/div>\n\t\t\t\t\t<\/div>\n\t\t<\/div>\n\t\t\t\t\t<\/div>\n\t\t<\/section>\n\t\t\t\t<section class=\"has_ae_slider elementor-section elementor-top-section elementor-element elementor-element-8126e19 elementor-section-stretched elementor-section-boxed elementor-section-height-default elementor-section-height-default ae-bg-gallery-type-default\" data-id=\"8126e19\" data-element_type=\"section\" data-e-type=\"section\" data-settings=\"{&quot;stretch_section&quot;:&quot;section-stretched&quot;}\">\n\t\t\t\t\t\t<div class=\"elementor-container elementor-column-gap-default\">\n\t\t\t\t\t<div class=\"has_ae_slider elementor-column elementor-col-50 elementor-top-column elementor-element elementor-element-1bca343 ae-bg-gallery-type-default\" data-id=\"1bca343\" data-element_type=\"column\" data-e-type=\"column\">\n\t\t\t<div class=\"elementor-widget-wrap elementor-element-populated\">\n\t\t\t\t\t\t<div class=\"elementor-element elementor-element-6aff0be elementor-widget elementor-widget-text-editor\" data-id=\"6aff0be\" data-element_type=\"widget\" data-e-type=\"widget\" data-widget_type=\"text-editor.default\">\n\t\t\t\t<div class=\"elementor-widget-container\">\n\t\t\t\t\t\t\t\t\t<p>\u2022 Uso de Mascarilla. En determinadas situaciones de las actividades podr\u00eda ser necesario el uso de la mascarilla.  <br \/>\u2022 Lavado de manos constante; antes, durante y despu\u00e9s de la actividad.  <br \/>\u2022 Distanciamiento social. En la medida de lo posible durante la actividad.<\/p>\n<p>\u2022 Nuevos procesos de limpieza y desinfecci\u00f3n de todos los materiales de actividades despu\u00e9s de cada uso.  <br \/>\u2022 Limpieza y desinfecci\u00f3n de los veh\u00edculos antes y despu\u00e9s de cada actividad<br \/>\u2022 Limpieza y desinfecci\u00f3n diaria de nuestras instalaciones (oficina, almac\u00e9n, wc).<\/p>\n<p>\u2022 Nuevas din\u00e1micas de grupo teniendo en cuenta las medidas de prevenci\u00f3n.<br \/>\u2022 Posibilidad de realizar grupos reducidos. Por el distanciamiento social.  <br \/>\u2022 Formaciones espec\u00edficas de nuestros t\u00e9cnicos en materia de prevenci\u00f3n e higiene.  <br \/>\u2022 Disponibilidad de geles hidroalcoh\u00f3licos y mascarillas de protecci\u00f3n para las actividades.<\/p>\n\t\t\t\t\t\t\t\t<\/div>\n\t\t\t\t<\/div>\n\t\t\t\t\t<\/div>\n\t\t<\/div>\n\t\t\t\t<div class=\"has_ae_slider elementor-column elementor-col-50 elementor-top-column elementor-element elementor-element-711bc40 ae-bg-gallery-type-default\" data-id=\"711bc40\" data-element_type=\"column\" data-e-type=\"column\">\n\t\t\t<div class=\"elementor-widget-wrap elementor-element-populated\">\n\t\t\t\t\t\t<div class=\"elementor-element elementor-element-a7a5697 elementor-widget elementor-widget-image\" data-id=\"a7a5697\" data-element_type=\"widget\" data-e-type=\"widget\" data-widget_type=\"image.default\">\n\t\t\t\t<div class=\"elementor-widget-container\">\n\t\t\t\t\t\t\t\t\t\t\t\t\t\t\t<img fetchpriority=\"high\" decoding=\"async\" width=\"576\" height=\"1024\" src=\"https:\/\/cataloniaexperience.com\/wp-content\/uploads\/2020\/06\/Infografia-covid19-576x1024.jpg\" class=\"attachment-large size-large wp-image-8262\" alt=\"Mesures conting\u00e8ncia COVID19\" srcset=\"https:\/\/cataloniaexperience.com\/wp-content\/uploads\/2020\/06\/Infografia-covid19-576x1024.jpg 576w, https:\/\/cataloniaexperience.com\/wp-content\/uploads\/2020\/06\/Infografia-covid19-169x300.jpg 169w, https:\/\/cataloniaexperience.com\/wp-content\/uploads\/2020\/06\/Infografia-covid19-768x1365.jpg 768w, https:\/\/cataloniaexperience.com\/wp-content\/uploads\/2020\/06\/Infografia-covid19-864x1536.jpg 864w, https:\/\/cataloniaexperience.com\/wp-content\/uploads\/2020\/06\/Infografia-covid19-450x800.jpg 450w, https:\/\/cataloniaexperience.com\/wp-content\/uploads\/2020\/06\/Infografia-covid19.jpg 1080w\" sizes=\"(max-width: 576px) 100vw, 576px\" \/>\t\t\t\t\t\t\t\t\t\t\t\t\t\t\t<\/div>\n\t\t\t\t<\/div>\n\t\t\t\t\t<\/div>\n\t\t<\/div>\n\t\t\t\t\t<\/div>\n\t\t<\/section>\n\t\t\t\t<section class=\"has_ae_slider elementor-section elementor-top-section elementor-element elementor-element-aefb524 elementor-section-stretched elementor-section-boxed elementor-section-height-default elementor-section-height-default ae-bg-gallery-type-default\" data-id=\"aefb524\" data-element_type=\"section\" data-e-type=\"section\" data-settings=\"{&quot;stretch_section&quot;:&quot;section-stretched&quot;}\">\n\t\t\t\t\t\t<div class=\"elementor-container elementor-column-gap-default\">\n\t\t\t\t\t<div class=\"has_ae_slider elementor-column elementor-col-100 elementor-top-column elementor-element elementor-element-e9d3706 ae-bg-gallery-type-default\" data-id=\"e9d3706\" data-element_type=\"column\" data-e-type=\"column\">\n\t\t\t<div class=\"elementor-widget-wrap elementor-element-populated\">\n\t\t\t\t\t\t<div class=\"elementor-element elementor-element-41ea554 elementor-widget elementor-widget-spacer\" data-id=\"41ea554\" data-element_type=\"widget\" data-e-type=\"widget\" data-widget_type=\"spacer.default\">\n\t\t\t\t<div class=\"elementor-widget-container\">\n\t\t\t\t\t\t\t<div class=\"elementor-spacer\">\n\t\t\t<div class=\"elementor-spacer-inner\"><\/div>\n\t\t<\/div>\n\t\t\t\t\t\t<\/div>\n\t\t\t\t<\/div>\n\t\t\t\t<div class=\"elementor-element elementor-element-ec413f5 elementor-widget elementor-widget-text-editor\" data-id=\"ec413f5\" data-element_type=\"widget\" data-e-type=\"widget\" data-widget_type=\"text-editor.default\">\n\t\t\t\t<div class=\"elementor-widget-container\">\n\t\t\t\t\t\t\t\t\t<p> En Vertical Emotions nos hemos preparado y formado para hacer frente a la pandemia de la Covid-19. Hemos tomado toda una serie de medidas generales y espec\u00edficas para prevenir contagios y hemos mejorado nuestros&nbsp; procesos de limpieza y desinfecci\u00f3n de todos los materiales y veh\u00edculos que utilizamos.<\/p>\n\t\t\t\t\t\t\t\t<\/div>\n\t\t\t\t<\/div>\n\t\t\t\t<div class=\"elementor-element elementor-element-e13eeb3 elementor-widget elementor-widget-text-editor\" data-id=\"e13eeb3\" data-element_type=\"widget\" data-e-type=\"widget\" data-widget_type=\"text-editor.default\">\n\t\t\t\t<div class=\"elementor-widget-container\">\n\t\t\t\t\t\t\t\t\t<p>\n            <img decoding=\"async\" class=\"alignleft\" style=\"font-size: 1em;\" src=\"https:\/\/cataloniaexperience.com\/wp-content\/uploads\/2020\/06\/Meilleur-baudrier-escalade-1024x684-1.jpg\" alt=\"\" width=\"480\" height=\"700\">\n          <\/p>\n<p>  Nuestros t\u00e9cnicos se est\u00e1n formando en materia de prevenci\u00f3n para la aplicaci\u00f3n de nuevos protocolos en el desarrollo de cada actividad. Todos ellos dispondr\u00e1n en su equipamiento diario de mascarilla de protecci\u00f3n y hielo hidroalcoh\u00f3lico para realizar un lavado de manos constante y habitual. La mascarilla es de obligado uso tanto para clientes como gu\u00edas, ya que en determinadas situaciones no se puede mantener la distancia de seguridad entre el participante y t\u00e9cnico. Son conocedores tambi\u00e9n de los protocolos a seguir en caso de que posibles clientes presentaran s\u00edntomas de infecci\u00f3n.<\/p>\n\t\t\t\t\t\t\t\t<\/div>\n\t\t\t\t<\/div>\n\t\t\t\t<div class=\"elementor-element elementor-element-b1020e5 elementor-widget elementor-widget-text-editor\" data-id=\"b1020e5\" data-element_type=\"widget\" data-e-type=\"widget\" data-widget_type=\"text-editor.default\">\n\t\t\t\t<div class=\"elementor-widget-container\">\n\t\t\t\t\t\t\t\t\t<p><span style=\"font-size: 1em;\">  Todos nuestros materiales y veh\u00edculos ser\u00e1n limpiados y desinfectados exhaustivamente siguiendo unas pautas de calidad y despu\u00e9s de cada uso. Cada elemento de nuestro material ser\u00e1 limpiado y desinfectado con su producto adecuado y recomendado por su fabricante, para velar por las m\u00e1ximas garant\u00edas de higiene y seguridad. En t\u00e9rminos higi\u00e9nicos dividimos todo nuestro material de actividades en tres tipos:  <\/span><strong style=\"font-size: 1em;\">Material Textil de seguridad<\/strong> <span style=\"font-size: 1em;\">(cuerdas, arneses, cabezas de anclaje, anillas, etc..),<\/span> <strong style=\"font-size: 1em;\">Material Duro de seguridad<\/strong> <span style=\"font-size: 1em;\">(Mosquetones, ochos, cascos, etc..), y<\/span> <strong style=\"font-size: 1em;\">Material Textil de NO seguridad<\/strong> <span style=\"font-size: 1em;\">(Neoprenos, escarpines, guantes, pies de gato, etc..).<\/span><\/p>\n\t\t\t\t\t\t\t\t<\/div>\n\t\t\t\t<\/div>\n\t\t\t\t<div class=\"elementor-element elementor-element-2e9c94a elementor-widget elementor-widget-text-editor\" data-id=\"2e9c94a\" data-element_type=\"widget\" data-e-type=\"widget\" data-widget_type=\"text-editor.default\">\n\t\t\t\t<div class=\"elementor-widget-container\">\n\t\t\t\t\t\t\t\t\t<p>\n            <img decoding=\"async\" class=\"alignright\" src=\"https:\/\/cataloniaexperience.com\/wp-content\/uploads\/2020\/06\/33-1252865552EnMt.jpg\" alt=\"\" width=\"380\" height=\"980\">\n          <\/p>\n<p>  Cada tipo de material tiene un proceso diferente de limpieza y desinfecci\u00f3n que conocemos y aplicamos, as\u00ed como sus productos desinfectantes espec\u00edficos.<\/p>\n<p>En cuanto a las actividades Vertical Emotions dar\u00e1 la opci\u00f3n en el proceso de reserva de realizar grupos reducidos y limitados, sin la posibilidad de juntar grupos. Participando de esta forma en el distanciamiento social.<\/p>\n<p>Y ampliar\u00e1 su pol\u00edtica de cancelaciones hasta las \u00faltimas 24 horas antes de la actividad, en actividades de un d\u00eda y durante el verano 2020.<\/p>\n\t\t\t\t\t\t\t\t<\/div>\n\t\t\t\t<\/div>\n\t\t\t\t\t<\/div>\n\t\t<\/div>\n\t\t\t\t\t<\/div>\n\t\t<\/section>\n\t\t\t\t<\/div>\n\t\t","protected":false},"excerpt":{"rendered":"<p>Medidas Contingencia COVID19 Volvemos a activar nuestros servicios: s\u00edguenos en las redes para saber qu\u00e9 actividades puedes realizar con nosotros. Dado que nos preocupa la seguridad de nuestros clientes y de nuestros trabajadores hemos preparado estas medidas de contingencia. Sigue leyendo para estar bien informado. \u2022 Uso de Mascarilla. En determinadas situaciones de las actividades &hellip; <\/p>\n<p class=\"link-more\"><a href=\"https:\/\/cataloniaexperience.com\/es\/medidas-contingencia-covid19\/\" class=\"more-link\">Seguir leyendo<span class=\"screen-reader-text\"> \u00abMedidas Contingencia COVID19\u00bb<\/span><\/a><\/p>\n","protected":false},"author":1,"featured_media":0,"parent":0,"menu_order":0,"comment_status":"closed","ping_status":"closed","template":"","meta":{"inline_featured_image":false,"_joinchat":[],"footnotes":""},"categories":[],"tags":[],"class_list":["post-45211","page","type-page","status-publish","hentry","entry"],"yoast_head":"<!-- This site is optimized with the Yoast SEO plugin v27.5 - https:\/\/yoast.com\/product\/yoast-seo-wordpress\/ -->\n<title>Medidas Contingencia COVID19 - Vertical Emotions<\/title>\n<meta name=\"robots\" content=\"index, follow, max-snippet:-1, max-image-preview:large, max-video-preview:-1\" \/>\n<link rel=\"canonical\" href=\"https:\/\/cataloniaexperience.com\/es\/medidas-contingencia-covid19\/\" \/>\n<meta property=\"og:locale\" content=\"es_ES\" \/>\n<meta property=\"og:type\" content=\"article\" \/>\n<meta property=\"og:title\" content=\"Medidas Contingencia COVID19 - Vertical Emotions\" \/>\n<meta property=\"og:description\" content=\"Medidas Contingencia COVID19 Volvemos a activar nuestros servicios: s\u00edguenos en las redes para saber qu\u00e9 actividades puedes realizar con nosotros. Dado que nos preocupa la seguridad de nuestros clientes y de nuestros trabajadores hemos preparado estas medidas de contingencia. Sigue leyendo para estar bien informado. \u2022 Uso de Mascarilla. En determinadas situaciones de las actividades &hellip; Seguir leyendo \u00abMedidas Contingencia COVID19\u00bb\" \/>\n<meta property=\"og:url\" content=\"https:\/\/cataloniaexperience.com\/es\/medidas-contingencia-covid19\/\" \/>\n<meta property=\"og:site_name\" content=\"Vertical Emotions\" \/>\n<meta property=\"article:publisher\" content=\"https:\/\/www.facebook.com\/verticalemotions\" \/>\n<meta property=\"og:image\" content=\"https:\/\/cataloniaexperience.com\/wp-content\/uploads\/2020\/06\/Infografia-covid19-576x1024.jpg\" \/>\n<meta name=\"twitter:card\" content=\"summary_large_image\" \/>\n<meta name=\"twitter:label1\" content=\"Tiempo de lectura\" \/>\n\t<meta name=\"twitter:data1\" content=\"3 minutos\" \/>\n<script type=\"application\/ld+json\" class=\"yoast-schema-graph\">{\"@context\":\"https:\\\/\\\/schema.org\",\"@graph\":[{\"@type\":\"WebPage\",\"@id\":\"https:\\\/\\\/cataloniaexperience.com\\\/es\\\/medidas-contingencia-covid19\\\/\",\"url\":\"https:\\\/\\\/cataloniaexperience.com\\\/es\\\/medidas-contingencia-covid19\\\/\",\"name\":\"Medidas Contingencia COVID19 - Vertical Emotions\",\"isPartOf\":{\"@id\":\"https:\\\/\\\/cataloniaexperience.com\\\/#website\"},\"primaryImageOfPage\":{\"@id\":\"https:\\\/\\\/cataloniaexperience.com\\\/es\\\/medidas-contingencia-covid19\\\/#primaryimage\"},\"image\":{\"@id\":\"https:\\\/\\\/cataloniaexperience.com\\\/es\\\/medidas-contingencia-covid19\\\/#primaryimage\"},\"thumbnailUrl\":\"https:\\\/\\\/cataloniaexperience.com\\\/wp-content\\\/uploads\\\/2020\\\/06\\\/Infografia-covid19-576x1024.jpg\",\"datePublished\":\"2024-07-25T07:35:57+00:00\",\"breadcrumb\":{\"@id\":\"https:\\\/\\\/cataloniaexperience.com\\\/es\\\/medidas-contingencia-covid19\\\/#breadcrumb\"},\"inLanguage\":\"es\",\"potentialAction\":[{\"@type\":\"ReadAction\",\"target\":[\"https:\\\/\\\/cataloniaexperience.com\\\/es\\\/medidas-contingencia-covid19\\\/\"]}]},{\"@type\":\"ImageObject\",\"inLanguage\":\"es\",\"@id\":\"https:\\\/\\\/cataloniaexperience.com\\\/es\\\/medidas-contingencia-covid19\\\/#primaryimage\",\"url\":\"https:\\\/\\\/cataloniaexperience.com\\\/wp-content\\\/uploads\\\/2020\\\/06\\\/Infografia-covid19-576x1024.jpg\",\"contentUrl\":\"https:\\\/\\\/cataloniaexperience.com\\\/wp-content\\\/uploads\\\/2020\\\/06\\\/Infografia-covid19-576x1024.jpg\"},{\"@type\":\"BreadcrumbList\",\"@id\":\"https:\\\/\\\/cataloniaexperience.com\\\/es\\\/medidas-contingencia-covid19\\\/#breadcrumb\",\"itemListElement\":[{\"@type\":\"ListItem\",\"position\":1,\"name\":\"Inici\",\"item\":\"https:\\\/\\\/cataloniaexperience.com\\\/es\\\/\"},{\"@type\":\"ListItem\",\"position\":2,\"name\":\"Medidas Contingencia COVID19\"}]},{\"@type\":\"WebSite\",\"@id\":\"https:\\\/\\\/cataloniaexperience.com\\\/#website\",\"url\":\"https:\\\/\\\/cataloniaexperience.com\\\/\",\"name\":\"Vertical Emotions\",\"description\":\"Vertical Emotions\",\"publisher\":{\"@id\":\"https:\\\/\\\/cataloniaexperience.com\\\/#organization\"},\"potentialAction\":[{\"@type\":\"SearchAction\",\"target\":{\"@type\":\"EntryPoint\",\"urlTemplate\":\"https:\\\/\\\/cataloniaexperience.com\\\/?s={search_term_string}\"},\"query-input\":{\"@type\":\"PropertyValueSpecification\",\"valueRequired\":true,\"valueName\":\"search_term_string\"}}],\"inLanguage\":\"es\"},{\"@type\":\"Organization\",\"@id\":\"https:\\\/\\\/cataloniaexperience.com\\\/#organization\",\"name\":\"Vertical Emotions\",\"url\":\"https:\\\/\\\/cataloniaexperience.com\\\/\",\"logo\":{\"@type\":\"ImageObject\",\"inLanguage\":\"es\",\"@id\":\"https:\\\/\\\/cataloniaexperience.com\\\/#\\\/schema\\\/logo\\\/image\\\/\",\"url\":\"http:\\\/\\\/verticalemotions.com\\\/wp-content\\\/uploads\\\/2020\\\/02\\\/vertical_emotions_logo_plantilla_web.jpg\",\"contentUrl\":\"http:\\\/\\\/verticalemotions.com\\\/wp-content\\\/uploads\\\/2020\\\/02\\\/vertical_emotions_logo_plantilla_web.jpg\",\"width\":600,\"height\":116,\"caption\":\"Vertical Emotions\"},\"image\":{\"@id\":\"https:\\\/\\\/cataloniaexperience.com\\\/#\\\/schema\\\/logo\\\/image\\\/\"},\"sameAs\":[\"https:\\\/\\\/www.facebook.com\\\/verticalemotions\",\"https:\\\/\\\/www.instagram.com\\\/verticalemotions\\\/\"]}]}<\/script>\n<!-- \/ Yoast SEO plugin. -->","yoast_head_json":{"title":"Medidas Contingencia COVID19 - Vertical Emotions","robots":{"index":"index","follow":"follow","max-snippet":"max-snippet:-1","max-image-preview":"max-image-preview:large","max-video-preview":"max-video-preview:-1"},"canonical":"https:\/\/cataloniaexperience.com\/es\/medidas-contingencia-covid19\/","og_locale":"es_ES","og_type":"article","og_title":"Medidas Contingencia COVID19 - Vertical Emotions","og_description":"Medidas Contingencia COVID19 Volvemos a activar nuestros servicios: s\u00edguenos en las redes para saber qu\u00e9 actividades puedes realizar con nosotros. Dado que nos preocupa la seguridad de nuestros clientes y de nuestros trabajadores hemos preparado estas medidas de contingencia. Sigue leyendo para estar bien informado. \u2022 Uso de Mascarilla. En determinadas situaciones de las actividades &hellip; Seguir leyendo \u00abMedidas Contingencia COVID19\u00bb","og_url":"https:\/\/cataloniaexperience.com\/es\/medidas-contingencia-covid19\/","og_site_name":"Vertical Emotions","article_publisher":"https:\/\/www.facebook.com\/verticalemotions","og_image":[{"url":"https:\/\/cataloniaexperience.com\/wp-content\/uploads\/2020\/06\/Infografia-covid19-576x1024.jpg","type":"","width":"","height":""}],"twitter_card":"summary_large_image","twitter_misc":{"Tiempo de lectura":"3 minutos"},"schema":{"@context":"https:\/\/schema.org","@graph":[{"@type":"WebPage","@id":"https:\/\/cataloniaexperience.com\/es\/medidas-contingencia-covid19\/","url":"https:\/\/cataloniaexperience.com\/es\/medidas-contingencia-covid19\/","name":"Medidas Contingencia COVID19 - Vertical Emotions","isPartOf":{"@id":"https:\/\/cataloniaexperience.com\/#website"},"primaryImageOfPage":{"@id":"https:\/\/cataloniaexperience.com\/es\/medidas-contingencia-covid19\/#primaryimage"},"image":{"@id":"https:\/\/cataloniaexperience.com\/es\/medidas-contingencia-covid19\/#primaryimage"},"thumbnailUrl":"https:\/\/cataloniaexperience.com\/wp-content\/uploads\/2020\/06\/Infografia-covid19-576x1024.jpg","datePublished":"2024-07-25T07:35:57+00:00","breadcrumb":{"@id":"https:\/\/cataloniaexperience.com\/es\/medidas-contingencia-covid19\/#breadcrumb"},"inLanguage":"es","potentialAction":[{"@type":"ReadAction","target":["https:\/\/cataloniaexperience.com\/es\/medidas-contingencia-covid19\/"]}]},{"@type":"ImageObject","inLanguage":"es","@id":"https:\/\/cataloniaexperience.com\/es\/medidas-contingencia-covid19\/#primaryimage","url":"https:\/\/cataloniaexperience.com\/wp-content\/uploads\/2020\/06\/Infografia-covid19-576x1024.jpg","contentUrl":"https:\/\/cataloniaexperience.com\/wp-content\/uploads\/2020\/06\/Infografia-covid19-576x1024.jpg"},{"@type":"BreadcrumbList","@id":"https:\/\/cataloniaexperience.com\/es\/medidas-contingencia-covid19\/#breadcrumb","itemListElement":[{"@type":"ListItem","position":1,"name":"Inici","item":"https:\/\/cataloniaexperience.com\/es\/"},{"@type":"ListItem","position":2,"name":"Medidas Contingencia COVID19"}]},{"@type":"WebSite","@id":"https:\/\/cataloniaexperience.com\/#website","url":"https:\/\/cataloniaexperience.com\/","name":"Vertical Emotions","description":"Vertical Emotions","publisher":{"@id":"https:\/\/cataloniaexperience.com\/#organization"},"potentialAction":[{"@type":"SearchAction","target":{"@type":"EntryPoint","urlTemplate":"https:\/\/cataloniaexperience.com\/?s={search_term_string}"},"query-input":{"@type":"PropertyValueSpecification","valueRequired":true,"valueName":"search_term_string"}}],"inLanguage":"es"},{"@type":"Organization","@id":"https:\/\/cataloniaexperience.com\/#organization","name":"Vertical Emotions","url":"https:\/\/cataloniaexperience.com\/","logo":{"@type":"ImageObject","inLanguage":"es","@id":"https:\/\/cataloniaexperience.com\/#\/schema\/logo\/image\/","url":"http:\/\/verticalemotions.com\/wp-content\/uploads\/2020\/02\/vertical_emotions_logo_plantilla_web.jpg","contentUrl":"http:\/\/verticalemotions.com\/wp-content\/uploads\/2020\/02\/vertical_emotions_logo_plantilla_web.jpg","width":600,"height":116,"caption":"Vertical Emotions"},"image":{"@id":"https:\/\/cataloniaexperience.com\/#\/schema\/logo\/image\/"},"sameAs":["https:\/\/www.facebook.com\/verticalemotions","https:\/\/www.instagram.com\/verticalemotions\/"]}]}},"_links":{"self":[{"href":"https:\/\/cataloniaexperience.com\/es\/wp-json\/wp\/v2\/pages\/45211","targetHints":{"allow":["GET"]}}],"collection":[{"href":"https:\/\/cataloniaexperience.com\/es\/wp-json\/wp\/v2\/pages"}],"about":[{"href":"https:\/\/cataloniaexperience.com\/es\/wp-json\/wp\/v2\/types\/page"}],"author":[{"embeddable":true,"href":"https:\/\/cataloniaexperience.com\/es\/wp-json\/wp\/v2\/users\/1"}],"replies":[{"embeddable":true,"href":"https:\/\/cataloniaexperience.com\/es\/wp-json\/wp\/v2\/comments?post=45211"}],"version-history":[{"count":0,"href":"https:\/\/cataloniaexperience.com\/es\/wp-json\/wp\/v2\/pages\/45211\/revisions"}],"wp:attachment":[{"href":"https:\/\/cataloniaexperience.com\/es\/wp-json\/wp\/v2\/media?parent=45211"}],"wp:term":[{"taxonomy":"category","embeddable":true,"href":"https:\/\/cataloniaexperience.com\/es\/wp-json\/wp\/v2\/categories?post=45211"},{"taxonomy":"post_tag","embeddable":true,"href":"https:\/\/cataloniaexperience.com\/es\/wp-json\/wp\/v2\/tags?post=45211"}],"curies":[{"name":"wp","href":"https:\/\/api.w.org\/{rel}","templated":true}]}}